{"id":983,"date":"2022-05-30T10:50:25","date_gmt":"2022-05-30T10:50:25","guid":{"rendered":"https:\/\/imarsl.com\/politica-de-privacidad\/"},"modified":"2022-05-30T10:50:25","modified_gmt":"2022-05-30T10:50:25","slug":"politica-de-privacidad","status":"publish","type":"page","link":"https:\/\/imarsl.com\/fr\/politica-de-privacidad\/","title":{"rendered":"POL\u00cdTICA DE PRIVACIDAD"},"content":{"rendered":"<p>[vc_row full_width=\u00a0\u00bbstretch_row\u00a0\u00bb equal_height=\u00a0\u00bbyes\u00a0\u00bb content_placement=\u00a0\u00bbmiddle\u00a0\u00bb css=\u00a0\u00bb.vc_custom_1653907824549{background-color: #fa7226 !important;background-position: center !important;background-repeat: no-repeat !important;background-size: cover !important;}\u00a0\u00bb][vc_column][vc_row_inner][vc_column_inner][vc_empty_space height=\u00a0\u00bb50px\u00a0\u00bb][\/vc_column_inner][\/vc_row_inner][vc_column_text]<\/p>\n<h1 style=\"text-align: left;\"><strong>POL\u00cdTICA DE PRIVACIDAD<\/strong><\/h1>\n<p>[\/vc_column_text][vc_empty_space height=\u00a0\u00bb50px\u00a0\u00bb][\/vc_column][\/vc_row][vc_row][vc_column][vc_column_text]<strong>DATOS DEL PROPIETARIO DE LA WEB<\/strong><\/p>\n<ul>\n<li>Raz\u00f3n social: IMAR S.L.<\/li>\n<li>NIF: B17220419<\/li>\n<li>DIRECCI\u00d3N POSTAL: Pol\u00edgono industrial Pont Cremat, 1. 17401, Arb\u00facies (Girona) 17401, Arb\u00facies (Girona)<\/li>\n<li>DIRECCI\u00d3N ELECTR\u00d3NICA: <a href=\"mailto:imar@imarsl.com\">imar@imarsl.com<\/a><\/li>\n<li>TEL\u00c9FONO: 972860437<\/li>\n<li>OBJETO PRINCIPAL: Cableado el\u00e9ctrico<\/li>\n<\/ul>\n<p>&nbsp;<\/p>\n<p><strong>PROTECCI\u00d3N DE DATOS<\/strong><\/p>\n<p>De conformidad con la normativa vigente y aplicable en protecci\u00f3n de datos de car\u00e1cter personal, le informamos que sus datos ser\u00e1n incorporados a sistema de tratamiento titularidad de IMAR SL con NIF B17220419 y domicilio social situado en Pol. Industrial Pont Cremat, 1 17401, Arb\u00facies (Girona), y que a continuaci\u00f3n se relacionan sus respectivas finalidades, plazos de conservaci\u00f3n y bases legitimadoras. Para aquellos tratamientos que lo requieran, se informa tambi\u00e9n de la posible elaboraci\u00f3n de perfiles y decisiones automatizadas, as\u00ed como las posibles cesiones y transferencias internacionales que IMAR SL tiene previsto realizar:<\/p>\n<ul>\n<li>GESTI\u00d3N DE LA P\u00c0GINA WEB\n<ul>\n<li><strong>Finalidad<\/strong>: Tratamiento y gesti\u00f3n de los datos necesarios para la funcionalidad de la p\u00e1gina web.<\/li>\n<li><strong>Plazo de conservaci\u00f3n:<\/strong>Mientras perdure el consentimiento prestado.<\/li>\n<li><strong>Base leg\u00edtima:<\/strong> Consentimiento del interesado.<\/li>\n<li><strong>Tipolog\u00eda de datos:<\/strong> Datos meramente identificativos.<\/li>\n<\/ul>\n<\/li>\n<li>FORMULARIO WEB:\n<ul>\n<li><strong>Finalidad<\/strong>: Atender sus consultas y\/o solicitudes.<\/li>\n<li><strong>Plazo de conservaci\u00f3n:<\/strong>mientras se mantenga el consentimiento prestado.<\/li>\n<li><strong>Base leg\u00edtima:<\/strong> Consentimiento del interesado.<\/li>\n<li><strong>Tipolog\u00eda de datos:<\/strong> Datos meramente identificativos.<\/li>\n<\/ul>\n<\/li>\n<li>GESTI\u00d3N DEL CUMPLIMIENTO NORMATIVO\n<ul>\n<li><strong>Finalidad<\/strong>: Gesti\u00f3n y tramitaci\u00f3n de las obligaciones y deberes que se deriven del cumplimiento de la normativa a la que est\u00e1 sujeto la entidad.<\/li>\n<li><strong>Plazo de conservaci\u00f3n:<\/strong> Conservaci\u00f3n de las copias de los documentos hasta que prescriban las acciones para reclamar una posible responsabilidad.<\/li>\n<li><strong>Base leg\u00edtima:<\/strong> El cumplimiento de una ley.<\/li>\n<li><strong>Tipolog\u00eda de datos:<\/strong> Datos meramente identificativos.<\/li>\n<li><strong>Cesiones<\/strong>: Sus datos ser\u00e1n comunicados en caso de ser necesario a Organismos y\/o administraci\u00f3n p\u00fablica con competencia en la materia con el fin de cumplir con las obligaciones establecidas en la normativa aplicable. Asimismo, se informa que la base legitimadora de la cesi\u00f3n es cumplir con las obligaciones establecidas en la normativa aplicable.<\/li>\n<\/ul>\n<\/li>\n<li>ACCIONES COMERCIALES\n<ul>\n<li><strong>Finalidad<\/strong>: Captaci\u00f3n, registro y tratamiento de datos con fines de publicidad y prospecci\u00f3n comercial de nuestros productos y\/o servicios.<\/li>\n<li><strong>Plazo de conservaci\u00f3n:<\/strong> Mientras se mantenga el consentimiento prestado.<\/li>\n<li><strong>Base leg\u00edtima<\/strong>: El consentimiento del interesado.<\/li>\n<li><strong>Tipolog\u00eda de datos:<\/strong>Datos meramente identificativos.<\/li>\n<\/ul>\n<\/li>\n<\/ul>\n<p>&nbsp;<\/p>\n<p><strong>DERECHOS DE LOS INTERESADOS<\/strong><\/p>\n<p>IMAR SL informa a los Usuarios que, podr\u00e1 ejercitar los derechos de acceso, rectificaci\u00f3n, limitaci\u00f3n, supresi\u00f3n, portabilidad y oposici\u00f3n al tratamiento de sus datos de car\u00e1cter personal ante el Responsable de Tratamiento, as\u00ed como a la retirada del consentimiento prestado.<\/p>\n<ul>\n<li><strong>Derecho de acceso:<\/strong> es el derecho del usuario a obtener informaci\u00f3n sobre sus datos concretos de car\u00e1cter personal y de tratamiento que se haya realizado o realice, as\u00ed como de la informaci\u00f3n disponible sobre el origen de estos datos y las comunicaciones realizadas o previstas de los mismos.<\/li>\n<li><strong>Derecho de Rectificaci\u00f3n<\/strong>: Es el derecho del afectado a que se modifiquen los datos que resulten ser inexactos o incompletos. S\u00f3lo podr\u00e1 satisfacerse en relaci\u00f3n a aquella informaci\u00f3n que se encuentre bajo el control de IMAR SL, por ejemplo, eliminar comentarios publicados en la propia p\u00e1gina, im\u00e1genes o contenidos web donde consten datos de car\u00e1cter personal del usuario.<\/li>\n<li><strong>Derecho a la Limitaci\u00f3n de tratamiento:<\/strong>Es el derecho a que se limiten los jefes del tratamiento previstos de forma original por el responsable del tratamiento.<\/li>\n<li><strong>Derecho de supresi\u00f3n:<\/strong>Es el derecho a suprimir los datos de car\u00e1cter personal del usuario, a excepci\u00f3n de lo que prev\u00e9 el propio RGPD o en otras normativas aplicables que determinen la obligatoriedad de la conservaci\u00f3n de los mismos, en tiempo y forma.<\/li>\n<li><strong>Derecho de portabilidad<\/strong>: El derecho a recibir los datos personales que el usuario, haya facilitado, en un formato estructurado, de uso com\u00fan y lectura mec\u00e1nica, y transmitirlos a otro responsable.<\/li>\n<li><strong>Derecho de Oposici\u00f3n:<\/strong>Es el derecho del usuario a que no se lleve a cabo el tratamiento de sus datos de car\u00e1cter personal o se cese el tratamiento de los mismos por parte de IMAR SL.<\/li>\n<\/ul>\n<p>&nbsp;<\/p>\n<p>Para poder ejercer cualquiera de los derechos descritos anteriormente debe cumplir los siguientes requisitos:<\/p>\n<ul>\n<li>Presentaci\u00f3n de un escrito en la direcci\u00f3n Pol. Industrial Pont Cremat, 1 17401, Arb\u00facies (Girona) (a la atenci\u00f3n de IMAR SANT HILARI, SL) o bien a trav\u00e9s del correo electr\u00f3nico imar@imarsl.com. <a href=\"mailto:imar@imarsl.com\"><strong>imar@imarsl.com<\/strong><\/a>.<\/li>\n<li>El escrito remitido por el titular de los datos que solicite el ejercicio deber\u00e1 cumplir los siguientes requisitos legales:\n<ul>\n<li>Nombre, apellidos del interesado y copia del DNI\/NIE o cualquier documento identificativo. En los excepcionales casos en los que se admita la representaci\u00f3n, ser\u00e1 tambi\u00e9n necesaria la identificaci\u00f3n por el mismo medio de la persona que lo representa, as\u00ed como el documento acreditativo de la representaci\u00f3n. La fotocopia del DNI podr\u00e1 ser sustituida siempre que se acredite su identidad por cualquier otro medio v\u00e1lido en derecho.<\/li>\n<li>Petici\u00f3n en la que se concreta la solicitud. (Ejercicio en el que se solicita la informaci\u00f3n a la que se desea acceder). Si no hace referencia a un archivo concreto se le facilitar\u00e1 toda la informaci\u00f3n que se tenga con sus datos de car\u00e1cter personal. Si solicita informaci\u00f3n de un archivo en concreto, s\u00f3lo la informaci\u00f3n de ese archivo. Si solicita informaci\u00f3n relativa a un tercero nunca se podr\u00e1 facilitar. Si lo solicita por tel\u00e9fono se le indicar\u00e1 que lo haga por escrito y se le informar\u00e1 de c\u00f3mo puede hacerlo y la direcci\u00f3n a la que debe enviarlo. Nunca se le dar\u00e1 informaci\u00f3n por tel\u00e9fono.<\/li>\n<li>Domicilio a efectos de notificaciones.<\/li>\n<li>o Fecha y firma de la persona solicitante.<\/li>\n<li>o Documentos acreditativos de la petici\u00f3n que formula.<\/li>\n<li>El interesado debe utilizar cualquier medio que permita acreditar el env\u00edo y la recepci\u00f3n de la solicitud.<\/li>\n<\/ul>\n<\/li>\n<\/ul>\n<p>&nbsp;<\/p>\n<p>Por \u00faltimo, le informamos que usted tiene derecho a presentar una reclamaci\u00f3n ante la Agencia Espa\u00f1ola de Protecci\u00f3n de Datos en caso de que tenga conocimiento o considere que un hecho pueda suponer un incumplimiento de la normativa aplicable en materia de protecci\u00f3n de datos.<\/p>\n<p>IMAR SL se compromete a adoptar las medidas t\u00e9cnicas y organizativas necesarias, de acuerdo con el nivel de riesgos que acompa\u00f1an a los tratamientos realizados por \u00e9stas e indicados en el apartado de los t\u00e9rminos y condiciones de uso, de forma que garanticen su integridad, confidencialidad y disponibilidad.<\/p>\n<p>[\/vc_column_text][\/vc_column][\/vc_row]<\/p>\n","protected":false},"excerpt":{"rendered":"<p>[vc_row full_width=\u00a0\u00bbstretch_row\u00a0\u00bb equal_height=\u00a0\u00bbyes\u00a0\u00bb content_placement=\u00a0\u00bbmiddle\u00a0\u00bb css=\u00a0\u00bb.vc_custom_1653907824549{background-color: #fa7226 !important;background-position: center !important;background-repeat: no-repeat !important;background-size: cover !important;}\u00a0\u00bb][vc_column][vc_row_inner][vc_column_inner][vc_empty_space height=\u00a0\u00bb50px\u00a0\u00bb][\/vc_column_inner][\/vc_row_inner][vc_column_text] POL\u00cdTICA DE PRIVACIDAD [\/vc_column_text][vc_empty_space height=\u00a0\u00bb50px\u00a0\u00bb][\/vc_column][\/vc_row][vc_row][vc_column][vc_column_text]DATOS DEL PROPIETARIO DE LA WEB Raz\u00f3n social:<span class=\"excerpt-hellip\"> [\u2026]<\/span><\/p>\n","protected":false},"author":3,"featured_media":645,"parent":0,"menu_order":0,"comment_status":"closed","ping_status":"closed","template":"","meta":{"footnotes":""},"class_list":["post-983","page","type-page","status-publish","has-post-thumbnail","hentry"],"_links":{"self":[{"href":"https:\/\/imarsl.com\/fr\/wp-json\/wp\/v2\/pages\/983"}],"collection":[{"href":"https:\/\/imarsl.com\/fr\/wp-json\/wp\/v2\/pages"}],"about":[{"href":"https:\/\/imarsl.com\/fr\/wp-json\/wp\/v2\/types\/page"}],"author":[{"embeddable":true,"href":"https:\/\/imarsl.com\/fr\/wp-json\/wp\/v2\/users\/3"}],"replies":[{"embeddable":true,"href":"https:\/\/imarsl.com\/fr\/wp-json\/wp\/v2\/comments?post=983"}],"version-history":[{"count":0,"href":"https:\/\/imarsl.com\/fr\/wp-json\/wp\/v2\/pages\/983\/revisions"}],"wp:featuredmedia":[{"embeddable":true,"href":"https:\/\/imarsl.com\/fr\/wp-json\/wp\/v2\/media\/645"}],"wp:attachment":[{"href":"https:\/\/imarsl.com\/fr\/wp-json\/wp\/v2\/media?parent=983"}],"curies":[{"name":"wp","href":"https:\/\/api.w.org\/{rel}","templated":true}]}}