{"id":975,"date":"2022-05-30T10:45:21","date_gmt":"2022-05-30T10:45:21","guid":{"rendered":"https:\/\/imarsl.com\/aviso-legal\/"},"modified":"2022-07-01T11:20:00","modified_gmt":"2022-07-01T11:20:00","slug":"aviso-legal","status":"publish","type":"page","link":"https:\/\/imarsl.com\/fr\/aviso-legal\/","title":{"rendered":"AVISO LEGAL"},"content":{"rendered":"<p>[vc_row full_width=\u00a0\u00bbstretch_row\u00a0\u00bb equal_height=\u00a0\u00bbyes\u00a0\u00bb content_placement=\u00a0\u00bbmiddle\u00a0\u00bb css=\u00a0\u00bb.vc_custom_1653990194668{background-color: #fa7226 !important;background-position: center !important;background-repeat: no-repeat !important;background-size: cover !important;}\u00a0\u00bb][vc_column][vc_row_inner][vc_column_inner][vc_empty_space height=\u00a0\u00bb50px\u00a0\u00bb][\/vc_column_inner][\/vc_row_inner][vc_column_text]<\/p>\n<h1 style=\"text-align: left;\"><strong>AVISO LEGAL<\/strong><\/h1>\n<p>[\/vc_column_text][vc_empty_space height=\u00a0\u00bb50px\u00a0\u00bb][\/vc_column][\/vc_row][vc_row][vc_column][vc_column_text]<strong>INTRODUCCI\u00d3N<\/strong><\/p>\n<p>En cumplimiento de la ley 34\/2002 de 11 de Julio, de servicios de la Sociedad de la Informaci\u00f3n y de Comercio Electr\u00f3nico (LSSI-CE), IMAR SL informa que es titular del sitio web. De acuerdo con la exigencia del art\u00edculo 10 de la citada ley, IMAR SL informa de los siguientes datos:<\/p>\n<ul>\n<li>Raz\u00f3n social: IMAR S.L.<\/li>\n<li>NIF: B17220419<\/li>\n<li>DIRECCI\u00d3N POSTAL: Pol\u00edgono industrial Pont Cremat, 1. 17401, Arb\u00facies (Girona) 17401, Arb\u00facies (Girona)<\/li>\n<li>DIRECCI\u00d3N ELECTR\u00d3NICA: <strong>imar@imarsl.com<\/strong><\/li>\n<li>TEL\u00c9FONO: 972860437<\/li>\n<li>OBJETO PRINCIPAL: Cableado el\u00e9ctrico<\/li>\n<\/ul>\n<p><strong>USUARIO Y R\u00c9GIMEN DE RESPONSABILIDADES<\/strong><\/p>\n<p>La navegaci\u00f3n, acceso y uso por el sitio web de IMAR SL confiere en la condici\u00f3n de usuario, por la que se aceptan, desde la navegaci\u00f3n por el sitio web, todas las condiciones de uso aqu\u00ed establecidas sin perjuicio de la aplicaci\u00f3n de la correspondiente normativa de obligado cumplimiento legal seg\u00fan el caso.<\/p>\n<p>El sitio web de IMAR SL proporciona gran diversidad de informaci\u00f3n, servicios y datos. El usuario asume su responsabilidad en el correcto uso del sitio web. Esta responsabilidad se extender\u00e1 a:<\/p>\n<ul>\n<li>\u2022 La veracidad y licitud de las informaciones aportadas por el usuario en los formularios extendidos por IMAR SL para el acceso a ciertos contenidos o servicios ofrecidos por la web.<\/li>\n<li>El uso de la informaci\u00f3n, servicios y datos ofrecidos por IMAR SL contrariamente a lo dispuesto por las presentes condiciones, la ley, la moral, las buenas costumbres o el orden p\u00fablico, o que de cualquier otra forma pueden suponer lesi\u00f3n de los derechos de terceros o del propio funcionamiento del sitio web.<\/li>\n<\/ul>\n<p><strong>POL\u00cdTICA DE ENLACES Y EXTENSIONES DE RESPONSABILIDAD<\/strong><\/p>\n<p>IMAR SL no se hace responsable del contenido de los sitios web a los que el usuario pueda acceder a trav\u00e9s de los enlaces establecidos en su sitio web y declara que en ning\u00fan caso proceder\u00e1 a examinar o ejercitar ning\u00fan tipo de control sobre el contenido de otros sitios de la red. Asimismo, tampoco garantizar\u00e1 la disponibilidad t\u00e9cnica, exactitud, veracidad, validez o legalidad de sitios ajenos a su propiedad, a los que se pueda acceder mediante los enlaces.<\/p>\n<p>IMAR SL declara haber adoptado todas las medidas necesarias para evitar cualquier da\u00f1o a los usuarios del sitio web, que podr\u00edan derivarse de la navegaci\u00f3n por su sitio web. En consecuencia, IMAR SL no se hace responsable, en ning\u00fan caso, de los eventuales da\u00f1os que por la navegaci\u00f3n por Internet pueda sufrir el usuario.<\/p>\n<p><strong>MODIFICACIONES<\/strong><\/p>\n<p>IMAR SL se reserva el derecho a realizar las modificaciones que considere oportunas, sin previo aviso, en el contenido de su sitio web. Tanto en lo referente a los contenidos del sitio web, como en las condiciones de uso del mismo, o en las condiciones generales de contrataci\u00f3n. Estas modificaciones podr\u00e1n realizarse a trav\u00e9s de su sitio web por cualquier forma admisible en derecho y ser\u00e1n de obligado cumplimiento durante el tiempo que se encuentren publicadas en la web y hasta que no sean modificadas v\u00e1lidamente por otras posteriores.<\/p>\n<p><strong>PROPIEDAD INTELECTUAL E INDUSTRIAL<\/strong><\/p>\n<p>IMAR SL por s\u00ed misma o como cesionaria, es titular de todos los derechos de propiedad intelectual e industrial de su p\u00e1gina web, as\u00ed como de los elementos contenidos en la misma (a t\u00edtulo enunciativo, im\u00e1genes, sonido, audio, v\u00eddeo, software o textos, marcas o logotipos, combinaciones de colores, estructura y dise\u00f1o, selecci\u00f3n de materiales usados, programas de ordenador necesarios para su funcionamiento, acceso y uso, etc.), titularidad de IMAR SL. Ser\u00e1n, por tanto, obras protegidas como propiedad intelectual por el ordenamiento jur\u00eddico espa\u00f1ol, ser\u00e1 de aplicaci\u00f3n tanto la normativa espa\u00f1ola y comunitaria en este campo, como los tratados internacionales relativos a la materia y suscritos por Espa\u00f1a.<\/p>\n<p>Todos los derechos reservados. En virtud de lo dispuesto en la Ley de Propiedad Intelectual, quedan expresamente prohibidas la reproducci\u00f3n, distribuci\u00f3n y comunicaci\u00f3n p\u00fablica, incluida su modalidad de puesta a disposici\u00f3n, de la totalidad o parte de los contenidos de esta p\u00e1gina web, con fines comerciales, en cualquier soporte y por cualquier medio t\u00e9cnico, sin la autorizaci\u00f3n de IMAR SL.<\/p>\n<p>El usuario se compromete a respetar los derechos de propiedad intelectual e industrial titularidad de IMAR SL. Podr\u00e1 visualizar los elementos del portal e incluso imprimirlos, copiarlos y almacenarlos en el disco duro de su ordenador o en cualquier otro soporte f\u00edsico siempre que sea, \u00fanica y exclusivamente, para su uso personal y privado. El usuario deber\u00e1 abstenerse de suprimir, alterar, eludir o manipular cualquier dispositivo de protecci\u00f3n o sistema de seguridad que estuviera instalado en las p\u00e1ginas de IMAR SL.<\/p>\n<p><strong>ACCIONES LEGALES, LEGISLACI\u00d3N APLICABLE Y JURISDICCI\u00d3N<\/strong><\/p>\n<p>IMAR SL se reserva asimismo la facultad de presentar las acciones civiles o penales que considere oportunas para la utilizaci\u00f3n indebida de su sitio web y contenidos, o por el incumplimiento de las presentes condiciones. La relaci\u00f3n entre el usuario y el prestamista se regir\u00e1 por la normativa vigente y de aplicaci\u00f3n en territorio espa\u00f1ol. De surgir cualquier controversia las partes podr\u00e1n someter sus conflictos a arbitraje o acudir a la jurisdicci\u00f3n ordinaria cumpliendo con las normas sobre jurisdicci\u00f3n y competencia al respecto. IMAR SL tiene su domicilio en GIRONA, Espa\u00f1a. Los contratos celebrados por v\u00eda electr\u00f3nica en los que intervenga como parte un consumidor se presumir\u00e1 celebrados en el lugar en que \u00e9ste tenga su residencia habitual. Los contratos electr\u00f3nicos entre empresarios o profesionales, en defecto de pacto entre las partes, se presumir\u00e1n celebrados en el lugar en el que est\u00e9 establecido el prestador de servicios.[\/vc_column_text][\/vc_column][\/vc_row]<\/p>\n","protected":false},"excerpt":{"rendered":"<p>[vc_row full_width=\u00a0\u00bbstretch_row\u00a0\u00bb equal_height=\u00a0\u00bbyes\u00a0\u00bb content_placement=\u00a0\u00bbmiddle\u00a0\u00bb css=\u00a0\u00bb.vc_custom_1653990194668{background-color: #fa7226 !important;background-position: center !important;background-repeat: no-repeat !important;background-size: cover !important;}\u00a0\u00bb][vc_column][vc_row_inner][vc_column_inner][vc_empty_space height=\u00a0\u00bb50px\u00a0\u00bb][\/vc_column_inner][\/vc_row_inner][vc_column_text] AVISO LEGAL [\/vc_column_text][vc_empty_space height=\u00a0\u00bb50px\u00a0\u00bb][\/vc_column][\/vc_row][vc_row][vc_column][vc_column_text]INTRODUCCI\u00d3N En cumplimiento de la ley 34\/2002 de 11<span class=\"excerpt-hellip\"> [\u2026]<\/span><\/p>\n","protected":false},"author":3,"featured_media":645,"parent":0,"menu_order":0,"comment_status":"closed","ping_status":"closed","template":"","meta":{"footnotes":""},"class_list":["post-975","page","type-page","status-publish","has-post-thumbnail","hentry"],"_links":{"self":[{"href":"https:\/\/imarsl.com\/fr\/wp-json\/wp\/v2\/pages\/975"}],"collection":[{"href":"https:\/\/imarsl.com\/fr\/wp-json\/wp\/v2\/pages"}],"about":[{"href":"https:\/\/imarsl.com\/fr\/wp-json\/wp\/v2\/types\/page"}],"author":[{"embeddable":true,"href":"https:\/\/imarsl.com\/fr\/wp-json\/wp\/v2\/users\/3"}],"replies":[{"embeddable":true,"href":"https:\/\/imarsl.com\/fr\/wp-json\/wp\/v2\/comments?post=975"}],"version-history":[{"count":2,"href":"https:\/\/imarsl.com\/fr\/wp-json\/wp\/v2\/pages\/975\/revisions"}],"predecessor-version":[{"id":979,"href":"https:\/\/imarsl.com\/fr\/wp-json\/wp\/v2\/pages\/975\/revisions\/979"}],"wp:featuredmedia":[{"embeddable":true,"href":"https:\/\/imarsl.com\/fr\/wp-json\/wp\/v2\/media\/645"}],"wp:attachment":[{"href":"https:\/\/imarsl.com\/fr\/wp-json\/wp\/v2\/media?parent=975"}],"curies":[{"name":"wp","href":"https:\/\/api.w.org\/{rel}","templated":true}]}}