{"id":947,"date":"2022-05-30T10:40:05","date_gmt":"2022-05-30T10:40:05","guid":{"rendered":"https:\/\/imarsl.com\/contact-imar\/"},"modified":"2022-07-01T10:32:47","modified_gmt":"2022-07-01T10:32:47","slug":"contact-imar","status":"publish","type":"page","link":"https:\/\/imarsl.com\/fr\/contact-imar\/","title":{"rendered":"CONTACT IMAR"},"content":{"rendered":"<p>[vc_row full_width=\u00a0\u00bbstretch_row_content\u00a0\u00bb equal_height=\u00a0\u00bbyes\u00a0\u00bb content_placement=\u00a0\u00bbmiddle\u00a0\u00bb css=\u00a0\u00bb.vc_custom_1653905420404{background-image: url(https:\/\/imarsl.com\/wp-content\/uploads\/2022\/05\/IMAR-AREA1.jpg?id=403) !important;background-position: center !important;background-repeat: no-repeat !important;background-size: cover !important;}\u00a0\u00bb][vc_column width=\u00a0\u00bb1\/2&Prime; offset=\u00a0\u00bbvc_hidden-sm vc_hidden-xs\u00a0\u00bb][vc_row_inner][vc_column_inner][vc_empty_space height=\u00a0\u00bb100px\u00a0\u00bb][\/vc_column_inner][\/vc_row_inner][\/vc_column][vc_column width=\u00a0\u00bb1\/2&Prime; offset=\u00a0\u00bbvc_hidden-sm vc_hidden-xs\u00a0\u00bb][vc_empty_space height=\u00a0\u00bb50px\u00a0\u00bb][vc_column_text]<\/p>\n<h1 style=\"text-align: center;\"><span style=\"color: #fa7226;\">Comment pouvons-nous vous aider ?<\/span><\/h1>\n<p>[\/vc_column_text][vc_column_text]<\/p>\n<h3 style=\"text-align: center;\"><strong>Nous savons que l\u2019ing\u00e9nierie d&rsquo;installations et l&rsquo;efficacit\u00e9 \u00e9nerg\u00e9tique pour l&rsquo;habitat, l&rsquo;industrie et le tertiaire, est b\u00e9n\u00e9fique pour tous.<\/strong><\/h3>\n<h3 style=\"text-align: center;\"><strong>Vous avez des questions ? Vous souhaitez un devis sur mesure ?<\/strong><\/h3>\n<h3 style=\"text-align: center;\"><strong>Renseignez le formulaire et parlez-nous de votre projet.<\/strong><\/h3>\n<p>[\/vc_column_text][vc_empty_space height=\u00a0\u00bb50px\u00a0\u00bb][\/vc_column][\/vc_row][vc_row full_width=\u00a0\u00bbstretch_row_content\u00a0\u00bb equal_height=\u00a0\u00bbyes\u00a0\u00bb content_placement=\u00a0\u00bbmiddle\u00a0\u00bb css=\u00a0\u00bb.vc_custom_1653905420404{background-image: url(https:\/\/imarsl.com\/wp-content\/uploads\/2022\/05\/IMAR-AREA1.jpg?id=403) !important;background-position: center !important;background-repeat: no-repeat !important;background-size: cover !important;}\u00a0\u00bb][vc_column offset=\u00a0\u00bbvc_hidden-lg vc_hidden-md\u00a0\u00bb][vc_empty_space height=\u00a0\u00bb50px\u00a0\u00bb][vc_column_text]<\/p>\n<h1 style=\"text-align: center;\"><span style=\"color: #fa7226;\">Comment pouvons-nous vous aider ?<\/span><\/h1>\n<p>[\/vc_column_text][vc_column_text]<\/p>\n<h3 style=\"text-align: center;\"><strong>Nous savons que l\u2019ing\u00e9nierie d&rsquo;installations et l&rsquo;efficacit\u00e9 \u00e9nerg\u00e9tique pour l&rsquo;habitat, l&rsquo;industrie et le tertiaire, est b\u00e9n\u00e9fique pour tous.<\/strong><\/h3>\n<h3 style=\"text-align: center;\"><strong>Vous avez des questions ? Vous souhaitez un devis sur mesure ?<\/strong><\/h3>\n<h3 style=\"text-align: center;\"><strong>Renseignez le formulaire et parlez-nous de votre projet.<\/strong><\/h3>\n<p>[\/vc_column_text][vc_empty_space height=\u00a0\u00bb50px\u00a0\u00bb][\/vc_column][\/vc_row][vc_row full_width=\u00a0\u00bbstretch_row\u00a0\u00bb equal_height=\u00a0\u00bbyes\u00a0\u00bb content_placement=\u00a0\u00bbmiddle\u00a0\u00bb css=\u00a0\u00bb.vc_custom_1653906946108{background-color: #f9ddca !important;background-position: center !important;background-repeat: no-repeat !important;background-size: cover !important;}\u00a0\u00bb][vc_column][vc_empty_space height=\u00a0\u00bb30px\u00a0\u00bb][vc_row_inner][vc_column_inner]\n<div class=\"wpcf7 no-js\" id=\"wpcf7-f950-o1\" lang=\"fr-FR\" dir=\"ltr\" data-wpcf7-id=\"950\">\n<div class=\"screen-reader-response\"><p role=\"status\" aria-live=\"polite\" aria-atomic=\"true\"><\/p> <ul><\/ul><\/div>\n<form action=\"\/fr\/wp-json\/wp\/v2\/pages\/947#wpcf7-f950-o1\" method=\"post\" class=\"wpcf7-form init\" aria-label=\"Formulaire de contact\" novalidate=\"novalidate\" data-status=\"init\">\n<div style=\"display: none;\">\n<input type=\"hidden\" name=\"_wpcf7\" value=\"950\" \/>\n<input type=\"hidden\" name=\"_wpcf7_version\" value=\"6.0.6\" \/>\n<input type=\"hidden\" name=\"_wpcf7_locale\" value=\"fr_FR\" \/>\n<input type=\"hidden\" name=\"_wpcf7_unit_tag\" value=\"wpcf7-f950-o1\" \/>\n<input type=\"hidden\" name=\"_wpcf7_container_post\" value=\"0\" \/>\n<input type=\"hidden\" name=\"_wpcf7_posted_data_hash\" value=\"\" \/>\n<\/div>\n<p><label> Nom et pr\u00e9nom *<br \/>\n<span class=\"wpcf7-form-control-wrap\" data-name=\"your-name\"><input size=\"40\" maxlength=\"400\" class=\"wpcf7-form-control wpcf7-text wpcf7-validates-as-required\" aria-required=\"true\" aria-invalid=\"false\" value=\"\" type=\"text\" name=\"your-name\" \/><\/span> <\/label>\n<\/p>\n<p><label> Courriel *<br \/>\n<span class=\"wpcf7-form-control-wrap\" data-name=\"your-email\"><input size=\"40\" maxlength=\"400\" class=\"wpcf7-form-control wpcf7-email wpcf7-validates-as-required wpcf7-text wpcf7-validates-as-email\" aria-required=\"true\" aria-invalid=\"false\" value=\"\" type=\"email\" name=\"your-email\" \/><\/span> <\/label>\n<\/p>\n<p><label> Contact *<br \/>\n<span class=\"wpcf7-form-control-wrap\" data-name=\"tel-765\"><input size=\"40\" maxlength=\"400\" class=\"wpcf7-form-control wpcf7-tel wpcf7-validates-as-required wpcf7-text wpcf7-validates-as-tel\" aria-required=\"true\" aria-invalid=\"false\" value=\"\" type=\"tel\" name=\"tel-765\" \/><\/span> <\/label>\n<\/p>\n<p><label> Motif du contact *<br \/>\n<span class=\"wpcf7-form-control-wrap\" data-name=\"Radecontacte\"><select class=\"wpcf7-form-control wpcf7-select wpcf7-validates-as-required\" aria-required=\"true\" aria-invalid=\"false\" name=\"Radecontacte\"><option value=\"Des questions sur vos services\">Des questions sur vos services<\/option><option value=\"Demande de devis\">Demande de devis<\/option><\/select><\/span> <\/label>\n<\/p>\n<p><label> S\u00e9lectionnez le type de projet<br \/>\n<span class=\"wpcf7-form-control-wrap\" data-name=\"Seleccionaeltipusdeprojecte\"><select class=\"wpcf7-form-control wpcf7-select wpcf7-validates-as-required\" aria-required=\"true\" aria-invalid=\"false\" name=\"Seleccionaeltipusdeprojecte\"><option value=\"Maison - r\u00e9sidence priv\u00e9e\">Maison - r\u00e9sidence priv\u00e9e<\/option><option value=\"Local commercial\">Local commercial<\/option><option value=\"Industrie\">Industrie<\/option><option value=\"Immeuble\">Immeuble<\/option><\/select><\/span> <\/label>\n<\/p>\n<p><label> S\u00e9lectionnez le domaine qui vous int\u00e9resse<\/label>\n<\/p>\n<p><label> \u00c9nergies renouvelables<br \/>\n<span class=\"wpcf7-form-control-wrap\" data-name=\"Energiesrenovables\"><select class=\"wpcf7-form-control wpcf7-select\" aria-invalid=\"false\" name=\"Energiesrenovables\"><option value=\"---\">---<\/option><option value=\"L\u2019\u00e9nergie solaire photovolta\u00efque\">L\u2019\u00e9nergie solaire photovolta\u00efque<\/option><option value=\"L&#039;\u00e9nergie a\u00e9rothermique\">L&#039;\u00e9nergie a\u00e9rothermique<\/option><option value=\"L&#039;\u00e9nergie g\u00e9othermique\">L&#039;\u00e9nergie g\u00e9othermique<\/option><option value=\"La biomasse\">La biomasse<\/option><option value=\"Le petit \u00e9olien\">Le petit \u00e9olien<\/option><option value=\"L\u2019\u00e9nergie solaire thermique pour ECS\">L\u2019\u00e9nergie solaire thermique pour ECS<\/option><\/select><\/span> <\/label>\n<\/p>\n<p><label> Les installations<br \/>\n<span class=\"wpcf7-form-control-wrap\" data-name=\"Installacions\"><select class=\"wpcf7-form-control wpcf7-select\" aria-invalid=\"false\" name=\"Installacions\"><option value=\"---\">---<\/option><option value=\"Les installations \u00e9lectriques\">Les installations \u00e9lectriques<\/option><option value=\"La plomberie\">La plomberie<\/option><option value=\"Les installations de gaz\">Les installations de gaz<\/option><\/select><\/span> <\/label>\n<\/p>\n<p><label> La climatisation<br \/>\n<span class=\"wpcf7-form-control-wrap\" data-name=\"Climatitzaci\"><select class=\"wpcf7-form-control wpcf7-select\" aria-invalid=\"false\" name=\"Climatitzaci\"><option value=\"---\">---<\/option><option value=\"Le chauffage au sol\">Le chauffage au sol<\/option><option value=\"La climatisation par l\u2019air\">La climatisation par l\u2019air<\/option><option value=\"CLa climatisation par l\u2019eau\">CLa climatisation par l\u2019eau<\/option><\/select><\/span> <\/label>\n<\/p>\n<p><label> Les t\u00e9l\u00e9communications<br \/>\n<span class=\"wpcf7-form-control-wrap\" data-name=\"Telecomunicacions\"><select class=\"wpcf7-form-control wpcf7-select\" aria-invalid=\"false\" name=\"Telecomunicacions\"><option value=\"---\">---<\/option><option value=\"Les installations TNT\">Les installations TNT<\/option><option value=\"Les t\u00e9l\u00e9phones\">Les t\u00e9l\u00e9phones<\/option><option value=\"Les r\u00e9seaux UTP\">Les r\u00e9seaux UTP<\/option><option value=\"Le wifi\">Le wifi<\/option><\/select><\/span> <\/label>\n<\/p>\n<p><label> Quel est l'\u00e9tat actuel du projet ?<br \/>\n<span class=\"wpcf7-form-control-wrap\" data-name=\"Estatdelprojecte\"><select class=\"wpcf7-form-control wpcf7-select\" aria-invalid=\"false\" name=\"Estatdelprojecte\"><option value=\"---\">---<\/option><option value=\"Reconception\">Reconception<\/option><option value=\"Am\u00e9lioration\">Am\u00e9lioration<\/option><option value=\"En planification et\/ou construction\">En planification et\/ou construction<\/option><\/select><\/span> <\/label>\n<\/p>\n<p><label> Quel est le budget du projet ?<br \/>\n<span class=\"wpcf7-form-control-wrap\" data-name=\"pressupost\"><select class=\"wpcf7-form-control wpcf7-select wpcf7-validates-as-required\" aria-required=\"true\" aria-invalid=\"false\" name=\"pressupost\"><option value=\"Moins de 5 000 \u20ac\">Moins de 5 000 \u20ac<\/option><option value=\"De 5 000 \u20ac \u00e0 10 000 \u20ac\">De 5 000 \u20ac \u00e0 10 000 \u20ac<\/option><option value=\"De 10 000 \u20ac \u00e0 50 000 \u20ac\">De 10 000 \u20ac \u00e0 50 000 \u20ac<\/option><option value=\"De 50 000 \u20ac \u00e0 100 000 \u20ac\">De 50 000 \u20ac \u00e0 100 000 \u20ac<\/option><option value=\"Plus de 100 000 \u20ac\">Plus de 100 000 \u20ac<\/option><\/select><\/span> <\/label>\n<\/p>\n<p><label> Donnez-nous plus de d\u00e9tails sur votre projet<br \/>\n<span class=\"wpcf7-form-control-wrap\" data-name=\"your-message\"><textarea cols=\"40\" rows=\"10\" maxlength=\"2000\" class=\"wpcf7-form-control wpcf7-textarea\" aria-invalid=\"false\" name=\"your-message\"><\/textarea><\/span> <\/label>\n<\/p>\n<p><span class=\"wpcf7-form-control-wrap\" data-name=\"acceptance-421\"><span class=\"wpcf7-form-control wpcf7-acceptance\"><span class=\"wpcf7-list-item\"><label><input type=\"checkbox\" name=\"acceptance-421\" value=\"1\" aria-invalid=\"false\" \/><span class=\"wpcf7-list-item-label\">Acceptation de <a href=\"https:\/\/imarsl.com\/es\/politica-de-privacidad\/\">la politique des donn\u00e9es<\/a> .<\/span><\/label><\/span><\/span><\/span>\n<\/p>\n<p><input class=\"wpcf7-form-control wpcf7-submit has-spinner\" type=\"submit\" value=\"Envoyer des messages\" \/>\n<\/p><p style=\"display: none !important;\" class=\"akismet-fields-container\" data-prefix=\"_wpcf7_ak_\"><label>&#916;<textarea name=\"_wpcf7_ak_hp_textarea\" cols=\"45\" rows=\"8\" maxlength=\"100\"><\/textarea><\/label><input type=\"hidden\" id=\"ak_js_1\" name=\"_wpcf7_ak_js\" value=\"184\"\/><script>document.getElementById( \"ak_js_1\" ).setAttribute( \"value\", ( new Date() ).getTime() );<\/script><\/p><div class=\"wpcf7-response-output\" aria-hidden=\"true\"><\/div>\n<\/form>\n<\/div>\n[\/vc_column_inner][\/vc_row_inner][vc_empty_space height=\u00a0\u00bb30px\u00a0\u00bb][\/vc_column][\/vc_row][vc_section full_width=\u00a0\u00bbstretch_row_content\u00a0\u00bb css=\u00a0\u00bb.vc_custom_1653902711641{background-image: url(https:\/\/imarsl.com\/wp-content\/uploads\/2022\/05\/IMAR-AREA1.jpg?id=403) !important;background-position: center !important;background-repeat: no-repeat !important;background-size: cover !important;}\u00a0\u00bb][vc_row][vc_column][vc_empty_space height=\u00a0\u00bb50px\u00a0\u00bb][\/vc_column][\/vc_row][vc_row][vc_column width=\u00a0\u00bb1\/2&Prime;][\/vc_column][vc_column width=\u00a0\u00bb1\/2&Prime;][vc_column_text css=\u00a0\u00bb.vc_custom_1655217069117{padding-right: 25px !important;padding-left: 25px !important;}\u00a0\u00bb]<\/p>\n<h4 style=\"text-align: center;\">Si vous avez des questions et pr\u00e9f\u00e9rez nous contacter directement, vous pouvez le faire en appelant le (+34) 972 860 437 ou en envoyant un e-mail \u00e0 imar@imarsl.com.<\/h4>\n<p>[\/vc_column_text][\/vc_column][\/vc_row][vc_row][vc_column][vc_empty_space height=\u00a0\u00bb50px\u00a0\u00bb][\/vc_column][\/vc_row][\/vc_section]<\/p>\n","protected":false},"excerpt":{"rendered":"<p>[vc_row full_width=\u00a0\u00bbstretch_row_content\u00a0\u00bb equal_height=\u00a0\u00bbyes\u00a0\u00bb content_placement=\u00a0\u00bbmiddle\u00a0\u00bb css=\u00a0\u00bb.vc_custom_1653905420404{background-image: url(https:\/\/imarsl.com\/wp-content\/uploads\/2022\/05\/IMAR-AREA1.jpg?id=403) !important;background-position: center !important;background-repeat: no-repeat !important;background-size: cover !important;}\u00a0\u00bb][vc_column width=\u00a0\u00bb1\/2&Prime; offset=\u00a0\u00bbvc_hidden-sm vc_hidden-xs\u00a0\u00bb][vc_row_inner][vc_column_inner][vc_empty_space height=\u00a0\u00bb100px\u00a0\u00bb][\/vc_column_inner][\/vc_row_inner][\/vc_column][vc_column width=\u00a0\u00bb1\/2&Prime; offset=\u00a0\u00bbvc_hidden-sm vc_hidden-xs\u00a0\u00bb][vc_empty_space height=\u00a0\u00bb50px\u00a0\u00bb][vc_column_text] Comment pouvons-nous vous aider ?<span class=\"excerpt-hellip\"> [\u2026]<\/span><\/p>\n","protected":false},"author":3,"featured_media":0,"parent":0,"menu_order":0,"comment_status":"closed","ping_status":"closed","template":"","meta":{"footnotes":""},"class_list":["post-947","page","type-page","status-publish","hentry"],"_links":{"self":[{"href":"https:\/\/imarsl.com\/fr\/wp-json\/wp\/v2\/pages\/947"}],"collection":[{"href":"https:\/\/imarsl.com\/fr\/wp-json\/wp\/v2\/pages"}],"about":[{"href":"https:\/\/imarsl.com\/fr\/wp-json\/wp\/v2\/types\/page"}],"author":[{"embeddable":true,"href":"https:\/\/imarsl.com\/fr\/wp-json\/wp\/v2\/users\/3"}],"replies":[{"embeddable":true,"href":"https:\/\/imarsl.com\/fr\/wp-json\/wp\/v2\/comments?post=947"}],"version-history":[{"count":2,"href":"https:\/\/imarsl.com\/fr\/wp-json\/wp\/v2\/pages\/947\/revisions"}],"predecessor-version":[{"id":949,"href":"https:\/\/imarsl.com\/fr\/wp-json\/wp\/v2\/pages\/947\/revisions\/949"}],"wp:attachment":[{"href":"https:\/\/imarsl.com\/fr\/wp-json\/wp\/v2\/media?parent=947"}],"curies":[{"name":"wp","href":"https:\/\/api.w.org\/{rel}","templated":true}]}}