{"id":944,"date":"2022-05-30T09:12:44","date_gmt":"2022-05-30T07:12:44","guid":{"rendered":"https:\/\/imarsl.com\/a-propos-dimar\/"},"modified":"2024-11-12T10:42:49","modified_gmt":"2024-11-12T09:42:49","slug":"a-propos-dimar","status":"publish","type":"page","link":"https:\/\/imarsl.com\/fr\/a-propos-dimar\/","title":{"rendered":"\u00c0 PROPOS D&rsquo;IMAR"},"content":{"rendered":"<p>[vc_row full_width=\u00a0\u00bbstretch_row_content\u00a0\u00bb equal_height=\u00a0\u00bbyes\u00a0\u00bb content_placement=\u00a0\u00bbmiddle\u00a0\u00bb css=\u00a0\u00bb.vc_custom_1653905420404{background-image: url(https:\/\/imarsl.com\/wp-content\/uploads\/2022\/05\/IMAR-AREA1.jpg?id=403) !important;background-position: center !important;background-repeat: no-repeat !important;background-size: cover !important;}\u00a0\u00bb][vc_column width=\u00a0\u00bb1\/2&Prime; offset=\u00a0\u00bbvc_hidden-sm vc_hidden-xs\u00a0\u00bb][vc_row_inner][vc_column_inner][vc_empty_space height=\u00a0\u00bb100px\u00a0\u00bb][\/vc_column_inner][\/vc_row_inner][\/vc_column][vc_column width=\u00a0\u00bb1\/2&Prime; offset=\u00a0\u00bbvc_hidden-sm vc_hidden-xs\u00a0\u00bb][vc_empty_space height=\u00a0\u00bb50px\u00a0\u00bb][vc_column_text]<\/p>\n<h1 style=\"text-align: center;\"><span style=\"color: #016dad;\">Ing\u00e9nierie d&rsquo;installations efficaces et efficientes pour chaque projet<\/span><\/h1>\n<p>[\/vc_column_text][vc_column_text]<\/p>\n<h3 style=\"text-align: center;\"><strong>Tenez-vous au courant des derni\u00e8res nouveaut\u00e9s du march\u00e9 de l&rsquo;\u00e9nergie nous aide \u00e0 proposer les meilleures solutions pour chaque projet.<\/strong><\/h3>\n<h3 style=\"text-align: center;\"><strong>La s\u00e9curit\u00e9 est notre principal alli\u00e9 dans l\u2019ex\u00e9cution comme dans la maintenance.<\/strong><\/h3>\n<p>[\/vc_column_text][vc_empty_space height=\u00a0\u00bb50px\u00a0\u00bb][\/vc_column][\/vc_row][vc_row full_width=\u00a0\u00bbstretch_row_content\u00a0\u00bb equal_height=\u00a0\u00bbyes\u00a0\u00bb content_placement=\u00a0\u00bbmiddle\u00a0\u00bb css=\u00a0\u00bb.vc_custom_1653905420404{background-image: url(https:\/\/imarsl.com\/wp-content\/uploads\/2022\/05\/IMAR-AREA1.jpg?id=403) !important;background-position: center !important;background-repeat: no-repeat !important;background-size: cover !important;}\u00a0\u00bb][vc_column offset=\u00a0\u00bbvc_hidden-lg vc_hidden-md\u00a0\u00bb][vc_empty_space height=\u00a0\u00bb50px\u00a0\u00bb][vc_column_text]<\/p>\n<h1 style=\"text-align: center;\"><span style=\"color: #016dad;\">Ing\u00e9nierie d&rsquo;installations efficaces et efficientes pour chaque projet<\/span><\/h1>\n<p>[\/vc_column_text][vc_column_text]<\/p>\n<h3 style=\"text-align: center;\"><strong>Tenez-vous au courant des derni\u00e8res nouveaut\u00e9s du march\u00e9 de l&rsquo;\u00e9nergie nous aide \u00e0 proposer les meilleures solutions pour chaque projet.<\/strong><\/h3>\n<h3 style=\"text-align: center;\"><strong>La s\u00e9curit\u00e9 est notre principal alli\u00e9 dans l\u2019ex\u00e9cution comme dans la maintenance.<\/strong><\/h3>\n<p>[\/vc_column_text][vc_empty_space height=\u00a0\u00bb50px\u00a0\u00bb][\/vc_column][\/vc_row][vc_section full_width=\u00a0\u00bbstretch_row\u00a0\u00bb el_class=\u00a0\u00bbno-padding-horizontal\u00a0\u00bb][vc_row full_width=\u00a0\u00bbstretch_row_content\u00a0\u00bb equal_height=\u00a0\u00bbyes\u00a0\u00bb content_placement=\u00a0\u00bbmiddle\u00a0\u00bb][vc_column width=\u00a0\u00bb1\/2&Prime; css=\u00a0\u00bb.vc_custom_1653401247552{background-color: #016dad !important;}\u00a0\u00bb][vc_empty_space height=\u00a0\u00bb30px\u00a0\u00bb][vc_column_text css=\u00a0\u00bb.vc_custom_1655216754255{padding-right: 25px !important;padding-left: 25px !important;}\u00a0\u00bb]<\/p>\n<h4 style=\"text-align: center;\"><span style=\"color: #ffffff;\">Nous sommes une entreprise d&rsquo;installation et de maintenance situ\u00e9e dans la contr\u00e9e de La Selva (Arb\u00facies). IMAR a \u00e9t\u00e9 fond\u00e9e en 1989. Nous avons actuellement 35 professionnels en tout dans notre \u00e9quipe. <\/span><\/h4>\n<h4 style=\"text-align: center;\"><span style=\"color: #ffffff;\">Nous intervenons dans les provinces de G\u00e9rone et de Barcelone, pour des installations compl\u00e8tes dans les secteurs domestique, industriel et tertiaire. <\/span><\/h4>\n<h4 style=\"text-align: center;\"><span style=\"color: #ffffff;\">Nous disposons d\u2019une \u00e9quipe technique qualifi\u00e9e et sp\u00e9cialiste de nos domaines d&rsquo;intervention.<\/span><\/h4>\n<p>[\/vc_column_text][vc_empty_space height=\u00a0\u00bb30px\u00a0\u00bb][\/vc_column][vc_column width=\u00a0\u00bb1\/2&Prime; css=\u00a0\u00bb.vc_custom_1653900892441{background-image: url(https:\/\/imarsl.com\/wp-content\/uploads\/2022\/05\/IMAR-2.jpg?id=408) !important;background-position: center !important;background-repeat: no-repeat !important;background-size: cover !important;}\u00a0\u00bb][vc_empty_space height=\u00a0\u00bb400px\u00a0\u00bb][\/vc_column][\/vc_row][\/vc_section][vc_section full_width=\u00a0\u00bbstretch_row\u00a0\u00bb el_class=\u00a0\u00bbno-padding-horizontal\u00a0\u00bb][vc_row full_width=\u00a0\u00bbstretch_row_content\u00a0\u00bb equal_height=\u00a0\u00bbyes\u00a0\u00bb content_placement=\u00a0\u00bbmiddle\u00a0\u00bb css=\u00a0\u00bb.vc_custom_1653901547592{padding-right: 150px !important;padding-left: 150px !important;}\u00a0\u00bb][vc_column offset=\u00a0\u00bbvc_hidden-sm vc_hidden-xs\u00a0\u00bb][vc_empty_space height=\u00a0\u00bb40px\u00a0\u00bb][vc_row_inner][vc_column_inner width=\u00a0\u00bb2\/3&Prime;][vc_column_text css=\u00a0\u00bb.vc_custom_1731404487685{padding-right: 25px !important;padding-left: 25px !important;}\u00a0\u00bb]<\/p>\n<h3><strong>Notre mission, notre raison d\u2019\u00eatre<\/strong><\/h3>\n<p>Chez soi et nulle part ailleurs. Le confort de nos clients dans leur propre maison est notre mission et notre raison d\u2019\u00eatre, par-dessus tout.<\/p>\n<p>Nous accompagnons nos clients en leur offrant un service int\u00e9gral dans l\u2019installation d\u2019appareils dans leur foyer et leur cycle de vie, de la conception \u00e0 l\u2019ex\u00e9cution, sans oublier la maintenance. C\u2019est pourquoi nous nous engageons, d\u00e8s le premier instant, \u00e0 offrir des installations et des services de qualit\u00e9, un suivi des nouveaut\u00e9s du march\u00e9 et des am\u00e9liorations continues, toujours en tant qu\u2019entreprise socialement responsable.<\/p>\n<p>&nbsp;<\/p>\n<h3><strong>Notre vision, partager l\u2019avenir avec vous<\/strong><\/h3>\n<p>Nous voulons \u00eatre pr\u00e9sents dans la vie de nos clients, en nous positionnant comme une entreprise de r\u00e9f\u00e9rence dans les provinces de G\u00e9rone et de Barcelone dans le domaine des installations domestiques. Pour y parvenir, nous proposons \u00e0 nos clients les solutions techniques d\u2019ing\u00e9nierie d\u2019installation les plus adapt\u00e9es, en tenant toujours compte de nos connaissances et de notre exp\u00e9rience.<\/p>\n<p>&nbsp;<\/p>\n<h3><strong>Nos valeurs sont notre \u00e9tat d\u2019esprit<\/strong><\/h3>\n<p>&nbsp;<\/p>\n<h4><strong>Efficacit\u00e9 et efficience technique<\/strong><\/h4>\n<p><strong>L\u2019efficacit\u00e9, la qualit\u00e9, la rigueur et l\u2019effort sont des valeurs indispensables<\/strong> pour r\u00e9pondre aux attentes et aux exigences de nos clients.<\/p>\n<p>&nbsp;<\/p>\n<h4><strong>Orientation client<\/strong><\/h4>\n<p><strong>Nous nous centrons sur nos clients<\/strong> auxquels nous offrons toujours un service personnalis\u00e9.<\/p>\n<p>&nbsp;<\/p>\n<h4><strong>Engagement social et en faveur de l\u2019environnement<\/strong><\/h4>\n<p>Nous nous <strong>engageons en faveur de la soci\u00e9t\u00e9 et de l\u2019environnement.<\/strong> Nous promouvons les bonnes pratiques concernant l\u2019optimisation de la consommation de mat\u00e9riaux et d\u2019\u00e9nergie, avec des r\u00e9percussions directes sur la soci\u00e9t\u00e9 et le d\u00e9veloppement durable.<\/p>\n<p>&nbsp;<\/p>\n<h4><strong>S\u00e9curit\u00e9 et travail en \u00e9quipe<\/strong><\/h4>\n<p>Nous promouvons <strong>des conditions de travail s\u00fbres et saines<\/strong> pour pr\u00e9venir les blessures et les probl\u00e8mes de sant\u00e9 li\u00e9s au travail. Nous r\u00e9duisons les risques et minimisons les dangers. En outre, nous nous engageons \u00e0 <strong>faire participer et \u00e0 consulter les personnes qui font partie de notre \u00e9quipe<\/strong>, ind\u00e9pendamment de leur position ou de leur anciennet\u00e9 dans l\u2019entreprise.<\/p>\n<p>&nbsp;<\/p>\n<h4><strong>\u00c9valuation des r\u00e9sultats <\/strong><\/h4>\n<p>Nous \u00e9valuons les r\u00e9sultats de la <strong>gestion des processus<\/strong> de nos activit\u00e9s \u00e0 valeur ajout\u00e9e afin de pr\u00e9senter des conclusions sur mesure pour la prise de d\u00e9cision. L\u2019\u00e9valuation nous permet de travailler pour <strong>l\u2019am\u00e9lioration continue<\/strong> dans le d\u00e9veloppement du syst\u00e8me de gestion.<\/p>\n<p>&nbsp;<\/p>\n<h4><strong>Respect de la r\u00e9glementation l\u00e9gale<\/strong><\/h4>\n<p>Nous employons les ressources n\u00e9cessaires et suffisantes afin de continuer \u00e0 respecter les r\u00e9glementations l\u00e9gales applicables de notre entreprise.[\/vc_column_text][vc_btn title=\u00a0\u00bb<b>CONTACTEZ-NOUS SANS ENGAGEMENT<\/b>\u00a0\u00bb style=\u00a0\u00bbflat\u00a0\u00bb shape=\u00a0\u00bbround\u00a0\u00bb color=\u00a0\u00bbwarning\u00a0\u00bb size=\u00a0\u00bblg\u00a0\u00bb align=\u00a0\u00bbcenter\u00a0\u00bb i_align=\u00a0\u00bbright\u00a0\u00bb i_icon_fontawesome=\u00a0\u00bbfas fa-arrow-circle-right\u00a0\u00bb css_animation=\u00a0\u00bbfadeInRightBig\u00a0\u00bb add_icon=\u00a0\u00bbtrue\u00a0\u00bb link=\u00a0\u00bburl:https%3A%2F%2Fimarsl.com%2Ffr%2Fcontact-imar%2F|title:CONTACT%20IMAR\u00a0\u00bb][\/vc_column_inner][vc_column_inner width=\u00a0\u00bb1\/3&Prime;][vc_single_image image=\u00a0\u00bb852&Prime; img_size=\u00a0\u00bb\u00a0\u00bb][vc_single_image image=\u00a0\u00bb1095&Prime; img_size=\u00a0\u00bb\u00a0\u00bb][\/vc_column_inner][\/vc_row_inner][\/vc_column][\/vc_row][vc_row full_width=\u00a0\u00bbstretch_row_content\u00a0\u00bb equal_height=\u00a0\u00bbyes\u00a0\u00bb content_placement=\u00a0\u00bbmiddle\u00a0\u00bb][vc_column offset=\u00a0\u00bbvc_hidden-lg vc_hidden-md\u00a0\u00bb][vc_empty_space height=\u00a0\u00bb25px\u00a0\u00bb][vc_column_text css=\u00a0\u00bb.vc_custom_1731404513364{padding-right: 25px !important;padding-left: 25px !important;}\u00a0\u00bb]<\/p>\n<h3><strong>Notre mission, notre raison d\u2019\u00eatre<\/strong><\/h3>\n<p>Chez soi et nulle part ailleurs. Le confort de nos clients dans leur propre maison est notre mission et notre raison d\u2019\u00eatre, par-dessus tout.<\/p>\n<p>Nous accompagnons nos clients en leur offrant un service int\u00e9gral dans l\u2019installation d\u2019appareils dans leur foyer et leur cycle de vie, de la conception \u00e0 l\u2019ex\u00e9cution, sans oublier la maintenance. C\u2019est pourquoi nous nous engageons, d\u00e8s le premier instant, \u00e0 offrir des installations et des services de qualit\u00e9, un suivi des nouveaut\u00e9s du march\u00e9 et des am\u00e9liorations continues, toujours en tant qu\u2019entreprise socialement responsable.<\/p>\n<p>&nbsp;<\/p>\n<h3><strong>Notre vision, partager l\u2019avenir avec vous<\/strong><\/h3>\n<p>Nous voulons \u00eatre pr\u00e9sents dans la vie de nos clients, en nous positionnant comme une entreprise de r\u00e9f\u00e9rence dans les provinces de G\u00e9rone et de Barcelone dans le domaine des installations domestiques. Pour y parvenir, nous proposons \u00e0 nos clients les solutions techniques d\u2019ing\u00e9nierie d\u2019installation les plus adapt\u00e9es, en tenant toujours compte de nos connaissances et de notre exp\u00e9rience.<\/p>\n<p>&nbsp;<\/p>\n<h3><strong>Nos valeurs sont notre \u00e9tat d\u2019esprit<\/strong><\/h3>\n<p>&nbsp;<\/p>\n<h4><strong>Efficacit\u00e9 et efficience technique<\/strong><\/h4>\n<p><strong>L\u2019efficacit\u00e9, la qualit\u00e9, la rigueur et l\u2019effort sont des valeurs indispensables<\/strong> pour r\u00e9pondre aux attentes et aux exigences de nos clients.<\/p>\n<p>&nbsp;<\/p>\n<h4><strong>Orientation client<\/strong><\/h4>\n<p><strong>Nous nous centrons sur nos clients<\/strong> auxquels nous offrons toujours un service personnalis\u00e9.<\/p>\n<p>&nbsp;<\/p>\n<h4><strong>Engagement social et en faveur de l\u2019environnement<\/strong><\/h4>\n<p>Nous nous <strong>engageons en faveur de la soci\u00e9t\u00e9 et de l\u2019environnement.<\/strong> Nous promouvons les bonnes pratiques concernant l\u2019optimisation de la consommation de mat\u00e9riaux et d\u2019\u00e9nergie, avec des r\u00e9percussions directes sur la soci\u00e9t\u00e9 et le d\u00e9veloppement durable.<\/p>\n<p>&nbsp;<\/p>\n<h4><strong>S\u00e9curit\u00e9 et travail en \u00e9quipe<\/strong><\/h4>\n<p>Nous promouvons <strong>des conditions de travail s\u00fbres et saines<\/strong> pour pr\u00e9venir les blessures et les probl\u00e8mes de sant\u00e9 li\u00e9s au travail. Nous r\u00e9duisons les risques et minimisons les dangers. En outre, nous nous engageons \u00e0 <strong>faire participer et \u00e0 consulter les personnes qui font partie de notre \u00e9quipe<\/strong>, ind\u00e9pendamment de leur position ou de leur anciennet\u00e9 dans l\u2019entreprise.<\/p>\n<p>&nbsp;<\/p>\n<h4><strong>\u00c9valuation des r\u00e9sultats <\/strong><\/h4>\n<p>Nous \u00e9valuons les r\u00e9sultats de la <strong>gestion des processus<\/strong> de nos activit\u00e9s \u00e0 valeur ajout\u00e9e afin de pr\u00e9senter des conclusions sur mesure pour la prise de d\u00e9cision. L\u2019\u00e9valuation nous permet de travailler pour <strong>l\u2019am\u00e9lioration continue<\/strong> dans le d\u00e9veloppement du syst\u00e8me de gestion.<\/p>\n<p>&nbsp;<\/p>\n<h4><strong>Respect de la r\u00e9glementation l\u00e9gale<\/strong><\/h4>\n<p>Nous employons les ressources n\u00e9cessaires et suffisantes afin de continuer \u00e0 respecter les r\u00e9glementations l\u00e9gales applicables de notre entreprise.[\/vc_column_text][vc_btn title=\u00a0\u00bb<b>CONTACTEZ-NOUS SANS ENGAGEMENT<\/b>\u00a0\u00bb style=\u00a0\u00bbflat\u00a0\u00bb shape=\u00a0\u00bbround\u00a0\u00bb color=\u00a0\u00bbwarning\u00a0\u00bb size=\u00a0\u00bblg\u00a0\u00bb align=\u00a0\u00bbcenter\u00a0\u00bb i_align=\u00a0\u00bbright\u00a0\u00bb i_icon_fontawesome=\u00a0\u00bbfas fa-arrow-circle-right\u00a0\u00bb add_icon=\u00a0\u00bbtrue\u00a0\u00bb link=\u00a0\u00bburl:https%3A%2F%2Fimarsl.com%2Ffr%2Fcontact-imar%2F|title:CONTACT%20IMAR\u00a0\u00bb][vc_single_image image=\u00a0\u00bb852&Prime; img_size=\u00a0\u00bbmedium\u00a0\u00bb alignment=\u00a0\u00bbcenter\u00a0\u00bb][vc_single_image image=\u00a0\u00bb1095&Prime; img_size=\u00a0\u00bbmedium\u00a0\u00bb alignment=\u00a0\u00bbcenter\u00a0\u00bb][\/vc_column][\/vc_row][\/vc_section][vc_section full_width=\u00a0\u00bbstretch_row_content\u00a0\u00bb content_placement=\u00a0\u00bbmiddle\u00a0\u00bb css=\u00a0\u00bb.vc_custom_1653902742260{background-image: url(https:\/\/imarsl.com\/wp-content\/uploads\/2022\/04\/home-ENDESA-2.jpg?id=63) !important;background-position: center !important;background-repeat: no-repeat !important;background-size: cover !important;}\u00a0\u00bb][vc_row][vc_column][vc_empty_space height=\u00a0\u00bb30px\u00a0\u00bb][\/vc_column][\/vc_row][vc_row content_placement=\u00a0\u00bbmiddle\u00a0\u00bb][vc_column width=\u00a0\u00bb1\/2&Prime; css=\u00a0\u00bb.vc_custom_1653902552331{background-position: center !important;background-repeat: no-repeat !important;background-size: cover !important;}\u00a0\u00bb][vc_single_image image=\u00a0\u00bb64&Prime; img_size=\u00a0\u00bblarge\u00a0\u00bb][\/vc_column][vc_column width=\u00a0\u00bb1\/2&Prime;][vc_column_text]<\/p>\n<h2 style=\"text-align: center;\"><span style=\"color: #fa7226;\"><strong>Nous sommes un point de service Endesa \u00e0 Blanes et Roses<\/strong><\/span><\/h2>\n<p>[\/vc_column_text][vc_column_text]<\/p>\n<h4 style=\"text-align: center;\">Vous avez besoin de r\u00e9soudre des probl\u00e8mes li\u00e9s \u00e0 l&rsquo;\u00e9lectricit\u00e9, au gaz ou \u00e0 vos installations Endesa ?<\/h4>\n<h4 style=\"text-align: center;\">Ou peut-\u00eatre voudriez-vous des conseils en personne ?<\/h4>\n<h4 style=\"text-align: center;\">Demandez votre rendez-vous ici \u00e0 l&rsquo;un de nos points de service Endesa.<\/h4>\n<p>[\/vc_column_text][vc_btn title=\u00a0\u00bb<b>R\u00c9SERVEZ ICI<\/b>\u00a0\u00bb style=\u00a0\u00bbflat\u00a0\u00bb shape=\u00a0\u00bbround\u00a0\u00bb color=\u00a0\u00bbwarning\u00a0\u00bb size=\u00a0\u00bblg\u00a0\u00bb align=\u00a0\u00bbcenter\u00a0\u00bb i_align=\u00a0\u00bbright\u00a0\u00bb i_icon_fontawesome=\u00a0\u00bbfas fa-arrow-circle-right\u00a0\u00bb css_animation=\u00a0\u00bbfadeInLeftBig\u00a0\u00bb add_icon=\u00a0\u00bbtrue\u00a0\u00bb link=\u00a0\u00bburl:https%3A%2F%2Fimarsl.com%2Ffr%2Fpoint-de-service-endesa%2F|title:POINT%20DE%20SERVICE%20ENDESA|\u00a0\u00bb][\/vc_column][\/vc_row][vc_row][vc_column][vc_empty_space height=\u00a0\u00bb30px\u00a0\u00bb][\/vc_column][\/vc_row][\/vc_section][vc_section full_width=\u00a0\u00bbstretch_row_content\u00a0\u00bb css=\u00a0\u00bb.vc_custom_1653902734127{background-image: url(https:\/\/imarsl.com\/wp-content\/uploads\/2022\/04\/HOME-ENERGIES-RENOVABLES.jpg?id=56) !important;background-position: center !important;background-repeat: no-repeat !important;background-size: cover !important;}\u00a0\u00bb][vc_row][vc_column][vc_empty_space height=\u00a0\u00bb50px\u00a0\u00bb][\/vc_column][\/vc_row][vc_row][vc_column width=\u00a0\u00bb1\/2&Prime;][vc_column_text]<\/p>\n<h2 style=\"text-align: center;\"><span style=\"color: #016dad;\"><strong>Les \u00e9nergies renouvelables sont le pr\u00e9sent et l&rsquo;avenir<\/strong><\/span><\/h2>\n<p>[\/vc_column_text][vc_column_text]<\/p>\n<h4 style=\"text-align: center;\">Servez-vous d\u2019outils et de solutions intelligents pour r\u00e9duire la consommation.<\/h4>\n<h4 style=\"text-align: center;\">Mettez en \u0153uvre des actions responsables pour am\u00e9liorer la soci\u00e9t\u00e9.<\/h4>\n<h4 style=\"text-align: center;\">Augmentez la valeur de votre entreprise ou de votre habitat.<\/h4>\n<p>[\/vc_column_text][vc_btn title=\u00a0\u00bb<b>AGISSEZ POUR UNE \u00c9NERGIE PROPRE<\/b>\u00a0\u00bb style=\u00a0\u00bbflat\u00a0\u00bb shape=\u00a0\u00bbround\u00a0\u00bb color=\u00a0\u00bbprimary\u00a0\u00bb size=\u00a0\u00bblg\u00a0\u00bb align=\u00a0\u00bbcenter\u00a0\u00bb i_align=\u00a0\u00bbright\u00a0\u00bb i_icon_fontawesome=\u00a0\u00bbfas fa-arrow-circle-right\u00a0\u00bb css_animation=\u00a0\u00bbfadeInRightBig\u00a0\u00bb add_icon=\u00a0\u00bbtrue\u00a0\u00bb link=\u00a0\u00bburl:https%3A%2F%2Fimarsl.com%2Ffr%2Fenergies-renouvelables%2F|title:%C3%89NERGIES%20RENOUVELABLES|\u00a0\u00bb][\/vc_column][vc_column width=\u00a0\u00bb1\/2&Prime;][\/vc_column][\/vc_row][vc_row][vc_column][vc_empty_space height=\u00a0\u00bb50px\u00a0\u00bb][\/vc_column][\/vc_row][\/vc_section][vc_section full_width=\u00a0\u00bbstretch_row_content\u00a0\u00bb css=\u00a0\u00bb.vc_custom_1653902711641{background-image: url(https:\/\/imarsl.com\/wp-content\/uploads\/2022\/05\/IMAR-AREA1.jpg?id=403) !important;background-position: center !important;background-repeat: no-repeat !important;background-size: cover !important;}\u00a0\u00bb][vc_row][vc_column][vc_empty_space height=\u00a0\u00bb50px\u00a0\u00bb][\/vc_column][\/vc_row][vc_row][vc_column width=\u00a0\u00bb1\/2&Prime;][\/vc_column][vc_column width=\u00a0\u00bb1\/2&Prime;][vc_column_text]<\/p>\n<h2 style=\"text-align: center;\"><span style=\"color: #fa7226;\"><strong>Comment pouvons-nous vous aider ?<\/strong><\/span><\/h2>\n<p>[\/vc_column_text][vc_column_text]<\/p>\n<h4 style=\"text-align: center;\">Contactez-nous si vous avez des questions ou si avez besoin d&rsquo;un devis.<\/h4>\n<p>[\/vc_column_text][vc_btn title=\u00a0\u00bb<b>CONTACTEZ-NOUS SANS ENGAGEMENT<\/b>\u00a0\u00bb style=\u00a0\u00bbflat\u00a0\u00bb shape=\u00a0\u00bbround\u00a0\u00bb color=\u00a0\u00bbwarning\u00a0\u00bb size=\u00a0\u00bblg\u00a0\u00bb align=\u00a0\u00bbcenter\u00a0\u00bb i_align=\u00a0\u00bbright\u00a0\u00bb i_icon_fontawesome=\u00a0\u00bbfas fa-arrow-circle-right\u00a0\u00bb css_animation=\u00a0\u00bbfadeInLeftBig\u00a0\u00bb add_icon=\u00a0\u00bbtrue\u00a0\u00bb link=\u00a0\u00bburl:https%3A%2F%2Fimarsl.com%2Ffr%2Fcontact-imar%2F|title:CONTACT%20IMAR\u00a0\u00bb][\/vc_column][\/vc_row][vc_row][vc_column][vc_empty_space height=\u00a0\u00bb50px\u00a0\u00bb][\/vc_column][\/vc_row][\/vc_section]<\/p>\n","protected":false},"excerpt":{"rendered":"<p>[vc_row full_width=\u00a0\u00bbstretch_row_content\u00a0\u00bb equal_height=\u00a0\u00bbyes\u00a0\u00bb content_placement=\u00a0\u00bbmiddle\u00a0\u00bb css=\u00a0\u00bb.vc_custom_1653905420404{background-image: url(https:\/\/imarsl.com\/wp-content\/uploads\/2022\/05\/IMAR-AREA1.jpg?id=403) !important;background-position: center !important;background-repeat: no-repeat !important;background-size: cover !important;}\u00a0\u00bb][vc_column width=\u00a0\u00bb1\/2&Prime; offset=\u00a0\u00bbvc_hidden-sm vc_hidden-xs\u00a0\u00bb][vc_row_inner][vc_column_inner][vc_empty_space height=\u00a0\u00bb100px\u00a0\u00bb][\/vc_column_inner][\/vc_row_inner][\/vc_column][vc_column width=\u00a0\u00bb1\/2&Prime; offset=\u00a0\u00bbvc_hidden-sm vc_hidden-xs\u00a0\u00bb][vc_empty_space height=\u00a0\u00bb50px\u00a0\u00bb][vc_column_text] Ing\u00e9nierie d&rsquo;installations efficaces et efficientes<span class=\"excerpt-hellip\"> [\u2026]<\/span><\/p>\n","protected":false},"author":3,"featured_media":645,"parent":0,"menu_order":0,"comment_status":"closed","ping_status":"closed","template":"","meta":{"footnotes":""},"class_list":["post-944","page","type-page","status-publish","has-post-thumbnail","hentry"],"_links":{"self":[{"href":"https:\/\/imarsl.com\/fr\/wp-json\/wp\/v2\/pages\/944"}],"collection":[{"href":"https:\/\/imarsl.com\/fr\/wp-json\/wp\/v2\/pages"}],"about":[{"href":"https:\/\/imarsl.com\/fr\/wp-json\/wp\/v2\/types\/page"}],"author":[{"embeddable":true,"href":"https:\/\/imarsl.com\/fr\/wp-json\/wp\/v2\/users\/3"}],"replies":[{"embeddable":true,"href":"https:\/\/imarsl.com\/fr\/wp-json\/wp\/v2\/comments?post=944"}],"version-history":[{"count":7,"href":"https:\/\/imarsl.com\/fr\/wp-json\/wp\/v2\/pages\/944\/revisions"}],"predecessor-version":[{"id":1129,"href":"https:\/\/imarsl.com\/fr\/wp-json\/wp\/v2\/pages\/944\/revisions\/1129"}],"wp:featuredmedia":[{"embeddable":true,"href":"https:\/\/imarsl.com\/fr\/wp-json\/wp\/v2\/media\/645"}],"wp:attachment":[{"href":"https:\/\/imarsl.com\/fr\/wp-json\/wp\/v2\/media?parent=944"}],"curies":[{"name":"wp","href":"https:\/\/api.w.org\/{rel}","templated":true}]}}