{"id":935,"date":"2022-05-24T15:28:49","date_gmt":"2022-05-24T15:28:49","guid":{"rendered":"https:\/\/imarsl.com\/industrie\/"},"modified":"2022-07-06T14:59:06","modified_gmt":"2022-07-06T14:59:06","slug":"industrie","status":"publish","type":"page","link":"https:\/\/imarsl.com\/fr\/industrie\/","title":{"rendered":"INDUSTRIE"},"content":{"rendered":"<p>[vc_row full_width=\u00a0\u00bbstretch_row_content\u00a0\u00bb equal_height=\u00a0\u00bbyes\u00a0\u00bb content_placement=\u00a0\u00bbmiddle\u00a0\u00bb css=\u00a0\u00bb.vc_custom_1653903925229{background-image: url(https:\/\/imarsl.com\/wp-content\/uploads\/2022\/04\/home-FACTORY.jpg?id=57) !important;background-position: center !important;background-repeat: no-repeat !important;background-size: cover !important;}\u00a0\u00bb][vc_column width=\u00a0\u00bb1\/2&Prime; offset=\u00a0\u00bbvc_hidden-sm vc_hidden-xs\u00a0\u00bb][vc_empty_space height=\u00a0\u00bb100px\u00a0\u00bb][\/vc_column][vc_column width=\u00a0\u00bb1\/2&Prime; offset=\u00a0\u00bbvc_hidden-sm vc_hidden-xs\u00a0\u00bb][vc_row_inner][vc_column_inner][vc_empty_space height=\u00a0\u00bb100px\u00a0\u00bb][\/vc_column_inner][\/vc_row_inner][vc_column_text]<\/p>\n<h1 style=\"text-align: center;\"><span style=\"color: #fa7226;\">Gestion compl\u00e8te d&rsquo;installations et efficience \u00e9nerg\u00e9tique pour l&rsquo;industrie<\/span><\/h1>\n<p>[\/vc_column_text][vc_column_text]<\/p>\n<h3 style=\"text-align: center;\"><strong>Nous concevons et appliquons une ing\u00e9nierie personnalis\u00e9e pour chaque industrie<\/strong><\/h3>\n<p>[\/vc_column_text][vc_empty_space height=\u00a0\u00bb100px\u00a0\u00bb][\/vc_column][\/vc_row][vc_row full_width=\u00a0\u00bbstretch_row_content\u00a0\u00bb equal_height=\u00a0\u00bbyes\u00a0\u00bb content_placement=\u00a0\u00bbmiddle\u00a0\u00bb css=\u00a0\u00bb.vc_custom_1653903925229{background-image: url(https:\/\/imarsl.com\/wp-content\/uploads\/2022\/04\/home-FACTORY.jpg?id=57) !important;background-position: center !important;background-repeat: no-repeat !important;background-size: cover !important;}\u00a0\u00bb][vc_column offset=\u00a0\u00bbvc_hidden-lg vc_hidden-md\u00a0\u00bb][vc_empty_space height=\u00a0\u00bb20px\u00a0\u00bb][vc_column_text]<\/p>\n<h1 style=\"text-align: center;\"><span style=\"color: #fa7226;\">Gestion compl\u00e8te d&rsquo;installations et efficience \u00e9nerg\u00e9tique pour l&rsquo;industrie<\/span><\/h1>\n<p>[\/vc_column_text][vc_column_text]<\/p>\n<h3 style=\"text-align: center;\"><strong>Nous concevons et appliquons une ing\u00e9nierie personnalis\u00e9e pour chaque industrie<\/strong><\/h3>\n<p>[\/vc_column_text][vc_empty_space height=\u00a0\u00bb20px\u00a0\u00bb][\/vc_column][\/vc_row][vc_row full_width=\u00a0\u00bbstretch_row_content\u00a0\u00bb equal_height=\u00a0\u00bbyes\u00a0\u00bb content_placement=\u00a0\u00bbmiddle\u00a0\u00bb el_class=\u00a0\u00bbno-padding-horizontal\u00a0\u00bb][vc_column width=\u00a0\u00bb1\/2&Prime; css=\u00a0\u00bb.vc_custom_1653045476008{background-color: #fa7226 !important;}\u00a0\u00bb][vc_column_text css=\u00a0\u00bb.vc_custom_1653404560473{padding-right: 25px !important;padding-left: 25px !important;}\u00a0\u00bb]<\/p>\n<h2 style=\"text-align: center;\"><strong><span style=\"color: #ffffff;\">Depuis le d\u00e9but d&rsquo;IMAR, nous avons travaill\u00e9 au coude \u00e0 coude avec l&rsquo;industrie, pour comprendre quels sont leurs besoins et fournir des solutions sur mesure.<\/span><\/strong><\/h2>\n<h3 style=\"text-align: center;\"><strong><span style=\"color: #ffffff;\">Aujourd&rsquo;hui, il est essentiel d&rsquo;\u00eatre \u00e0 la pointe de l\u2019ing\u00e9nierie des installations et de l&rsquo;efficience \u00e9nerg\u00e9tique, et de garantir la s\u00e9curit\u00e9 sur tous les lieux de travail. <\/span><\/strong><\/h3>\n<p>[\/vc_column_text][\/vc_column][vc_column css_animation=\u00a0\u00bbfadeInLeftBig\u00a0\u00bb width=\u00a0\u00bb1\/2&Prime; css=\u00a0\u00bb.vc_custom_1657119520168{background-color: #ffffff !important;}\u00a0\u00bb][vc_empty_space height=\u00a0\u00bb25px\u00a0\u00bb][vc_column_text css=\u00a0\u00bb.vc_custom_1654251128144{padding-left: 25px !important;}\u00a0\u00bb]<\/p>\n<h4><i class=\"fas fa-arrow-circle-right\" style=\"color:#FA7226\" aria-hidden=\"true\"><\/i> <a href=\"#electriques\">Les installations \u00e9lectriques<\/a><\/h4>\n<h4><i class=\"fas fa-arrow-circle-right\" style=\"color:#FA7226\" aria-hidden=\"true\"><\/i> <a href=\"#Climatitzaci%C3%B3\">La climatisation<\/a><\/h4>\n<h4><i class=\"fas fa-arrow-circle-right\" style=\"color:#FA7226\" aria-hidden=\"true\"><\/i> <a href=\"#automatitzaci%C3%B3\">L\u2019automatisation et le contr\u00f4le industriel<\/a><\/h4>\n<h4><i class=\"fas fa-arrow-circle-right\" style=\"color:#FA7226\" aria-hidden=\"true\"><\/i> <a href=\"#Armarisel%C3%A8ctrics\">Les armoires \u00e9lectriques<\/a><\/h4>\n<h4><i class=\"fas fa-arrow-circle-right\" style=\"color:#FA7226\" aria-hidden=\"true\"><\/i> <a href=\"#mantenimentindustrial\">La maintenance industrielle<\/a><\/h4>\n<h4><i class=\"fas fa-arrow-circle-right\" style=\"color:#FA7226\" aria-hidden=\"true\"><\/i> <a href=\"#reactiva\">L\u2019analyse d&rsquo;\u00e9nergie r\u00e9active et harmoniques<\/a><\/h4>\n<h4><i class=\"fas fa-arrow-circle-right\" style=\"color:#FA7226\" aria-hidden=\"true\"><\/i> <a href=\"#termografiques\">Les inspections thermographiques<\/a><\/h4>\n<p>[\/vc_column_text][vc_empty_space height=\u00a0\u00bb25px\u00a0\u00bb][\/vc_column][\/vc_row][vc_section full_width=\u00a0\u00bbstretch_row\u00a0\u00bb parallax=\u00a0\u00bbcontent-moving-fade\u00a0\u00bb parallax_image=\u00a0\u00bb340&Prime;][vc_row][vc_column][vc_empty_space height=\u00a0\u00bb15px\u00a0\u00bb][vc_row_inner content_placement=\u00a0\u00bbmiddle\u00a0\u00bb el_id=\u00a0\u00bbelectriques\u00a0\u00bb][vc_column_inner width=\u00a0\u00bb1\/2&Prime;][vc_column_text]<\/p>\n<h2 style=\"text-align: center;\"><i class=\"fas fa-plug\" style=\"color:#FA7226\" aria-hidden=\"true\"><\/i> Les installations \u00e9lectriques<\/h2>\n<p style=\"text-align: center;\">Nous prenons en charge la conception, le calcul et le montage de tous types d&rsquo;installations \u00e9lectriques basse tension, \u00e0 la fois en termes de puissance et de maniabilit\u00e9.<\/p>\n<p>[\/vc_column_text][\/vc_column_inner][vc_column_inner width=\u00a0\u00bb1\/2&Prime;][vc_single_image image=\u00a0\u00bb207&Prime; img_size=\u00a0\u00bblarge\u00a0\u00bb alignment=\u00a0\u00bbcenter\u00a0\u00bb style=\u00a0\u00bbvc_box_border_circle_2&Prime;][\/vc_column_inner][\/vc_row_inner][vc_row_inner content_placement=\u00a0\u00bbmiddle\u00a0\u00bb el_id=\u00a0\u00bbClimatitzaci\u00f3\u00a0\u00bb][vc_column_inner width=\u00a0\u00bb1\/2&Prime; offset=\u00a0\u00bbvc_hidden-xs\u00a0\u00bb][vc_single_image image=\u00a0\u00bb329&Prime; img_size=\u00a0\u00bblarge\u00a0\u00bb alignment=\u00a0\u00bbcenter\u00a0\u00bb style=\u00a0\u00bbvc_box_border_circle_2&Prime;][\/vc_column_inner][vc_column_inner width=\u00a0\u00bb1\/2&Prime; offset=\u00a0\u00bbvc_hidden-xs\u00a0\u00bb][vc_column_text]<\/p>\n<h2 style=\"text-align: center;\"><i class=\"fas fa-thermometer-half\" style=\"color:#FA7226\" aria-hidden=\"true\"><\/i> La climatisation<\/h2>\n<p style=\"text-align: center;\">Nous concevons, calculons et posons des installations pour la climatisation de locaux industriels, de bureaux et d&rsquo;entrep\u00f4ts, en adaptant la meilleure solution \u00e0 chaque projet.<\/p>\n<p>[\/vc_column_text][\/vc_column_inner][\/vc_row_inner][vc_row_inner content_placement=\u00a0\u00bbmiddle\u00a0\u00bb el_id=\u00a0\u00bbClimatitzaci\u00f3\u00a0\u00bb][vc_column_inner width=\u00a0\u00bb1\/2&Prime; offset=\u00a0\u00bbvc_hidden-lg vc_hidden-md vc_hidden-sm\u00a0\u00bb][vc_column_text]<\/p>\n<h2 style=\"text-align: center;\"><i class=\"fas fa-thermometer-half\" style=\"color:#FA7226\" aria-hidden=\"true\"><\/i> La climatisation<\/h2>\n<p style=\"text-align: center;\">Nous concevons, calculons et posons des installations pour la climatisation de locaux industriels, de bureaux et d&rsquo;entrep\u00f4ts, en adaptant la meilleure solution \u00e0 chaque projet.<\/p>\n<p>[\/vc_column_text][\/vc_column_inner][vc_column_inner width=\u00a0\u00bb1\/2&Prime; offset=\u00a0\u00bbvc_hidden-lg vc_hidden-md vc_hidden-sm\u00a0\u00bb][vc_single_image image=\u00a0\u00bb329&Prime; img_size=\u00a0\u00bblarge\u00a0\u00bb alignment=\u00a0\u00bbcenter\u00a0\u00bb style=\u00a0\u00bbvc_box_border_circle_2&Prime;][\/vc_column_inner][\/vc_row_inner][vc_row_inner content_placement=\u00a0\u00bbmiddle\u00a0\u00bb el_id=\u00a0\u00bbautomatitzaci\u00f3\u00a0\u00bb][vc_column_inner width=\u00a0\u00bb1\/2&Prime;][vc_column_text]<\/p>\n<h2 style=\"text-align: center;\"><i class=\"fas fa-eye\" style=\"color:#FA7226\" aria-hidden=\"true\"><\/i> L\u2019automatisation et le contr\u00f4le industriel<\/h2>\n<p style=\"text-align: center;\">Nous nous sp\u00e9cialisons dans la programmation de toutes sortes de syst\u00e8mes de contr\u00f4le en utilisant des PLC, des \u00e9crans tactiles, des syst\u00e8mes SCADA, des r\u00e9seaux industriels, etc.<\/p>\n<p style=\"text-align: center;\">Depuis l&rsquo;apparition sur le march\u00e9 industriel des premiers automates programmables (PLC), nous les avons utilis\u00e9s dans nos projets d&rsquo;automatisation qui n\u00e9cessitent une gestion des processus avec un haut degr\u00e9 de fiabilit\u00e9.<\/p>\n<p style=\"text-align: center;\">L&rsquo;efficacit\u00e9 du PLC permet de l&rsquo;int\u00e9grer dans une large gamme d&rsquo;applications, donnant des r\u00e9sultats de fonctionnement optimaux, \u00e0 partir de petites armoires pour l&rsquo;ex\u00e9cution automatique des man\u0153uvres simples jusqu&rsquo;aux grands r\u00e9seaux d\u2019automates pour contr\u00f4ler et g\u00e9rer de mani\u00e8re enti\u00e8rement automatique des processus de fabrication complexes.<\/p>\n<p>[\/vc_column_text][\/vc_column_inner][vc_column_inner width=\u00a0\u00bb1\/2&Prime;][vc_single_image image=\u00a0\u00bb330&Prime; img_size=\u00a0\u00bblarge\u00a0\u00bb alignment=\u00a0\u00bbcenter\u00a0\u00bb style=\u00a0\u00bbvc_box_border_circle_2&Prime;][\/vc_column_inner][\/vc_row_inner][vc_row_inner content_placement=\u00a0\u00bbmiddle\u00a0\u00bb el_id=\u00a0\u00bbArmarisel\u00e8ctrics\u00a0\u00bb][vc_column_inner width=\u00a0\u00bb1\/2&Prime; offset=\u00a0\u00bbvc_hidden-xs\u00a0\u00bb][vc_single_image image=\u00a0\u00bb331&Prime; img_size=\u00a0\u00bblarge\u00a0\u00bb alignment=\u00a0\u00bbcenter\u00a0\u00bb style=\u00a0\u00bbvc_box_border_circle_2&Prime;][\/vc_column_inner][vc_column_inner width=\u00a0\u00bb1\/2&Prime; offset=\u00a0\u00bbvc_hidden-xs\u00a0\u00bb][vc_column_text]<\/p>\n<h2 style=\"text-align: center;\"><i class=\"far fa-lightbulb\" style=\"color:#FA7226\" aria-hidden=\"true\"><\/i> Les armoires \u00e9lectriques<\/h2>\n<p style=\"text-align: center;\">Nous nous occupons de la conception et de la pose d&rsquo;armoires \u00e9lectriques BT pour l&rsquo;alimentation d&rsquo;\u00e9quipements, pour le contr\u00f4le des processus automatis\u00e9s. Nous livrons la documentation de sch\u00e9mas \u00e9lectriques en CAD et\/ou guides d&rsquo;exploitation.<\/p>\n<p>[\/vc_column_text][\/vc_column_inner][\/vc_row_inner][vc_row_inner content_placement=\u00a0\u00bbmiddle\u00a0\u00bb el_id=\u00a0\u00bbArmarisel\u00e8ctrics\u00a0\u00bb][vc_column_inner width=\u00a0\u00bb1\/2&Prime; offset=\u00a0\u00bbvc_hidden-lg vc_hidden-md vc_hidden-sm\u00a0\u00bb][vc_column_text]<\/p>\n<h2 style=\"text-align: center;\"><i class=\"far fa-lightbulb\" style=\"color:#FA7226\" aria-hidden=\"true\"><\/i> Les armoires \u00e9lectriques<\/h2>\n<p style=\"text-align: center;\">Nous nous occupons de la conception et de la pose d&rsquo;armoires \u00e9lectriques BT pour l&rsquo;alimentation d&rsquo;\u00e9quipements, pour le contr\u00f4le des processus automatis\u00e9s. Nous livrons la documentation de sch\u00e9mas \u00e9lectriques en CAD et\/ou guides d&rsquo;exploitation.<\/p>\n<p>[\/vc_column_text][\/vc_column_inner][vc_column_inner width=\u00a0\u00bb1\/2&Prime; offset=\u00a0\u00bbvc_hidden-lg vc_hidden-md vc_hidden-sm\u00a0\u00bb][vc_single_image image=\u00a0\u00bb331&Prime; img_size=\u00a0\u00bblarge\u00a0\u00bb alignment=\u00a0\u00bbcenter\u00a0\u00bb style=\u00a0\u00bbvc_box_border_circle_2&Prime;][\/vc_column_inner][\/vc_row_inner][vc_row_inner content_placement=\u00a0\u00bbmiddle\u00a0\u00bb el_id=\u00a0\u00bbmantenimentindustrial\u00a0\u00bb][vc_column_inner width=\u00a0\u00bb1\/2&Prime;][vc_column_text]<\/p>\n<h2 style=\"text-align: center;\"><i class=\"fas fa-wrench\" style=\"color:#FA7226\" aria-hidden=\"true\"><\/i> La maintenance industrielle<\/h2>\n<p style=\"text-align: center;\">R\u00e9parations correctionnelles de la ligne du syst\u00e8me d&rsquo;\u00e9clairage, inspections thermographiques, v\u00e9rifications de protection, isolation et \u00e9tat des conducteurs et des connexions et v\u00e9rifications de mises \u00e0 la terre. R\u00e9glementation-Pr\u00e9ventif Maintenance int\u00e9grale des installations \u00e9lectriques basse tension.<\/p>\n<p>[\/vc_column_text][\/vc_column_inner][vc_column_inner width=\u00a0\u00bb1\/2&Prime;][vc_single_image image=\u00a0\u00bb332&Prime; img_size=\u00a0\u00bblarge\u00a0\u00bb alignment=\u00a0\u00bbcenter\u00a0\u00bb style=\u00a0\u00bbvc_box_border_circle_2&Prime;][\/vc_column_inner][\/vc_row_inner][vc_row_inner content_placement=\u00a0\u00bbmiddle\u00a0\u00bb el_id=\u00a0\u00bbreactiva\u00a0\u00bb][vc_column_inner width=\u00a0\u00bb1\/2&Prime; offset=\u00a0\u00bbvc_hidden-xs\u00a0\u00bb][vc_single_image image=\u00a0\u00bb334&Prime; img_size=\u00a0\u00bblarge\u00a0\u00bb alignment=\u00a0\u00bbcenter\u00a0\u00bb style=\u00a0\u00bbvc_box_border_circle_2&Prime;][\/vc_column_inner][vc_column_inner width=\u00a0\u00bb1\/2&Prime; offset=\u00a0\u00bbvc_hidden-xs\u00a0\u00bb][vc_column_text]<\/p>\n<h2 style=\"text-align: center;\"><i class=\"fas fa-burn\" style=\"color:#FA7226\" aria-hidden=\"true\"><\/i> Analyse d&rsquo;\u00e9nergie r\u00e9active et harmoniques<\/h2>\n<p style=\"text-align: center;\">Nous r\u00e9alisons l&rsquo;\u00e9tude de la consommation \u00e9nerg\u00e9tique de l&rsquo;installation pour d\u00e9tecter les pertes d&rsquo;\u00e9nergie r\u00e9active et harmoniques.<\/p>\n<p style=\"text-align: center;\">Nous effectuons la pose d&rsquo;\u00e9quipement de compensation de r\u00e9actif et de filtres anti-harmoniques.<\/p>\n<p>[\/vc_column_text][\/vc_column_inner][\/vc_row_inner][vc_row_inner content_placement=\u00a0\u00bbmiddle\u00a0\u00bb el_id=\u00a0\u00bbreactiva\u00a0\u00bb][vc_column_inner width=\u00a0\u00bb1\/2&Prime; offset=\u00a0\u00bbvc_hidden-lg vc_hidden-md vc_hidden-sm\u00a0\u00bb][vc_column_text]<\/p>\n<h2 style=\"text-align: center;\"><i class=\"fas fa-burn\" style=\"color:#FA7226\" aria-hidden=\"true\"><\/i> Analyse d&rsquo;\u00e9nergie r\u00e9active et harmoniques<\/h2>\n<p style=\"text-align: center;\">Nous r\u00e9alisons l&rsquo;\u00e9tude de la consommation \u00e9nerg\u00e9tique de l&rsquo;installation pour d\u00e9tecter les pertes d&rsquo;\u00e9nergie r\u00e9active et harmoniques.<\/p>\n<p style=\"text-align: center;\">Nous effectuons la pose d&rsquo;\u00e9quipement de compensation de r\u00e9actif et de filtres anti-harmoniques.<\/p>\n<p>[\/vc_column_text][\/vc_column_inner][vc_column_inner width=\u00a0\u00bb1\/2&Prime; offset=\u00a0\u00bbvc_hidden-lg vc_hidden-md vc_hidden-sm\u00a0\u00bb][vc_single_image image=\u00a0\u00bb334&Prime; img_size=\u00a0\u00bblarge\u00a0\u00bb alignment=\u00a0\u00bbcenter\u00a0\u00bb style=\u00a0\u00bbvc_box_border_circle_2&Prime;][\/vc_column_inner][\/vc_row_inner][vc_row_inner content_placement=\u00a0\u00bbmiddle\u00a0\u00bb el_id=\u00a0\u00bbtermografiques\u00a0\u00bb][vc_column_inner width=\u00a0\u00bb1\/2&Prime;][vc_column_text]<\/p>\n<h2 style=\"text-align: center;\"><i class=\"fas fa-building\" style=\"color:#FA7226\" aria-hidden=\"true\"><\/i> Les inspections thermographiques<\/h2>\n<p style=\"text-align: center;\">Nous inspectons les installations pour d\u00e9tecter la temp\u00e9rature et \u00e9valuer ult\u00e9rieurement des \u00e9ventuels points d\u00e9fectueux de l&rsquo;\u00e9quipement. Id\u00e9al pour la maintenance pr\u00e9ventive et l&rsquo;alimentation et pour \u00e9viter d&rsquo;\u00e9ventuels arr\u00eats d&rsquo;installations dus \u00e0 des pannes telles que des ruptures de c\u00e2bles dues \u00e0 la chaleur, au contr\u00f4le de la temp\u00e9rature des paliers du moteur, entre autres.<\/p>\n<p>[\/vc_column_text][\/vc_column_inner][vc_column_inner width=\u00a0\u00bb1\/2&Prime;][vc_single_image image=\u00a0\u00bb335&Prime; img_size=\u00a0\u00bblarge\u00a0\u00bb alignment=\u00a0\u00bbcenter\u00a0\u00bb style=\u00a0\u00bbvc_box_border_circle_2&Prime;][\/vc_column_inner][\/vc_row_inner][\/vc_column][\/vc_row][\/vc_section][vc_section full_width=\u00a0\u00bbstretch_row_content\u00a0\u00bb css=\u00a0\u00bb.vc_custom_1653642669506{background-image: url(https:\/\/imarsl.com\/wp-content\/uploads\/2022\/05\/ENERGIES-RENOVABLES-area-1.jpg?id=290) !important;background-position: center !important;background-repeat: no-repeat !important;background-size: cover !important;}\u00a0\u00bb][vc_row][vc_column width=\u00a0\u00bb1\/2&Prime;][\/vc_column][vc_column width=\u00a0\u00bb1\/2&Prime;][vc_empty_space height=\u00a0\u00bb50px\u00a0\u00bb][vc_column_text]<\/p>\n<h2 style=\"text-align: center;\"><span style=\"color: #fa7226;\"><strong>Les \u00e9nergies renouvelables sont le pr\u00e9sent et l&rsquo;avenir<\/strong><\/span><\/h2>\n<p>[\/vc_column_text][vc_column_text]<\/p>\n<h4 style=\"text-align: center;\">Servez-vous d\u2019outils et de solutions intelligents pour r\u00e9duire la consommation.<\/h4>\n<h4 style=\"text-align: center;\">Mettez en \u0153uvre des actions responsables pour am\u00e9liorer la soci\u00e9t\u00e9.<\/h4>\n<h4 style=\"text-align: center;\">Augmentez la valeur de votre entreprise ou de votre habitat.<\/h4>\n<p>[\/vc_column_text][vc_btn title=\u00a0\u00bb<b>AGISSEZ POUR UNE \u00c9NERGIE PROPRE<\/b>\u00a0\u00bb style=\u00a0\u00bbflat\u00a0\u00bb shape=\u00a0\u00bbround\u00a0\u00bb color=\u00a0\u00bbwarning\u00a0\u00bb size=\u00a0\u00bblg\u00a0\u00bb align=\u00a0\u00bbcenter\u00a0\u00bb i_align=\u00a0\u00bbright\u00a0\u00bb i_icon_fontawesome=\u00a0\u00bbfas fa-arrow-circle-right\u00a0\u00bb css_animation=\u00a0\u00bbfadeInLeftBig\u00a0\u00bb add_icon=\u00a0\u00bbtrue\u00a0\u00bb link=\u00a0\u00bburl:https%3A%2F%2Fimarsl.com%2Ffr%2Fenergies-renouvelables%2F|title:%C3%89NERGIES%20RENOUVELABLES|\u00a0\u00bb][vc_empty_space height=\u00a0\u00bb50px\u00a0\u00bb][\/vc_column][\/vc_row][\/vc_section][vc_section full_width=\u00a0\u00bbstretch_row_content\u00a0\u00bb css=\u00a0\u00bb.vc_custom_1653903938788{background-image: url(https:\/\/imarsl.com\/wp-content\/uploads\/2022\/04\/home-IMAR-3.jpg?id=67) !important;background-position: center !important;background-repeat: no-repeat !important;background-size: cover !important;}\u00a0\u00bb][vc_row][vc_column][vc_empty_space height=\u00a0\u00bb50px\u00a0\u00bb][\/vc_column][\/vc_row][vc_row][vc_column width=\u00a0\u00bb1\/2&Prime;][vc_column_text]<\/p>\n<h2 style=\"text-align: center;\"><span style=\"color: #016dad;\"><strong>Comment pouvons-nous vous aider ?<\/strong><\/span><\/h2>\n<p>[\/vc_column_text][vc_column_text]<\/p>\n<h4 style=\"text-align: center;\">Contactez-nous si vous avez des questions ou si avez besoin d&rsquo;un devis.<\/h4>\n<p>[\/vc_column_text][vc_btn title=\u00a0\u00bb<b>CONTACTEZ-NOUS SANS ENGAGEMENT<\/b>\u00a0\u00bb style=\u00a0\u00bbflat\u00a0\u00bb shape=\u00a0\u00bbround\u00a0\u00bb color=\u00a0\u00bbprimary\u00a0\u00bb size=\u00a0\u00bblg\u00a0\u00bb align=\u00a0\u00bbcenter\u00a0\u00bb i_align=\u00a0\u00bbright\u00a0\u00bb i_icon_fontawesome=\u00a0\u00bbfas fa-arrow-circle-right\u00a0\u00bb css_animation=\u00a0\u00bbfadeInRightBig\u00a0\u00bb add_icon=\u00a0\u00bbtrue\u00a0\u00bb link=\u00a0\u00bburl:https%3A%2F%2Fimarsl.com%2Ffr%2Fcontact-imar%2F|title:CONTACT%20IMAR\u00a0\u00bb][\/vc_column][vc_column width=\u00a0\u00bb1\/2&Prime;][\/vc_column][\/vc_row][vc_row][vc_column][vc_empty_space height=\u00a0\u00bb50px\u00a0\u00bb][\/vc_column][\/vc_row][\/vc_section]<\/p>\n","protected":false},"excerpt":{"rendered":"<p>[vc_row full_width=\u00a0\u00bbstretch_row_content\u00a0\u00bb equal_height=\u00a0\u00bbyes\u00a0\u00bb content_placement=\u00a0\u00bbmiddle\u00a0\u00bb css=\u00a0\u00bb.vc_custom_1653903925229{background-image: url(https:\/\/imarsl.com\/wp-content\/uploads\/2022\/04\/home-FACTORY.jpg?id=57) !important;background-position: center !important;background-repeat: no-repeat !important;background-size: cover !important;}\u00a0\u00bb][vc_column width=\u00a0\u00bb1\/2&Prime; offset=\u00a0\u00bbvc_hidden-sm vc_hidden-xs\u00a0\u00bb][vc_empty_space height=\u00a0\u00bb100px\u00a0\u00bb][\/vc_column][vc_column width=\u00a0\u00bb1\/2&Prime; offset=\u00a0\u00bbvc_hidden-sm vc_hidden-xs\u00a0\u00bb][vc_row_inner][vc_column_inner][vc_empty_space height=\u00a0\u00bb100px\u00a0\u00bb][\/vc_column_inner][\/vc_row_inner][vc_column_text] Gestion compl\u00e8te d&rsquo;installations et efficience<span class=\"excerpt-hellip\"> [\u2026]<\/span><\/p>\n","protected":false},"author":3,"featured_media":645,"parent":0,"menu_order":0,"comment_status":"closed","ping_status":"closed","template":"","meta":{"footnotes":""},"class_list":["post-935","page","type-page","status-publish","has-post-thumbnail","hentry"],"_links":{"self":[{"href":"https:\/\/imarsl.com\/fr\/wp-json\/wp\/v2\/pages\/935"}],"collection":[{"href":"https:\/\/imarsl.com\/fr\/wp-json\/wp\/v2\/pages"}],"about":[{"href":"https:\/\/imarsl.com\/fr\/wp-json\/wp\/v2\/types\/page"}],"author":[{"embeddable":true,"href":"https:\/\/imarsl.com\/fr\/wp-json\/wp\/v2\/users\/3"}],"replies":[{"embeddable":true,"href":"https:\/\/imarsl.com\/fr\/wp-json\/wp\/v2\/comments?post=935"}],"version-history":[{"count":4,"href":"https:\/\/imarsl.com\/fr\/wp-json\/wp\/v2\/pages\/935\/revisions"}],"predecessor-version":[{"id":1014,"href":"https:\/\/imarsl.com\/fr\/wp-json\/wp\/v2\/pages\/935\/revisions\/1014"}],"wp:featuredmedia":[{"embeddable":true,"href":"https:\/\/imarsl.com\/fr\/wp-json\/wp\/v2\/media\/645"}],"wp:attachment":[{"href":"https:\/\/imarsl.com\/fr\/wp-json\/wp\/v2\/media?parent=935"}],"curies":[{"name":"wp","href":"https:\/\/api.w.org\/{rel}","templated":true}]}}