{"id":932,"date":"2022-05-24T14:43:16","date_gmt":"2022-05-24T14:43:16","guid":{"rendered":"https:\/\/imarsl.com\/energies-renouvelables\/"},"modified":"2022-07-06T15:07:35","modified_gmt":"2022-07-06T15:07:35","slug":"energies-renouvelables","status":"publish","type":"page","link":"https:\/\/imarsl.com\/fr\/energies-renouvelables\/","title":{"rendered":"\u00c9NERGIES RENOUVELABLES"},"content":{"rendered":"<p>[vc_row full_width=\u00a0\u00bbstretch_row_content\u00a0\u00bb equal_height=\u00a0\u00bbyes\u00a0\u00bb content_placement=\u00a0\u00bbmiddle\u00a0\u00bb css=\u00a0\u00bb.vc_custom_1653903870070{background-image: url(https:\/\/imarsl.com\/wp-content\/uploads\/2022\/05\/ENERGIES-RENOVABLES-area-1.jpg?id=290) !important;background-position: center !important;background-repeat: no-repeat !important;background-size: cover !important;}\u00a0\u00bb][vc_column width=\u00a0\u00bb1\/2&Prime; offset=\u00a0\u00bbvc_hidden-sm vc_hidden-xs\u00a0\u00bb][vc_row_inner][vc_column_inner][vc_empty_space height=\u00a0\u00bb100px\u00a0\u00bb][\/vc_column_inner][\/vc_row_inner][\/vc_column][vc_column width=\u00a0\u00bb1\/2&Prime; offset=\u00a0\u00bbvc_hidden-sm vc_hidden-xs\u00a0\u00bb][vc_empty_space height=\u00a0\u00bb100px\u00a0\u00bb][vc_column_text]<\/p>\n<h1 style=\"text-align: center;\"><span style=\"color: #016dad;\">Les \u00e9nergies renouvelables sont notre r\u00e9alit\u00e9 <\/span><\/h1>\n<p>[\/vc_column_text][vc_column_text]<\/p>\n<h3 style=\"text-align: center;\"><strong>Nous agissons de mani\u00e8re responsable pour prendre soin de notre environnement naturel.<\/strong><\/h3>\n<h3 style=\"text-align: center;\"><strong>Chez vous et dans votre industrie, l&rsquo;\u00e9nergie verte est possible.<\/strong><\/h3>\n<p>[\/vc_column_text][vc_empty_space height=\u00a0\u00bb100px\u00a0\u00bb][\/vc_column][\/vc_row][vc_row full_width=\u00a0\u00bbstretch_row_content\u00a0\u00bb equal_height=\u00a0\u00bbyes\u00a0\u00bb content_placement=\u00a0\u00bbmiddle\u00a0\u00bb css=\u00a0\u00bb.vc_custom_1653903870070{background-image: url(https:\/\/imarsl.com\/wp-content\/uploads\/2022\/05\/ENERGIES-RENOVABLES-area-1.jpg?id=290) !important;background-position: center !important;background-repeat: no-repeat !important;background-size: cover !important;}\u00a0\u00bb][vc_column offset=\u00a0\u00bbvc_hidden-lg vc_hidden-md\u00a0\u00bb][vc_empty_space height=\u00a0\u00bb50px\u00a0\u00bb][vc_column_text]<\/p>\n<h1 style=\"text-align: center;\"><span style=\"color: #016dad;\">Les \u00e9nergies renouvelables sont notre r\u00e9alit\u00e9 <\/span><\/h1>\n<p>[\/vc_column_text][vc_column_text]<\/p>\n<h3 style=\"text-align: center;\"><strong>Nous agissons de mani\u00e8re responsable pour prendre soin de notre environnement naturel.<\/strong><\/h3>\n<h3 style=\"text-align: center;\"><strong>Chez vous et dans votre industrie, l&rsquo;\u00e9nergie verte est possible.<\/strong><\/h3>\n<p>[\/vc_column_text][vc_empty_space height=\u00a0\u00bb50px\u00a0\u00bb][\/vc_column][\/vc_row][vc_section full_width=\u00a0\u00bbstretch_row\u00a0\u00bb el_class=\u00a0\u00bbno-padding-horizontal\u00a0\u00bb][vc_row full_width=\u00a0\u00bbstretch_row_content\u00a0\u00bb equal_height=\u00a0\u00bbyes\u00a0\u00bb content_placement=\u00a0\u00bbmiddle\u00a0\u00bb][vc_column width=\u00a0\u00bb1\/2&Prime; css=\u00a0\u00bb.vc_custom_1653401247552{background-color: #016dad !important;}\u00a0\u00bb][vc_empty_space height=\u00a0\u00bb15px\u00a0\u00bb][vc_column_text css=\u00a0\u00bb.vc_custom_1653401702498{padding-right: 25px !important;padding-left: 25px !important;}\u00a0\u00bb]<\/p>\n<h2 style=\"text-align: center;\"><span style=\"color: #ffffff;\"><strong>La technologie et l&rsquo;ing\u00e9nierie fait partie de notre ADN, et respecter l&rsquo;environnement et l&rsquo;avenir est notre responsabilit\u00e9.<\/strong><\/span><\/h2>\n<h3 style=\"text-align: center;\"><span style=\"color: #ffffff;\"><strong>Nous travaillons pour appliquer des solutions qui nous m\u00e8nent vers une \u00e9nergie plus verte et plus efficiente qui r\u00e9duit la consommation et profite \u00e0 tous.<\/strong><\/span><\/h3>\n<p>[\/vc_column_text][vc_empty_space height=\u00a0\u00bb15px\u00a0\u00bb][\/vc_column][vc_column css_animation=\u00a0\u00bbfadeInLeftBig\u00a0\u00bb width=\u00a0\u00bb1\/2&Prime; css=\u00a0\u00bb.vc_custom_1657120041444{background-color: #ffffff !important;}\u00a0\u00bb][vc_empty_space height=\u00a0\u00bb25px\u00a0\u00bb][vc_column_text css=\u00a0\u00bb.vc_custom_1654250779721{padding-left: 25px !important;}\u00a0\u00bb]<\/p>\n<h4><i class=\"fas fa-arrow-circle-right\" style=\"color:#016DAD\" aria-hidden=\"true\"><\/i> <a href=\"#fotovoltaica\">L\u2019\u00e9nergie solaire photovolta\u00efque<\/a><\/h4>\n<h4><i class=\"fas fa-arrow-circle-right\" style=\"color:#016DAD\" aria-hidden=\"true\"><\/i> <a href=\"#Aerot%C3%A8rmia\">L&rsquo;\u00e9nergie a\u00e9rothermique<\/a><\/h4>\n<h4><i class=\"fas fa-arrow-circle-right\" style=\"color:#016DAD\" aria-hidden=\"true\"><\/i> <a href=\"#geotermia\">L&rsquo;\u00e9nergie g\u00e9othermique<\/a><\/h4>\n<h4><i class=\"fas fa-arrow-circle-right\" style=\"color:#016DAD\" aria-hidden=\"true\"><\/i> <a href=\"#t%C3%A8rmica\">L\u2019\u00e9nergie solaire thermique pour l\u2019ECS permet de chauffer les piscines<\/a><\/h4>\n<h4><i class=\"fas fa-arrow-circle-right\" style=\"color:#016DAD\" aria-hidden=\"true\"><\/i> <a href=\"#Biomassa\">La biomasse<\/a><\/h4>\n<p>[\/vc_column_text][vc_empty_space height=\u00a0\u00bb25px\u00a0\u00bb][\/vc_column][\/vc_row][\/vc_section][vc_section full_width=\u00a0\u00bbstretch_row\u00a0\u00bb parallax=\u00a0\u00bbcontent-moving-fade\u00a0\u00bb parallax_image=\u00a0\u00bb322&Prime;][vc_row][vc_column][vc_empty_space height=\u00a0\u00bb15px\u00a0\u00bb][vc_row_inner content_placement=\u00a0\u00bbmiddle\u00a0\u00bb el_id=\u00a0\u00bbfotovoltaica\u00a0\u00bb][vc_column_inner width=\u00a0\u00bb1\/2&Prime;][vc_column_text]<\/p>\n<h2 style=\"text-align: center;\"><i class=\"fas fa-solar-panel\" style=\"color:#016DAD\" aria-hidden=\"true\"><\/i> L\u2019\u00e9nergie solaire photovolta\u00efque<\/h2>\n<p style=\"text-align: center;\">Nous prenons en charge l&rsquo;ensemble du processus pour rendre possible l&rsquo;installation de panneaux solaires, tant au niveau domestique qu&rsquo;industriel.<\/p>\n<p style=\"text-align: center;\">Raccordement au r\u00e9seau. \u00c9tudes de faisabilit\u00e9 d&rsquo;investissement, projet technique, gestion des travaux, mise en service, maintenance, gestion administratives et subventions, d\u00e9marches aupr\u00e8s de la soci\u00e9t\u00e9 de distribution (point de raccordement, facturation, etc.)<\/p>\n<p style=\"text-align: center;\">Isolation &#8211; \u00c9tude de la meilleure solution co\u00fbt-b\u00e9n\u00e9fice bas\u00e9e sur l\u2019emplacement et le type d&rsquo;installation. Nous r\u00e9alisons le projet technique, l&rsquo;installation et la mise en service, ainsi que la maintenance pour assurer une durabilit\u00e9 maximale.<\/p>\n<p>[\/vc_column_text][\/vc_column_inner][vc_column_inner width=\u00a0\u00bb1\/2&Prime;][vc_single_image image=\u00a0\u00bb306&Prime; img_size=\u00a0\u00bblarge\u00a0\u00bb alignment=\u00a0\u00bbcenter\u00a0\u00bb style=\u00a0\u00bbvc_box_border_circle_2&Prime;][\/vc_column_inner][\/vc_row_inner][vc_row_inner content_placement=\u00a0\u00bbmiddle\u00a0\u00bb el_id=\u00a0\u00bbAerot\u00e8rmia\u00a0\u00bb][vc_column_inner width=\u00a0\u00bb1\/2&Prime; offset=\u00a0\u00bbvc_hidden-xs\u00a0\u00bb][vc_single_image image=\u00a0\u00bb309&Prime; img_size=\u00a0\u00bblarge\u00a0\u00bb alignment=\u00a0\u00bbcenter\u00a0\u00bb style=\u00a0\u00bbvc_box_border_circle_2&Prime;][\/vc_column_inner][vc_column_inner width=\u00a0\u00bb1\/2&Prime; offset=\u00a0\u00bbvc_hidden-xs\u00a0\u00bb][vc_column_text]<\/p>\n<h2 style=\"text-align: center;\"><i class=\"fas fa-water\" style=\"color:#016DAD\" aria-hidden=\"true\"><\/i> L\u2019\u00e9nergie a\u00e9rothermique<\/h2>\n<p style=\"text-align: center;\">Les pompes \u00e0 chaleur air\/eau profitent de l&rsquo;air ext\u00e9rieur comme source d&rsquo;\u00e9nergie. Elles captent l&rsquo;\u00e9nergie de l&rsquo;air domestique pour l&rsquo;eau chaude sanitaire, le chauffage et l\u2019air conditionn\u00e9.<\/p>\n<p style=\"text-align: center;\">Ind\u00e9pendamment de la saison de l&rsquo;ann\u00e9e et des conditions m\u00e9t\u00e9orologiques, les pompes \u00e0 chaleur absorbent l&rsquo;\u00e9nergie solaire accumul\u00e9e dans l&rsquo;environnement et l&rsquo;am\u00e8nent \u00e0 un niveau de temp\u00e9rature appropri\u00e9 pour l\u2019utiliser dans la pi\u00e8ce. La pompe \u00e0 chaleur fait partie des syst\u00e8mes de chauffage et d&rsquo;eau chaude sanitaire la plus efficace qui existent.<\/p>\n<p>[\/vc_column_text][\/vc_column_inner][\/vc_row_inner][vc_row_inner content_placement=\u00a0\u00bbmiddle\u00a0\u00bb el_id=\u00a0\u00bbAerot\u00e8rmia\u00a0\u00bb][vc_column_inner width=\u00a0\u00bb1\/2&Prime; offset=\u00a0\u00bbvc_hidden-lg vc_hidden-md vc_hidden-sm\u00a0\u00bb][vc_column_text]<\/p>\n<h2 style=\"text-align: center;\"><i class=\"fas fa-water\" style=\"color:#016DAD\" aria-hidden=\"true\"><\/i> L\u2019\u00e9nergie a\u00e9rothermique<\/h2>\n<p style=\"text-align: center;\">Les pompes \u00e0 chaleur air\/eau profitent de l&rsquo;air ext\u00e9rieur comme source d&rsquo;\u00e9nergie. Elles captent l&rsquo;\u00e9nergie de l&rsquo;air domestique pour l&rsquo;eau chaude sanitaire, le chauffage et l\u2019air conditionn\u00e9.<\/p>\n<p style=\"text-align: center;\">Ind\u00e9pendamment de la saison de l&rsquo;ann\u00e9e et des conditions m\u00e9t\u00e9orologiques, les pompes \u00e0 chaleur absorbent l&rsquo;\u00e9nergie solaire accumul\u00e9e dans l&rsquo;environnement et l&rsquo;am\u00e8nent \u00e0 un niveau de temp\u00e9rature appropri\u00e9 pour l\u2019utiliser dans la pi\u00e8ce. La pompe \u00e0 chaleur fait partie des syst\u00e8mes de chauffage et d&rsquo;eau chaude sanitaire la plus efficace qui existent.<\/p>\n<p>[\/vc_column_text][\/vc_column_inner][vc_column_inner width=\u00a0\u00bb1\/2&Prime; offset=\u00a0\u00bbvc_hidden-lg vc_hidden-md vc_hidden-sm\u00a0\u00bb][vc_single_image image=\u00a0\u00bb309&Prime; img_size=\u00a0\u00bblarge\u00a0\u00bb alignment=\u00a0\u00bbcenter\u00a0\u00bb style=\u00a0\u00bbvc_box_border_circle_2&Prime;][\/vc_column_inner][\/vc_row_inner][vc_row_inner content_placement=\u00a0\u00bbmiddle\u00a0\u00bb el_id=\u00a0\u00bbgeotermia\u00a0\u00bb][vc_column_inner width=\u00a0\u00bb1\/2&Prime;][vc_column_text]<\/p>\n<h2 style=\"text-align: center;\"><i class=\"fas fa-random\" style=\"color:#016DAD\" aria-hidden=\"true\"><\/i> L&rsquo;\u00e9nergie g\u00e9othermique<\/h2>\n<p style=\"text-align: center;\">Une partie importante de l&rsquo;\u00e9nergie qui vient du soleil et atteint la Terre, est absorb\u00e9e par la cro\u00fbte terrestre sous forme de chaleur. La grande masse de la Terre maintient la temp\u00e9rature du sous-sol pratiquement constante tout au long de l&rsquo;ann\u00e9e. On peut consid\u00e9rer le sous-sol \u00e0 faible profondeur comme une source de chaleur (\u00e9nergie) totalement renouvelable et in\u00e9puisable.<\/p>\n<p style=\"text-align: center;\">Au moyen d&rsquo;un syst\u00e8me de collecte adapt\u00e9 et d&rsquo;une pompe \u00e0 chaleur g\u00e9othermique, il est possible de transf\u00e9rer de la chaleur ou du froid \u00e0 utiliser en chauffage\/refroidissement et\/ou en eau chaude sanitaire.<\/p>\n<p>[\/vc_column_text][\/vc_column_inner][vc_column_inner width=\u00a0\u00bb1\/2&Prime;][vc_single_image image=\u00a0\u00bb372&Prime; img_size=\u00a0\u00bblarge\u00a0\u00bb alignment=\u00a0\u00bbcenter\u00a0\u00bb style=\u00a0\u00bbvc_box_border_circle_2&Prime;][\/vc_column_inner][\/vc_row_inner][vc_row_inner content_placement=\u00a0\u00bbmiddle\u00a0\u00bb el_id=\u00a0\u00bbt\u00e8rmica\u00a0\u00bb][vc_column_inner width=\u00a0\u00bb1\/2&Prime; offset=\u00a0\u00bbvc_hidden-xs\u00a0\u00bb][vc_single_image image=\u00a0\u00bb317&Prime; img_size=\u00a0\u00bblarge\u00a0\u00bb alignment=\u00a0\u00bbcenter\u00a0\u00bb style=\u00a0\u00bbvc_box_border_circle_2&Prime;][\/vc_column_inner][vc_column_inner width=\u00a0\u00bb1\/2&Prime; offset=\u00a0\u00bbvc_hidden-xs\u00a0\u00bb][vc_column_text]<\/p>\n<h2 style=\"text-align: center;\"><i class=\"fas fa-sun\" style=\"color:#016DAD\" aria-hidden=\"true\"><\/i> \u00c9nergie solaire thermique pour ECS permet de chauffer les piscines<\/h2>\n<p style=\"text-align: center;\">Profitez du toit ou de la terrasse de votre maison pour r\u00e9duire la consommation d&rsquo;\u00e9nergie.<\/p>\n<p style=\"text-align: center;\">L&rsquo;installation de production d&rsquo;eau chaude est constitu\u00e9e de collecteurs ou de capteurs solaires situ\u00e9s sur le toit ou la terrasse d&rsquo;un immeuble ou d\u2019une maison. Ces collecteurs orient\u00e9s au sud et inclin\u00e9s \u00e0 45\u00ba par rapport \u00e0 l&rsquo;horizontale, absorbent les rayons du soleil et chauffent l&rsquo;eau qu&rsquo;ils contiennent.<\/p>\n<p style=\"text-align: center;\">Cette eau est transport\u00e9e par un ensemble de canalisations calorifug\u00e9es vers un r\u00e9servoir situ\u00e9 \u00e0 l&rsquo;int\u00e9rieur de l&rsquo;habitation, qui permettra d&rsquo;utiliser l\u2019eau chaude.<\/p>\n<p>[\/vc_column_text][\/vc_column_inner][\/vc_row_inner][vc_row_inner content_placement=\u00a0\u00bbmiddle\u00a0\u00bb el_id=\u00a0\u00bbt\u00e8rmica\u00a0\u00bb][vc_column_inner width=\u00a0\u00bb1\/2&Prime; offset=\u00a0\u00bbvc_hidden-lg vc_hidden-md vc_hidden-sm\u00a0\u00bb][vc_column_text]<\/p>\n<h2 style=\"text-align: center;\"><i class=\"fas fa-sun\" style=\"color:#016DAD\" aria-hidden=\"true\"><\/i> \u00c9nergie solaire thermique pour ECS permet de chauffer les piscines<\/h2>\n<p style=\"text-align: center;\">Profitez du toit ou de la terrasse de votre maison pour r\u00e9duire la consommation d&rsquo;\u00e9nergie.<\/p>\n<p style=\"text-align: center;\">L&rsquo;installation de production d&rsquo;eau chaude est constitu\u00e9e de collecteurs ou de capteurs solaires situ\u00e9s sur le toit ou la terrasse d&rsquo;un immeuble ou d\u2019une maison. Ces collecteurs orient\u00e9s au sud et inclin\u00e9s \u00e0 45\u00ba par rapport \u00e0 l&rsquo;horizontale, absorbent les rayons du soleil et chauffent l&rsquo;eau qu&rsquo;ils contiennent.<\/p>\n<p style=\"text-align: center;\">Cette eau est transport\u00e9e par un ensemble de canalisations calorifug\u00e9es vers un r\u00e9servoir situ\u00e9 \u00e0 l&rsquo;int\u00e9rieur de l&rsquo;habitation, qui permettra d&rsquo;utiliser l\u2019eau chaude.<\/p>\n<p>[\/vc_column_text][\/vc_column_inner][vc_column_inner width=\u00a0\u00bb1\/2&Prime; offset=\u00a0\u00bbvc_hidden-lg vc_hidden-md vc_hidden-sm\u00a0\u00bb][vc_single_image image=\u00a0\u00bb317&Prime; img_size=\u00a0\u00bblarge\u00a0\u00bb alignment=\u00a0\u00bbcenter\u00a0\u00bb style=\u00a0\u00bbvc_box_border_circle_2&Prime;][\/vc_column_inner][\/vc_row_inner][vc_row_inner content_placement=\u00a0\u00bbmiddle\u00a0\u00bb el_id=\u00a0\u00bbBiomassa\u00a0\u00bb][vc_column_inner width=\u00a0\u00bb1\/2&Prime;][vc_column_text]<\/p>\n<h2 style=\"text-align: center;\"><i class=\"fas fa-bezier-curve\" style=\"color:#016DAD\" aria-hidden=\"true\"><\/i> La biomasse<\/h2>\n<p style=\"text-align: center;\">Installation du syst\u00e8me d&rsquo;utilisation de la biomasse sous forme de copeaux de bois ou de pellets avec des chaudi\u00e8res, des po\u00eales, des chemin\u00e9es, \u00e0 la fois pour les processus industriels commerciaux et domestiques.<\/p>\n<p>[\/vc_column_text][\/vc_column_inner][vc_column_inner width=\u00a0\u00bb1\/2&Prime;][vc_single_image image=\u00a0\u00bb319&Prime; img_size=\u00a0\u00bblarge\u00a0\u00bb alignment=\u00a0\u00bbcenter\u00a0\u00bb style=\u00a0\u00bbvc_box_border_circle_2&Prime;][\/vc_column_inner][\/vc_row_inner][\/vc_column][\/vc_row][\/vc_section][vc_section full_width=\u00a0\u00bbstretch_row_content\u00a0\u00bb css=\u00a0\u00bb.vc_custom_1653903886919{background-image: url(https:\/\/imarsl.com\/wp-content\/uploads\/2022\/04\/home-IMAR-3.jpg?id=67) !important;background-position: center !important;background-repeat: no-repeat !important;background-size: cover !important;}\u00a0\u00bb][vc_row][vc_column][vc_empty_space height=\u00a0\u00bb50px\u00a0\u00bb][\/vc_column][\/vc_row][vc_row][vc_column width=\u00a0\u00bb1\/2&Prime;][vc_column_text]<\/p>\n<h2 style=\"text-align: center;\"><span style=\"color: #fa7226;\"><strong>Comment pouvons-nous vous aider ?<\/strong><\/span><\/h2>\n<p>[\/vc_column_text][vc_column_text]<\/p>\n<h4 style=\"text-align: center;\">Contactez-nous si vous avez des questions ou si avez besoin d&rsquo;un devis.<\/h4>\n<p>[\/vc_column_text][vc_btn title=\u00a0\u00bb<b>CONTACTEZ-NOUS SANS ENGAGEMENT<\/b>\u00a0\u00bb style=\u00a0\u00bbflat\u00a0\u00bb shape=\u00a0\u00bbround\u00a0\u00bb color=\u00a0\u00bbwarning\u00a0\u00bb size=\u00a0\u00bblg\u00a0\u00bb align=\u00a0\u00bbcenter\u00a0\u00bb i_align=\u00a0\u00bbright\u00a0\u00bb i_icon_fontawesome=\u00a0\u00bbfas fa-arrow-circle-right\u00a0\u00bb css_animation=\u00a0\u00bbfadeInRightBig\u00a0\u00bb add_icon=\u00a0\u00bbtrue\u00a0\u00bb link=\u00a0\u00bburl:https%3A%2F%2Fimarsl.com%2Ffr%2Fcontact-imar%2F|title:CONTACT%20IMAR\u00a0\u00bb][\/vc_column][vc_column width=\u00a0\u00bb1\/2&Prime;][\/vc_column][\/vc_row][vc_row][vc_column][vc_empty_space height=\u00a0\u00bb50px\u00a0\u00bb][\/vc_column][\/vc_row][\/vc_section]<\/p>\n","protected":false},"excerpt":{"rendered":"<p>[vc_row full_width=\u00a0\u00bbstretch_row_content\u00a0\u00bb equal_height=\u00a0\u00bbyes\u00a0\u00bb content_placement=\u00a0\u00bbmiddle\u00a0\u00bb css=\u00a0\u00bb.vc_custom_1653903870070{background-image: url(https:\/\/imarsl.com\/wp-content\/uploads\/2022\/05\/ENERGIES-RENOVABLES-area-1.jpg?id=290) !important;background-position: center !important;background-repeat: no-repeat !important;background-size: cover !important;}\u00a0\u00bb][vc_column width=\u00a0\u00bb1\/2&Prime; offset=\u00a0\u00bbvc_hidden-sm vc_hidden-xs\u00a0\u00bb][vc_row_inner][vc_column_inner][vc_empty_space height=\u00a0\u00bb100px\u00a0\u00bb][\/vc_column_inner][\/vc_row_inner][\/vc_column][vc_column width=\u00a0\u00bb1\/2&Prime; offset=\u00a0\u00bbvc_hidden-sm vc_hidden-xs\u00a0\u00bb][vc_empty_space height=\u00a0\u00bb100px\u00a0\u00bb][vc_column_text] Les \u00e9nergies renouvelables sont notre<span class=\"excerpt-hellip\"> [\u2026]<\/span><\/p>\n","protected":false},"author":3,"featured_media":645,"parent":0,"menu_order":0,"comment_status":"closed","ping_status":"closed","template":"","meta":{"footnotes":""},"class_list":["post-932","page","type-page","status-publish","has-post-thumbnail","hentry"],"_links":{"self":[{"href":"https:\/\/imarsl.com\/fr\/wp-json\/wp\/v2\/pages\/932"}],"collection":[{"href":"https:\/\/imarsl.com\/fr\/wp-json\/wp\/v2\/pages"}],"about":[{"href":"https:\/\/imarsl.com\/fr\/wp-json\/wp\/v2\/types\/page"}],"author":[{"embeddable":true,"href":"https:\/\/imarsl.com\/fr\/wp-json\/wp\/v2\/users\/3"}],"replies":[{"embeddable":true,"href":"https:\/\/imarsl.com\/fr\/wp-json\/wp\/v2\/comments?post=932"}],"version-history":[{"count":4,"href":"https:\/\/imarsl.com\/fr\/wp-json\/wp\/v2\/pages\/932\/revisions"}],"predecessor-version":[{"id":1024,"href":"https:\/\/imarsl.com\/fr\/wp-json\/wp\/v2\/pages\/932\/revisions\/1024"}],"wp:featuredmedia":[{"embeddable":true,"href":"https:\/\/imarsl.com\/fr\/wp-json\/wp\/v2\/media\/645"}],"wp:attachment":[{"href":"https:\/\/imarsl.com\/fr\/wp-json\/wp\/v2\/media?parent=932"}],"curies":[{"name":"wp","href":"https:\/\/api.w.org\/{rel}","templated":true}]}}