{"id":929,"date":"2022-05-24T09:42:11","date_gmt":"2022-05-24T09:42:11","guid":{"rendered":"https:\/\/imarsl.com\/lhabitat\/"},"modified":"2022-07-06T14:54:39","modified_gmt":"2022-07-06T14:54:39","slug":"lhabitat","status":"publish","type":"page","link":"https:\/\/imarsl.com\/fr\/lhabitat\/","title":{"rendered":"L&rsquo;HABITAT"},"content":{"rendered":"<p>[vc_row full_width=\u00a0\u00bbstretch_row_content\u00a0\u00bb equal_height=\u00a0\u00bbyes\u00a0\u00bb content_placement=\u00a0\u00bbmiddle\u00a0\u00bb css=\u00a0\u00bb.vc_custom_1653903806383{background-image: url(https:\/\/imarsl.com\/wp-content\/uploads\/2022\/04\/home-llar.jpg?id=52) !important;background-position: center !important;background-repeat: no-repeat !important;background-size: cover !important;}\u00a0\u00bb][vc_column width=\u00a0\u00bb1\/2&Prime; offset=\u00a0\u00bbvc_hidden-sm vc_hidden-xs\u00a0\u00bb][vc_empty_space height=\u00a0\u00bb100px\u00a0\u00bb][\/vc_column][vc_column width=\u00a0\u00bb1\/2&Prime; offset=\u00a0\u00bbvc_hidden-sm vc_hidden-xs\u00a0\u00bb][vc_row_inner][vc_column_inner][vc_empty_space height=\u00a0\u00bb100px\u00a0\u00bb][\/vc_column_inner][\/vc_row_inner][vc_column_text]<\/p>\n<h1 style=\"text-align: center;\"><span style=\"color: #fa7226;\">Faites de votre maison le lieu de vie id\u00e9al<\/span><\/h1>\n<p>[\/vc_column_text][vc_column_text]<\/p>\n<h3 style=\"text-align: center;\"><strong>Nous savons qu&rsquo;une maison confortable ne d\u00e9pend pas seulement d\u2019un bon canap\u00e9.<\/strong><\/h3>\n<h3 style=\"text-align: center;\"><strong>Une maison confortable est une maison efficiente et s\u00fbre en mati\u00e8re d\u2019\u00e9nergie.<\/strong><\/h3>\n<p>[\/vc_column_text][vc_empty_space height=\u00a0\u00bb100px\u00a0\u00bb][\/vc_column][\/vc_row][vc_row full_width=\u00a0\u00bbstretch_row_content\u00a0\u00bb content_placement=\u00a0\u00bbmiddle\u00a0\u00bb css=\u00a0\u00bb.vc_custom_1655201791262{background-image: url(https:\/\/imarsl.com\/wp-content\/uploads\/2022\/04\/home-llar.jpg?id=52) !important;background-position: center !important;background-repeat: no-repeat !important;background-size: cover !important;}\u00a0\u00bb][vc_column offset=\u00a0\u00bbvc_hidden-lg vc_hidden-md\u00a0\u00bb][vc_empty_space height=\u00a0\u00bb50px\u00a0\u00bb][vc_column_text]<\/p>\n<h1 style=\"text-align: center;\"><span style=\"color: #fa7226;\">Faites de votre maison le lieu de vie id\u00e9al<\/span><\/h1>\n<p>[\/vc_column_text][vc_column_text]<\/p>\n<h3 style=\"text-align: center;\"><strong>Nous savons qu&rsquo;une maison confortable ne d\u00e9pend pas seulement d\u2019un bon canap\u00e9.<\/strong><\/h3>\n<h3 style=\"text-align: center;\"><strong>Une maison confortable est une maison efficiente et s\u00fbre en mati\u00e8re d\u2019\u00e9nergie.<\/strong><\/h3>\n<p>[\/vc_column_text][vc_empty_space height=\u00a0\u00bb50px\u00a0\u00bb][\/vc_column][\/vc_row][vc_row full_width=\u00a0\u00bbstretch_row_content\u00a0\u00bb equal_height=\u00a0\u00bbyes\u00a0\u00bb content_placement=\u00a0\u00bbmiddle\u00a0\u00bb el_class=\u00a0\u00bbno-padding-horizontal\u00a0\u00bb css=\u00a0\u00bb.vc_custom_1653640822884{padding-top: 0px !important;padding-bottom: 0px !important;}\u00a0\u00bb][vc_column width=\u00a0\u00bb1\/2&Prime; css=\u00a0\u00bb.vc_custom_1653045476008{background-color: #fa7226 !important;}\u00a0\u00bb][vc_column_text css=\u00a0\u00bb.vc_custom_1653401654464{padding-right: 25px !important;padding-left: 25px !important;}\u00a0\u00bb]<\/p>\n<h2 style=\"text-align: center;\"><strong><span style=\"color: #ffffff;\">IMAR vous propose des solutions sur mesure.<\/span><\/strong><\/h2>\n<h3 style=\"text-align: center;\"><strong><span style=\"color: #ffffff;\">N&rsquo;oubliez pas que peu importe la dimension de votre projet, pour nous, il reste tr\u00e8s important.<\/span><\/strong><\/h3>\n<p>[\/vc_column_text][\/vc_column][vc_column css_animation=\u00a0\u00bbfadeInLeftBig\u00a0\u00bb width=\u00a0\u00bb1\/2&Prime; css=\u00a0\u00bb.vc_custom_1657119253177{background-color: #ffffff !important;}\u00a0\u00bb][vc_empty_space height=\u00a0\u00bb25px\u00a0\u00bb][vc_column_text css=\u00a0\u00bb.vc_custom_1654251760241{padding-left: 25px !important;}\u00a0\u00bb]<\/p>\n<h4><i class=\"fas fa-arrow-circle-right\" style=\"color:#FA7226\" aria-hidden=\"true\"><\/i> <a href=\"#el%C3%A8ctriques\">Les installations \u00e9lectriques<\/a><\/h4>\n<h4><i class=\"fas fa-arrow-circle-right\" style=\"color:#FA7226\" aria-hidden=\"true\"><\/i> <a href=\"#fontaneria\">La plomberie<\/a><\/h4>\n<h4><i class=\"fas fa-arrow-circle-right\" style=\"color:#FA7226\" aria-hidden=\"true\"><\/i> <a href=\"#calefaccio\">Le chauffage au sol<\/a><\/h4>\n<h4><i class=\"fas fa-arrow-circle-right\" style=\"color:#FA7226\" aria-hidden=\"true\"><\/i> <a href=\"#Climatitzaci%C3%B3\">La climatisation (air conditionn\u00e9 et chauffage)<\/a><\/h4>\n<h4><i class=\"fas fa-arrow-circle-right\" style=\"color:#FA7226\" aria-hidden=\"true\"><\/i> <a href=\"#gas\">Le gaz<\/a><\/h4>\n<h4><i class=\"fas fa-arrow-circle-right\" style=\"color:#FA7226\" aria-hidden=\"true\"><\/i> <a href=\"#Reg\">Les irrigations de jardins<\/a><\/h4>\n<h4><i class=\"fas fa-arrow-circle-right\" style=\"color:#FA7226\" aria-hidden=\"true\"><\/i> <a href=\"#telecomunicacions\">Les installations de t\u00e9l\u00e9communications<\/a><\/h4>\n<h4><i class=\"fas fa-arrow-circle-right\" style=\"color:#FA7226\" aria-hidden=\"true\"><\/i> <a href=\"#domotica\">La domotique<\/a><\/h4>\n<p>[\/vc_column_text][vc_empty_space height=\u00a0\u00bb25px\u00a0\u00bb][\/vc_column][\/vc_row][vc_section full_width=\u00a0\u00bbstretch_row\u00a0\u00bb parallax=\u00a0\u00bbcontent-moving-fade\u00a0\u00bb parallax_image=\u00a0\u00bb281&Prime;][vc_row][vc_column][vc_empty_space height=\u00a0\u00bb15px\u00a0\u00bb][vc_row_inner content_placement=\u00a0\u00bbmiddle\u00a0\u00bb el_id=\u00a0\u00bbel\u00e8ctriques\u00a0\u00bb][vc_column_inner width=\u00a0\u00bb1\/2&Prime;][vc_column_text]<\/p>\n<h2 style=\"text-align: center;\"><i class=\"fas fa-plug\" style=\"color:#FA7226\" aria-hidden=\"true\"><\/i> Les installations \u00e9lectriques<\/h2>\n<p style=\"text-align: center;\">Nous prenons en charge la conception, le calcul et le montage de tous types d&rsquo;installations \u00e9lectriques \u00e0 basse tension.<\/p>\n<p>[\/vc_column_text][\/vc_column_inner][vc_column_inner width=\u00a0\u00bb1\/2&Prime;][vc_single_image image=\u00a0\u00bb207&Prime; img_size=\u00a0\u00bblarge\u00a0\u00bb alignment=\u00a0\u00bbcenter\u00a0\u00bb style=\u00a0\u00bbvc_box_border_circle_2&Prime;][\/vc_column_inner][\/vc_row_inner][vc_row_inner content_placement=\u00a0\u00bbmiddle\u00a0\u00bb el_id=\u00a0\u00bbfontaneria\u00a0\u00bb][vc_column_inner width=\u00a0\u00bb1\/2&Prime; offset=\u00a0\u00bbvc_hidden-xs\u00a0\u00bb][vc_single_image image=\u00a0\u00bb269&Prime; img_size=\u00a0\u00bblarge\u00a0\u00bb alignment=\u00a0\u00bbcenter\u00a0\u00bb style=\u00a0\u00bbvc_box_border_circle_2&Prime;][\/vc_column_inner][vc_column_inner width=\u00a0\u00bb1\/2&Prime; offset=\u00a0\u00bbvc_hidden-xs\u00a0\u00bb][vc_column_text]<\/p>\n<h2 style=\"text-align: center;\"><i class=\"fas fa-shower\" style=\"color:#FA7226\" aria-hidden=\"true\"><\/i> La plomberie<\/h2>\n<p style=\"text-align: center;\">Que vous ayez besoin de r\u00e9nover ou de cr\u00e9er tout le r\u00e9seau de plomberie, nous prenons en charge les r\u00e9seaux de distribution d&rsquo;eau froide ou chaude. Mais aussi les filtres purificateurs d&rsquo;osmose, les pompes \u00e0 chlore, les adoucisseurs d&rsquo;eau ou les filtres. De plus, nous pouvons nous charger des r\u00e9parations de plomberie, qu&rsquo;il s&rsquo;agisse de pannes ou de grands projets.<\/p>\n<p>[\/vc_column_text][\/vc_column_inner][\/vc_row_inner][vc_row_inner content_placement=\u00a0\u00bbmiddle\u00a0\u00bb el_id=\u00a0\u00bbfontaneria\u00a0\u00bb][vc_column_inner width=\u00a0\u00bb1\/2&Prime; offset=\u00a0\u00bbvc_hidden-lg vc_hidden-md vc_hidden-sm\u00a0\u00bb][vc_column_text]<\/p>\n<h2 style=\"text-align: center;\"><i class=\"fas fa-shower\" style=\"color:#FA7226\" aria-hidden=\"true\"><\/i> La plomberie<\/h2>\n<p style=\"text-align: center;\">Que vous ayez besoin de r\u00e9nover ou de cr\u00e9er tout le r\u00e9seau de plomberie, nous prenons en charge les r\u00e9seaux de distribution d&rsquo;eau froide ou chaude. Mais aussi les filtres purificateurs d&rsquo;osmose, les pompes \u00e0 chlore, les adoucisseurs d&rsquo;eau ou les filtres. De plus, nous pouvons nous charger des r\u00e9parations de plomberie, qu&rsquo;il s&rsquo;agisse de pannes ou de grands projets.<\/p>\n<p>[\/vc_column_text][\/vc_column_inner][vc_column_inner width=\u00a0\u00bb1\/2&Prime; offset=\u00a0\u00bbvc_hidden-lg vc_hidden-md vc_hidden-sm\u00a0\u00bb][vc_single_image image=\u00a0\u00bb269&Prime; img_size=\u00a0\u00bblarge\u00a0\u00bb alignment=\u00a0\u00bbcenter\u00a0\u00bb style=\u00a0\u00bbvc_box_border_circle_2&Prime;][\/vc_column_inner][\/vc_row_inner][vc_row_inner content_placement=\u00a0\u00bbmiddle\u00a0\u00bb el_id=\u00a0\u00bbcalefaccio\u00a0\u00bb][vc_column_inner width=\u00a0\u00bb1\/2&Prime;][vc_column_text]<\/p>\n<h2 style=\"text-align: center;\"><i class=\"fas fa-hot-tub\" style=\"color:#FA7226\" aria-hidden=\"true\"><\/i> Le chauffage au sol<\/h2>\n<p style=\"text-align: center;\">Le chauffage au sol est le moyen le plus efficace et le plus \u00e9conomique de chauffer une maison. Nous sommes des sp\u00e9cialistes du chauffage au sol avec des installations en service depuis 1981. Nous r\u00e9soudrons tout probl\u00e8me de votre chauffage au fioul, \u00e0 gaz ou \u00e9lectrique.<\/p>\n<p style=\"text-align: center;\">Nous travaillons \u00e9galement avec des \u00e9nergies renouvelables combin\u00e9es \u00e0 partir de gaz\/\u00e9nergie renouvelables, \u00e9lectriques\/\u00e9nergie renouvelables et biomasse, ce qui permet de r\u00e9duire la pollution et d\u2019\u00e9conomiser sur votre facture d&rsquo;\u00e9nergie. Nous nous occupons de l&rsquo;entretien et du nettoyage r\u00e9gulier pour assurer le bon fonctionnement du chauffage de votre maison ou de votre bureau.<\/p>\n<p>[\/vc_column_text][\/vc_column_inner][vc_column_inner width=\u00a0\u00bb1\/2&Prime;][vc_single_image image=\u00a0\u00bb270&Prime; img_size=\u00a0\u00bblarge\u00a0\u00bb alignment=\u00a0\u00bbcenter\u00a0\u00bb style=\u00a0\u00bbvc_box_border_circle_2&Prime;][\/vc_column_inner][\/vc_row_inner][vc_row_inner content_placement=\u00a0\u00bbmiddle\u00a0\u00bb el_id=\u00a0\u00bbClimatitzaci\u00f3\u00a0\u00bb][vc_column_inner width=\u00a0\u00bb1\/2&Prime; offset=\u00a0\u00bbvc_hidden-xs\u00a0\u00bb][vc_single_image image=\u00a0\u00bb271&Prime; img_size=\u00a0\u00bblarge\u00a0\u00bb alignment=\u00a0\u00bbcenter\u00a0\u00bb style=\u00a0\u00bbvc_box_border_circle_2&Prime;][\/vc_column_inner][vc_column_inner width=\u00a0\u00bb1\/2&Prime; offset=\u00a0\u00bbvc_hidden-xs\u00a0\u00bb][vc_column_text]<\/p>\n<h2 style=\"text-align: center;\"><i class=\"fas fa-thermometer-half\" style=\"color:#FA7226\" aria-hidden=\"true\"><\/i> La climatisation (air conditionn\u00e9 et chauffage)<\/h2>\n<p style=\"text-align: center;\">Si la meilleure solution pour vous est la climatisation, le chauffage et l\u2019air conditionn\u00e9, nous occupons de l&rsquo;\u00e9tude, de l\u2019installation, de la maintenance et du nettoyage p\u00e9riodiques. Nous garantissons un bon fonctionnement dans votre maison, bureau, dans des locaux commerciaux et industriels.<\/p>\n<p>[\/vc_column_text][\/vc_column_inner][\/vc_row_inner][vc_row_inner content_placement=\u00a0\u00bbmiddle\u00a0\u00bb el_id=\u00a0\u00bbClimatitzaci\u00f3\u00a0\u00bb][vc_column_inner width=\u00a0\u00bb1\/2&Prime; offset=\u00a0\u00bbvc_hidden-lg vc_hidden-md vc_hidden-sm\u00a0\u00bb][vc_column_text]<\/p>\n<h2 style=\"text-align: center;\"><i class=\"fas fa-thermometer-half\" style=\"color:#FA7226\" aria-hidden=\"true\"><\/i> La climatisation (air conditionn\u00e9 et chauffage)<\/h2>\n<p style=\"text-align: center;\">Si la meilleure solution pour vous est la climatisation, le chauffage et l\u2019air conditionn\u00e9, nous occupons de l&rsquo;\u00e9tude, de l\u2019installation, de la maintenance et du nettoyage p\u00e9riodiques. Nous garantissons un bon fonctionnement dans votre maison, bureau, dans des locaux commerciaux et industriels.<\/p>\n<p>[\/vc_column_text][\/vc_column_inner][vc_column_inner width=\u00a0\u00bb1\/2&Prime; offset=\u00a0\u00bbvc_hidden-lg vc_hidden-md vc_hidden-sm\u00a0\u00bb][vc_single_image image=\u00a0\u00bb271&Prime; img_size=\u00a0\u00bblarge\u00a0\u00bb alignment=\u00a0\u00bbcenter\u00a0\u00bb style=\u00a0\u00bbvc_box_border_circle_2&Prime;][\/vc_column_inner][\/vc_row_inner][vc_row_inner content_placement=\u00a0\u00bbmiddle\u00a0\u00bb el_id=\u00a0\u00bbgas\u00a0\u00bb][vc_column_inner width=\u00a0\u00bb1\/2&Prime;][vc_column_text]<\/p>\n<h2 style=\"text-align: center;\"><i class=\"fas fa-fire-alt\" style=\"color:#FA7226\" aria-hidden=\"true\"><\/i> Le gaz<\/h2>\n<p style=\"text-align: center;\">Nous installons des chaudi\u00e8res \u00e0 gaz, des plaques et autres appareils au gaz naturel, au propane et au butane. Nous r\u00e9alisons l&rsquo;installation la plus adapt\u00e9e \u00e0 votre espace et \u00e0 son entretien, ce qui tr\u00e8s important pour obtenir le maximum d&rsquo;efficacit\u00e9 et de s\u00e9curit\u00e9.<\/p>\n<p>[\/vc_column_text][\/vc_column_inner][vc_column_inner width=\u00a0\u00bb1\/2&Prime;][vc_single_image image=\u00a0\u00bb272&Prime; img_size=\u00a0\u00bblarge\u00a0\u00bb alignment=\u00a0\u00bbcenter\u00a0\u00bb style=\u00a0\u00bbvc_box_border_circle_2&Prime;][\/vc_column_inner][\/vc_row_inner][vc_row_inner content_placement=\u00a0\u00bbmiddle\u00a0\u00bb el_id=\u00a0\u00bbReg\u00a0\u00bb][vc_column_inner width=\u00a0\u00bb1\/2&Prime; offset=\u00a0\u00bbvc_hidden-xs\u00a0\u00bb][vc_single_image image=\u00a0\u00bb273&Prime; img_size=\u00a0\u00bblarge\u00a0\u00bb alignment=\u00a0\u00bbcenter\u00a0\u00bb style=\u00a0\u00bbvc_box_border_circle_2&Prime;][\/vc_column_inner][vc_column_inner width=\u00a0\u00bb1\/2&Prime; offset=\u00a0\u00bbvc_hidden-xs\u00a0\u00bb][vc_column_text]<\/p>\n<h2 style=\"text-align: center;\"><i class=\"fas fa-seedling\" style=\"color:#FA7226\" aria-hidden=\"true\"><\/i> Les irrigations de jardins<\/h2>\n<p style=\"text-align: center;\">Un beau jardin est un jardin bien entretenu. Nous vous proposons la conception et l&rsquo;installation du meilleur syst\u00e8me d&rsquo;irrigation pour votre jardin ou votre terrasse qui s\u2019adapte le mieux \u00e0 votre espace, en optimisant la croissance et le d\u00e9veloppement de vos plantes, en apportant de l&rsquo;eau n\u00e9cessaire et en optimisant des ressources en eau.<\/p>\n<p>[\/vc_column_text][\/vc_column_inner][\/vc_row_inner][vc_row_inner content_placement=\u00a0\u00bbmiddle\u00a0\u00bb el_id=\u00a0\u00bbReg\u00a0\u00bb][vc_column_inner width=\u00a0\u00bb1\/2&Prime; offset=\u00a0\u00bbvc_hidden-lg vc_hidden-md vc_hidden-sm\u00a0\u00bb][vc_column_text]<\/p>\n<h2 style=\"text-align: center;\"><i class=\"fas fa-seedling\" style=\"color:#FA7226\" aria-hidden=\"true\"><\/i> Les irrigations de jardins<\/h2>\n<p style=\"text-align: center;\">Un beau jardin est un jardin bien entretenu. Nous vous proposons la conception et l&rsquo;installation du meilleur syst\u00e8me d&rsquo;irrigation pour votre jardin ou votre terrasse qui s\u2019adapte le mieux \u00e0 votre espace, en optimisant la croissance et le d\u00e9veloppement de vos plantes, en apportant de l&rsquo;eau n\u00e9cessaire et en optimisant des ressources en eau.<\/p>\n<p>[\/vc_column_text][\/vc_column_inner][vc_column_inner width=\u00a0\u00bb1\/2&Prime; offset=\u00a0\u00bbvc_hidden-lg vc_hidden-md vc_hidden-sm\u00a0\u00bb][vc_single_image image=\u00a0\u00bb273&Prime; img_size=\u00a0\u00bblarge\u00a0\u00bb alignment=\u00a0\u00bbcenter\u00a0\u00bb style=\u00a0\u00bbvc_box_border_circle_2&Prime;][\/vc_column_inner][\/vc_row_inner][vc_row_inner content_placement=\u00a0\u00bbmiddle\u00a0\u00bb el_id=\u00a0\u00bbtelecomunicacions\u00a0\u00bb][vc_column_inner width=\u00a0\u00bb1\/2&Prime;][vc_column_text]<\/p>\n<h2 style=\"text-align: center;\"><i class=\"fas fa-wifi\" style=\"color:#FA7226\" aria-hidden=\"true\"><\/i> Les installations de t\u00e9l\u00e9communications<\/h2>\n<p style=\"text-align: center;\">Nous r\u00e9alisons des projets de t\u00e9l\u00e9communications dans des maisons, des appartements, des blocs de b\u00e2timents ou tout autre espace : installations TNT, t\u00e9l\u00e9phone, r\u00e9seaux UTP, wifi pour ordinateurs, interphones, vid\u00e9ophones.<\/p>\n<p>[\/vc_column_text][\/vc_column_inner][vc_column_inner width=\u00a0\u00bb1\/2&Prime;][vc_single_image image=\u00a0\u00bb274&Prime; img_size=\u00a0\u00bblarge\u00a0\u00bb alignment=\u00a0\u00bbcenter\u00a0\u00bb style=\u00a0\u00bbvc_box_border_circle_2&Prime;][\/vc_column_inner][\/vc_row_inner][vc_row_inner content_placement=\u00a0\u00bbmiddle\u00a0\u00bb el_id=\u00a0\u00bbdomotica\u00a0\u00bb][vc_column_inner width=\u00a0\u00bb1\/2&Prime; offset=\u00a0\u00bbvc_hidden-xs\u00a0\u00bb][vc_single_image image=\u00a0\u00bb275&Prime; img_size=\u00a0\u00bblarge\u00a0\u00bb alignment=\u00a0\u00bbcenter\u00a0\u00bb style=\u00a0\u00bbvc_box_border_circle_2&Prime;][\/vc_column_inner][vc_column_inner width=\u00a0\u00bb1\/2&Prime; offset=\u00a0\u00bbvc_hidden-xs\u00a0\u00bb][vc_column_text]<\/p>\n<h2 style=\"text-align: center;\"><i class=\"fas fa-mobile-alt\" style=\"color:#FA7226\" aria-hidden=\"true\"><\/i> La domotique<\/h2>\n<p style=\"text-align: center;\">La domotique rend votre maison plus agr\u00e9able et plus efficace et la rend plus qualitative. Si vous habitez avec une personne \u00e0 mobilit\u00e9 r\u00e9duite, se servir de la domotique peut am\u00e9liorer le quotidien.<\/p>\n<p style=\"text-align: center;\">Nous nous occupons du projet et des installations pour cr\u00e9er des maisons intelligentes, centraliser les stores, utiliser la lumi\u00e8re du soleil, allumer automatiquement les lumi\u00e8res, les d\u00e9tecteurs de gaz, d&rsquo;eau et de fum\u00e9e.<\/p>\n<p>[\/vc_column_text][\/vc_column_inner][\/vc_row_inner][vc_row_inner content_placement=\u00a0\u00bbmiddle\u00a0\u00bb el_id=\u00a0\u00bbdomotica\u00a0\u00bb][vc_column_inner width=\u00a0\u00bb1\/2&Prime; offset=\u00a0\u00bbvc_hidden-lg vc_hidden-md vc_hidden-sm\u00a0\u00bb][vc_column_text]<\/p>\n<h2 style=\"text-align: center;\"><i class=\"fas fa-mobile-alt\" style=\"color:#FA7226\" aria-hidden=\"true\"><\/i> La domotique<\/h2>\n<p style=\"text-align: center;\">La domotique rend votre maison plus agr\u00e9able et plus efficace et la rend plus qualitative. Si vous habitez avec une personne \u00e0 mobilit\u00e9 r\u00e9duite, se servir de la domotique peut am\u00e9liorer le quotidien.<\/p>\n<p style=\"text-align: center;\">Nous nous occupons du projet et des installations pour cr\u00e9er des maisons intelligentes, centraliser les stores, utiliser la lumi\u00e8re du soleil, allumer automatiquement les lumi\u00e8res, les d\u00e9tecteurs de gaz, d&rsquo;eau et de fum\u00e9e.<\/p>\n<p>[\/vc_column_text][\/vc_column_inner][vc_column_inner width=\u00a0\u00bb1\/2&Prime; offset=\u00a0\u00bbvc_hidden-lg vc_hidden-md vc_hidden-sm\u00a0\u00bb][vc_single_image image=\u00a0\u00bb275&Prime; img_size=\u00a0\u00bblarge\u00a0\u00bb alignment=\u00a0\u00bbcenter\u00a0\u00bb style=\u00a0\u00bbvc_box_border_circle_2&Prime;][\/vc_column_inner][\/vc_row_inner][\/vc_column][\/vc_row][\/vc_section][vc_row full_width=\u00a0\u00bbstretch_row_content\u00a0\u00bb css=\u00a0\u00bb.vc_custom_1653903834450{background: #fa7226 url(https:\/\/imarsl.com\/wp-content\/uploads\/2022\/05\/ENERGIES-RENOVABLES-area-1.jpg?id=290) !important;background-position: center !important;background-repeat: no-repeat !important;background-size: cover !important;}\u00a0\u00bb][vc_column width=\u00a0\u00bb1\/2&Prime;][\/vc_column][vc_column width=\u00a0\u00bb1\/2&Prime;][vc_empty_space height=\u00a0\u00bb50px\u00a0\u00bb][vc_column_text]<\/p>\n<h2 style=\"text-align: center;\"><span style=\"color: #fa7226;\"><strong>Les \u00e9nergies renouvelables sont le pr\u00e9sent et l&rsquo;avenir<\/strong><\/span><\/h2>\n<p>[\/vc_column_text][vc_column_text]<\/p>\n<h4 style=\"text-align: center;\">Servez-vous d\u2019outils et de solutions intelligents pour r\u00e9duire la consommation.<\/h4>\n<h4 style=\"text-align: center;\">Mettez en \u0153uvre des actions responsables pour am\u00e9liorer la soci\u00e9t\u00e9.<\/h4>\n<h4 style=\"text-align: center;\">Augmentez la valeur de votre entreprise ou de votre habitat.<\/h4>\n<p>[\/vc_column_text][vc_btn title=\u00a0\u00bb<b>AGISSEZ POUR UNE \u00c9NERGIE PROPRE<\/b>\u00a0\u00bb style=\u00a0\u00bbflat\u00a0\u00bb shape=\u00a0\u00bbround\u00a0\u00bb color=\u00a0\u00bbwarning\u00a0\u00bb size=\u00a0\u00bblg\u00a0\u00bb align=\u00a0\u00bbcenter\u00a0\u00bb i_align=\u00a0\u00bbright\u00a0\u00bb i_icon_fontawesome=\u00a0\u00bbfas fa-arrow-circle-right\u00a0\u00bb css_animation=\u00a0\u00bbfadeInLeftBig\u00a0\u00bb add_icon=\u00a0\u00bbtrue\u00a0\u00bb link=\u00a0\u00bburl:https%3A%2F%2Fimarsl.com%2Ffr%2Fenergies-renouvelables%2F|title:%C3%89NERGIES%20RENOUVELABLES\u00a0\u00bb][vc_empty_space height=\u00a0\u00bb50px\u00a0\u00bb][\/vc_column][\/vc_row][vc_section full_width=\u00a0\u00bbstretch_row_content\u00a0\u00bb css=\u00a0\u00bb.vc_custom_1653903830441{background-image: url(https:\/\/imarsl.com\/wp-content\/uploads\/2022\/04\/home-IMAR-3.jpg?id=67) !important;background-position: center !important;background-repeat: no-repeat !important;background-size: cover !important;}\u00a0\u00bb][vc_row][vc_column][vc_empty_space height=\u00a0\u00bb50px\u00a0\u00bb][\/vc_column][\/vc_row][vc_row][vc_column width=\u00a0\u00bb1\/2&Prime;][vc_column_text]<\/p>\n<h2 style=\"text-align: center;\"><span style=\"color: #016dad;\"><strong>Comment pouvons-nous vous aider ?<\/strong><\/span><\/h2>\n<p>[\/vc_column_text][vc_column_text]<\/p>\n<h4 style=\"text-align: center;\">Contactez-nous si vous avez des questions ou si avez besoin d&rsquo;un devis.<\/h4>\n<p>[\/vc_column_text][vc_btn title=\u00a0\u00bb<b>CONTACTEZ-NOUS SANS ENGAGEMENT<\/b>\u00a0\u00bb style=\u00a0\u00bbflat\u00a0\u00bb shape=\u00a0\u00bbround\u00a0\u00bb color=\u00a0\u00bbprimary\u00a0\u00bb size=\u00a0\u00bblg\u00a0\u00bb align=\u00a0\u00bbcenter\u00a0\u00bb i_align=\u00a0\u00bbright\u00a0\u00bb i_icon_fontawesome=\u00a0\u00bbfas fa-arrow-circle-right\u00a0\u00bb css_animation=\u00a0\u00bbfadeInRightBig\u00a0\u00bb add_icon=\u00a0\u00bbtrue\u00a0\u00bb link=\u00a0\u00bburl:https%3A%2F%2Fimarsl.com%2Ffr%2Fcontact-imar%2F|title:CONTACT%20IMAR\u00a0\u00bb][\/vc_column][vc_column width=\u00a0\u00bb1\/2&Prime;][\/vc_column][\/vc_row][vc_row][vc_column][vc_empty_space height=\u00a0\u00bb50px\u00a0\u00bb][\/vc_column][\/vc_row][\/vc_section]<\/p>\n","protected":false},"excerpt":{"rendered":"<p>[vc_row full_width=\u00a0\u00bbstretch_row_content\u00a0\u00bb equal_height=\u00a0\u00bbyes\u00a0\u00bb content_placement=\u00a0\u00bbmiddle\u00a0\u00bb css=\u00a0\u00bb.vc_custom_1653903806383{background-image: url(https:\/\/imarsl.com\/wp-content\/uploads\/2022\/04\/home-llar.jpg?id=52) !important;background-position: center !important;background-repeat: no-repeat !important;background-size: cover !important;}\u00a0\u00bb][vc_column width=\u00a0\u00bb1\/2&Prime; offset=\u00a0\u00bbvc_hidden-sm vc_hidden-xs\u00a0\u00bb][vc_empty_space height=\u00a0\u00bb100px\u00a0\u00bb][\/vc_column][vc_column width=\u00a0\u00bb1\/2&Prime; offset=\u00a0\u00bbvc_hidden-sm vc_hidden-xs\u00a0\u00bb][vc_row_inner][vc_column_inner][vc_empty_space height=\u00a0\u00bb100px\u00a0\u00bb][\/vc_column_inner][\/vc_row_inner][vc_column_text] Faites de votre maison le<span class=\"excerpt-hellip\"> [\u2026]<\/span><\/p>\n","protected":false},"author":3,"featured_media":645,"parent":0,"menu_order":0,"comment_status":"closed","ping_status":"closed","template":"","meta":{"footnotes":""},"class_list":["post-929","page","type-page","status-publish","has-post-thumbnail","hentry"],"_links":{"self":[{"href":"https:\/\/imarsl.com\/fr\/wp-json\/wp\/v2\/pages\/929"}],"collection":[{"href":"https:\/\/imarsl.com\/fr\/wp-json\/wp\/v2\/pages"}],"about":[{"href":"https:\/\/imarsl.com\/fr\/wp-json\/wp\/v2\/types\/page"}],"author":[{"embeddable":true,"href":"https:\/\/imarsl.com\/fr\/wp-json\/wp\/v2\/users\/3"}],"replies":[{"embeddable":true,"href":"https:\/\/imarsl.com\/fr\/wp-json\/wp\/v2\/comments?post=929"}],"version-history":[{"count":4,"href":"https:\/\/imarsl.com\/fr\/wp-json\/wp\/v2\/pages\/929\/revisions"}],"predecessor-version":[{"id":1010,"href":"https:\/\/imarsl.com\/fr\/wp-json\/wp\/v2\/pages\/929\/revisions\/1010"}],"wp:featuredmedia":[{"embeddable":true,"href":"https:\/\/imarsl.com\/fr\/wp-json\/wp\/v2\/media\/645"}],"wp:attachment":[{"href":"https:\/\/imarsl.com\/fr\/wp-json\/wp\/v2\/media?parent=929"}],"curies":[{"name":"wp","href":"https:\/\/api.w.org\/{rel}","templated":true}]}}