{"id":679,"date":"2022-04-22T09:17:23","date_gmt":"2022-04-22T07:17:23","guid":{"rendered":"https:\/\/imarsl.com\/inici\/"},"modified":"2026-01-23T09:27:23","modified_gmt":"2026-01-23T08:27:23","slug":"home-fr","status":"publish","type":"page","link":"https:\/\/imarsl.com\/fr\/","title":{"rendered":"HOME"},"content":{"rendered":"<p>[vc_section full_width=\u00a0\u00bbstretch_row_content\u00a0\u00bb content_placement=\u00a0\u00bbmiddle\u00a0\u00bb css=\u00a0\u00bb.vc_custom_1656486547738{background-image: url(https:\/\/imarsl.com\/wp-content\/uploads\/2022\/04\/instalacions-imar2.jpg?id=15) !important;background-position: center !important;background-repeat: no-repeat !important;background-size: cover !important;}\u00a0\u00bb][vc_row equal_height=\u00a0\u00bbyes\u00a0\u00bb content_placement=\u00a0\u00bbmiddle\u00a0\u00bb][vc_column width=\u00a0\u00bb1\/3&Prime; offset=\u00a0\u00bbvc_hidden-sm vc_hidden-xs\u00a0\u00bb][vc_empty_space height=\u00a0\u00bb400px\u00a0\u00bb][\/vc_column][vc_column width=\u00a0\u00bb2\/3&Prime; offset=\u00a0\u00bbvc_hidden-sm vc_hidden-xs\u00a0\u00bb][vc_empty_space height=\u00a0\u00bb100px\u00a0\u00bb][vc_column_text]<\/p>\n<h1 style=\"text-align: center;\"><span style=\"color: #ffffff;\">Ing\u00e9nierie des installations et efficience \u00e9nerg\u00e9tique pour l&rsquo;habitat, l&rsquo;industrie et le secteur tertiaire<\/span><\/h1>\n<p>[\/vc_column_text][vc_btn title=\u00a0\u00bb<b>\u00c9NERGIES RENOUVELABLES<\/b>\u00a0\u00bb style=\u00a0\u00bbflat\u00a0\u00bb shape=\u00a0\u00bbround\u00a0\u00bb color=\u00a0\u00bbwarning\u00a0\u00bb size=\u00a0\u00bblg\u00a0\u00bb align=\u00a0\u00bbcenter\u00a0\u00bb i_align=\u00a0\u00bbright\u00a0\u00bb i_icon_fontawesome=\u00a0\u00bbfas fa-arrow-circle-right\u00a0\u00bb css_animation=\u00a0\u00bbfadeInRightBig\u00a0\u00bb add_icon=\u00a0\u00bbtrue\u00a0\u00bb link=\u00a0\u00bburl:https%3A%2F%2Fimarsl.com%2Ffr%2Fenergies-renouvelables%2F|title:LES%20%C3%89NERGIES%20RENOUVELABLES\u00a0\u00bb][\/vc_column][\/vc_row][vc_row equal_height=\u00a0\u00bbyes\u00a0\u00bb content_placement=\u00a0\u00bbmiddle\u00a0\u00bb][vc_column offset=\u00a0\u00bbvc_hidden-lg vc_hidden-md\u00a0\u00bb][vc_empty_space height=\u00a0\u00bb50px\u00a0\u00bb][vc_column_text]<\/p>\n<h1 style=\"text-align: center;\"><span style=\"color: #ffffff;\">Ing\u00e9nierie des installations et efficience \u00e9nerg\u00e9tique pour l&rsquo;habitat, l&rsquo;industrie et le secteur tertiaire<\/span><\/h1>\n<p>[\/vc_column_text][vc_btn title=\u00a0\u00bb<b>\u00c9NERGIES RENOUVELABLES<\/b>\u00a0\u00bb style=\u00a0\u00bbflat\u00a0\u00bb shape=\u00a0\u00bbround\u00a0\u00bb color=\u00a0\u00bbwarning\u00a0\u00bb size=\u00a0\u00bblg\u00a0\u00bb align=\u00a0\u00bbcenter\u00a0\u00bb i_align=\u00a0\u00bbright\u00a0\u00bb i_icon_fontawesome=\u00a0\u00bbfas fa-arrow-circle-right\u00a0\u00bb css_animation=\u00a0\u00bbfadeInRightBig\u00a0\u00bb add_icon=\u00a0\u00bbtrue\u00a0\u00bb link=\u00a0\u00bburl:https%3A%2F%2Fimarsl.com%2Ffr%2Fenergies-renouvelables%2F|title:LES%20%C3%89NERGIES%20RENOUVELABLES\u00a0\u00bb][vc_empty_space height=\u00a0\u00bb25px\u00a0\u00bb][\/vc_column][\/vc_row][vc_row content_placement=\u00a0\u00bbtop\u00a0\u00bb][vc_column offset=\u00a0\u00bbvc_hidden-sm vc_hidden-xs\u00a0\u00bb][vc_empty_space height=\u00a0\u00bb20px\u00a0\u00bb][vc_row_inner css=\u00a0\u00bb.vc_custom_1656487354609{margin-right: 250px !important;margin-left: 250px !important;}\u00a0\u00bb][vc_column_inner width=\u00a0\u00bb1\/5&Prime;][vc_column_text el_class=\u00a0\u00bbbody { color: #FFFFFF; }\u00a0\u00bb]<\/p>\n<p style=\"text-align: center;\"><a class=\"content_link promo\" href=\"https:\/\/imarsl.com\/fr\/lhabitat\/\"  ><span class=\"icon\"><i class=\"fas fa-home\" aria-hidden=\"true\"><\/i><\/span><\/a><\/p>\n<h4 style=\"text-align: center;\"><span style=\"color: #ffffff;\">L&rsquo;habitat<\/span><\/h4>\n<p>[\/vc_column_text][\/vc_column_inner][vc_column_inner width=\u00a0\u00bb1\/5&Prime;][vc_column_text el_class=\u00a0\u00bbbody { color: #FFFFFF; }\u00a0\u00bb]<\/p>\n<p style=\"text-align: center;\"><a class=\"content_link promo\" href=\"https:\/\/imarsl.com\/fr\/industrie\/\"  ><span class=\"icon\"><i class=\"fas fa-city\" aria-hidden=\"true\"><\/i><\/span><\/a><\/p>\n<h4 style=\"text-align: center;\"><span style=\"color: #ffffff;\">Industriel<\/span><\/h4>\n<p>[\/vc_column_text][\/vc_column_inner][vc_column_inner width=\u00a0\u00bb1\/5&Prime;][vc_column_text el_class=\u00a0\u00bbbody { color: #FFFFFF; }\u00a0\u00bb]<\/p>\n<p style=\"text-align: center;\"><a class=\"content_link promo\" href=\"https:\/\/imarsl.com\/fr\/energies-renouvelables\/\" target=\"_blank\" ><span class=\"icon\"><i class=\"fas fa-solar-panel\" aria-hidden=\"true\"><\/i><\/span><\/a><\/p>\n<h4 style=\"text-align: center;\"><span style=\"color: #ffffff;\">\u00c9nergies renouvelables<\/span><\/h4>\n<p>[\/vc_column_text][\/vc_column_inner][vc_column_inner width=\u00a0\u00bb1\/5&Prime;][vc_column_text el_class=\u00a0\u00bbbody { color: #FFFFFF; }\u00a0\u00bb]<\/p>\n<p style=\"text-align: center;\"><a class=\"content_link promo\" href=\"https:\/\/imarsl.com\/fr\/secteur-tertiaire\/\" target=\"_blank\" ><span class=\"icon\"><i class=\"fas fa-hospital\" aria-hidden=\"true\"><\/i><\/span><\/a><\/p>\n<h4 style=\"text-align: center;\"><span style=\"color: #ffffff;\">Secteur Tertiaire<\/span><\/h4>\n<p>[\/vc_column_text][\/vc_column_inner][vc_column_inner width=\u00a0\u00bb1\/5&Prime;][vc_column_text el_class=\u00a0\u00bbbody { color: #FFFFFF; }\u00a0\u00bb]<\/p>\n<p style=\"text-align: center;\"><a class=\"content_link promo\" href=\"https:\/\/imarsl.com\/fr\/point-de-service-endesa\/\" target=\"_blank\" ><span class=\"icon\"><i class=\"fas fa-headset\" aria-hidden=\"true\"><\/i><\/span><\/a><\/p>\n<h4 style=\"text-align: center;\"><span style=\"color: #ffffff;\">Endesa<\/span><\/h4>\n<p>[\/vc_column_text][\/vc_column_inner][\/vc_row_inner][vc_empty_space height=\u00a0\u00bb20px\u00a0\u00bb][\/vc_column][\/vc_row][\/vc_section][vc_section full_width=\u00a0\u00bbstretch_row_content\u00a0\u00bb css=\u00a0\u00bb.vc_custom_1653990328430{background-image: url(https:\/\/imarsl.com\/wp-content\/uploads\/2022\/04\/home-llar.jpg?id=52) !important;background-position: center !important;background-repeat: no-repeat !important;background-size: cover !important;}\u00a0\u00bb][vc_row][vc_column][vc_empty_space height=\u00a0\u00bb60px\u00a0\u00bb][\/vc_column][\/vc_row][vc_row full_width=\u00a0\u00bbstretch_row\u00a0\u00bb equal_height=\u00a0\u00bbyes\u00a0\u00bb css=\u00a0\u00bb.vc_custom_1650895710361{background-position: center !important;background-repeat: no-repeat !important;background-size: cover !important;}\u00a0\u00bb][vc_column width=\u00a0\u00bb1\/2&Prime;][\/vc_column][vc_column width=\u00a0\u00bb1\/2&Prime; css=\u00a0\u00bb.vc_custom_1650958325222{background-position: center !important;background-repeat: no-repeat !important;background-size: cover !important;}\u00a0\u00bb][vc_column_text]<\/p>\n<h2 style=\"text-align: center;\"><span style=\"color: #fa7226;\"><strong>Confort et efficience \u00e9nerg\u00e9tique dans votre habitat.<\/strong><\/span><\/h2>\n<p>[\/vc_column_text][vc_column_text]<\/p>\n<h4 style=\"text-align: center;\">Am\u00e9liorez la qualit\u00e9 de vie dans votre maison.<\/h4>\n<h4 style=\"text-align: center;\">R\u00e9duisez les d\u00e9penses et la consommation de combustibles fossiles.<\/h4>\n<h4 style=\"text-align: center;\">Contribuez au bien-\u00eatre des g\u00e9n\u00e9rations futures.<\/h4>\n<p>[\/vc_column_text][vc_btn title=\u00a0\u00bb<b>D\u00c9COUVREZ CE QUE NOUS POUVONS FAIRE POUR VOTRE MAISON<\/b>\u00a0\u00bb style=\u00a0\u00bbflat\u00a0\u00bb shape=\u00a0\u00bbround\u00a0\u00bb color=\u00a0\u00bbwarning\u00a0\u00bb size=\u00a0\u00bblg\u00a0\u00bb align=\u00a0\u00bbcenter\u00a0\u00bb i_align=\u00a0\u00bbright\u00a0\u00bb i_icon_fontawesome=\u00a0\u00bbfas fa-arrow-circle-right\u00a0\u00bb css_animation=\u00a0\u00bbfadeInLeftBig\u00a0\u00bb add_icon=\u00a0\u00bbtrue\u00a0\u00bb link=\u00a0\u00bburl:https%3A%2F%2Fimarsl.com%2Ffr%2Flhabitat%2F|title:L&rsquo;HABITAT\u00a0\u00bb][vc_empty_space height=\u00a0\u00bb10px\u00a0\u00bb][\/vc_column][\/vc_row][\/vc_section][vc_section full_width=\u00a0\u00bbstretch_row_content\u00a0\u00bb css=\u00a0\u00bb.vc_custom_1653990334365{background-image: url(https:\/\/imarsl.com\/wp-content\/uploads\/2022\/04\/HOME-ENERGIES-RENOVABLES.jpg?id=56) !important;background-position: center !important;background-repeat: no-repeat !important;background-size: cover !important;}\u00a0\u00bb][vc_row][vc_column][vc_empty_space height=\u00a0\u00bb60px\u00a0\u00bb][\/vc_column][\/vc_row][vc_row full_width=\u00a0\u00bbstretch_row\u00a0\u00bb equal_height=\u00a0\u00bbyes\u00a0\u00bb css=\u00a0\u00bb.vc_custom_1650895710361{background-position: center !important;background-repeat: no-repeat !important;background-size: cover !important;}\u00a0\u00bb][vc_column width=\u00a0\u00bb1\/2&Prime;][vc_column_text]<\/p>\n<h2 style=\"text-align: center;\"><span style=\"color: #016dad;\"><strong>Les \u00e9nergies renouvelables sont le pr\u00e9sent et l&rsquo;avenir.<\/strong><\/span><\/h2>\n<p>[\/vc_column_text][vc_column_text]<\/p>\n<h4 style=\"text-align: center;\">Servez-vous d\u2019outils et de solutions intelligents pour r\u00e9duire la consommation.<\/h4>\n<h4 style=\"text-align: center;\">Mettez en \u0153uvre des actions responsables pour am\u00e9liorer la soci\u00e9t\u00e9.<\/h4>\n<h4 style=\"text-align: center;\">Augmentez la valeur de votre entreprise ou de votre habitat.<\/h4>\n<p>[\/vc_column_text][vc_btn title=\u00a0\u00bb<b>AGISSEZ POUR UNE \u00c9NERGIE PROPRE<\/b>\u00a0\u00bb style=\u00a0\u00bbflat\u00a0\u00bb shape=\u00a0\u00bbround\u00a0\u00bb color=\u00a0\u00bbprimary\u00a0\u00bb size=\u00a0\u00bblg\u00a0\u00bb align=\u00a0\u00bbcenter\u00a0\u00bb i_align=\u00a0\u00bbright\u00a0\u00bb i_icon_fontawesome=\u00a0\u00bbfas fa-arrow-circle-right\u00a0\u00bb css_animation=\u00a0\u00bbfadeInRightBig\u00a0\u00bb add_icon=\u00a0\u00bbtrue\u00a0\u00bb link=\u00a0\u00bburl:https%3A%2F%2Fimarsl.com%2Ffr%2Fenergies-renouvelables%2F|title:LES%20%C3%89NERGIES%20RENOUVELABLES\u00a0\u00bb][vc_empty_space height=\u00a0\u00bb10px\u00a0\u00bb][\/vc_column][vc_column width=\u00a0\u00bb1\/2&Prime; css=\u00a0\u00bb.vc_custom_1650958325222{background-position: center !important;background-repeat: no-repeat !important;background-size: cover !important;}\u00a0\u00bb][\/vc_column][\/vc_row][\/vc_section][vc_section full_width=\u00a0\u00bbstretch_row_content\u00a0\u00bb css=\u00a0\u00bb.vc_custom_1653990339157{background-image: url(https:\/\/imarsl.com\/wp-content\/uploads\/2022\/04\/home-FACTORY.jpg?id=57) !important;background-position: center !important;background-repeat: no-repeat !important;background-size: cover !important;}\u00a0\u00bb][vc_row][vc_column][vc_empty_space height=\u00a0\u00bb60px\u00a0\u00bb][\/vc_column][\/vc_row][vc_row full_width=\u00a0\u00bbstretch_row\u00a0\u00bb equal_height=\u00a0\u00bbyes\u00a0\u00bb css=\u00a0\u00bb.vc_custom_1650895710361{background-position: center !important;background-repeat: no-repeat !important;background-size: cover !important;}\u00a0\u00bb][vc_column width=\u00a0\u00bb1\/2&Prime;][\/vc_column][vc_column width=\u00a0\u00bb1\/2&Prime; css=\u00a0\u00bb.vc_custom_1650958325222{background-position: center !important;background-repeat: no-repeat !important;background-size: cover !important;}\u00a0\u00bb][vc_column_text]<\/p>\n<h2 style=\"text-align: center;\"><span style=\"color: #fa7226;\"><strong>L\u2019ing\u00e9nierie des installations dans l&rsquo;industrie.<\/strong><\/span><\/h2>\n<p>[\/vc_column_text][vc_column_text]<\/p>\n<h4 style=\"text-align: center;\">S\u2019assurer de la s\u00e9curit\u00e9 et la maintenance des protocoles \u00e9tablis.<\/h4>\n<h4 style=\"text-align: center;\">Optimiser les besoins en climatisation, automatisations et contr\u00f4le industriel.<\/h4>\n<h4 style=\"text-align: center;\">Concevoir, calculer et ex\u00e9cuter des installations compl\u00e8tes.<\/h4>\n<p>[\/vc_column_text][vc_btn title=\u00a0\u00bb<b>ACC\u00c9DEZ \u00c0 TOUTES LES SOLUTIONS POUR L&rsquo;INDUSTRIE<\/b>\u00a0\u00bb style=\u00a0\u00bbflat\u00a0\u00bb shape=\u00a0\u00bbround\u00a0\u00bb color=\u00a0\u00bbwarning\u00a0\u00bb size=\u00a0\u00bblg\u00a0\u00bb align=\u00a0\u00bbcenter\u00a0\u00bb i_align=\u00a0\u00bbright\u00a0\u00bb i_icon_fontawesome=\u00a0\u00bbfas fa-arrow-circle-right\u00a0\u00bb css_animation=\u00a0\u00bbfadeInLeftBig\u00a0\u00bb add_icon=\u00a0\u00bbtrue\u00a0\u00bb link=\u00a0\u00bburl:https%3A%2F%2Fimarsl.com%2Ffr%2Findustrie%2F|title:SECTEUR%20TERTIAIRE\u00a0\u00bb][vc_empty_space height=\u00a0\u00bb10px\u00a0\u00bb][\/vc_column][\/vc_row][\/vc_section][vc_section full_width=\u00a0\u00bbstretch_row_content\u00a0\u00bb css=\u00a0\u00bb.vc_custom_1653990344014{background-image: url(https:\/\/imarsl.com\/wp-content\/uploads\/2022\/04\/home-SECTOR-TERCIARI.jpg?id=59) !important;background-position: center !important;background-repeat: no-repeat !important;background-size: cover !important;}\u00a0\u00bb][vc_row][vc_column][vc_empty_space height=\u00a0\u00bb60px\u00a0\u00bb][\/vc_column][\/vc_row][vc_row full_width=\u00a0\u00bbstretch_row\u00a0\u00bb equal_height=\u00a0\u00bbyes\u00a0\u00bb css=\u00a0\u00bb.vc_custom_1650895710361{background-position: center !important;background-repeat: no-repeat !important;background-size: cover !important;}\u00a0\u00bb][vc_column width=\u00a0\u00bb1\/2&Prime;][vc_column_text]<\/p>\n<h2 style=\"text-align: center;\"><span style=\"color: #016dad;\"><strong>Si nous am\u00e9liorons l&rsquo;efficience des b\u00e2timents, nous am\u00e9liorons la vie des gens.<\/strong><\/span><\/h2>\n<p>[\/vc_column_text][vc_column_text]<\/p>\n<h4 style=\"text-align: center;\">Participer \u00e0 toutes les phases du projet.<\/h4>\n<h4 style=\"text-align: center;\">Embaucher les sp\u00e9cialistes les plus appropri\u00e9s pour chaque plan d&rsquo;action.<\/h4>\n<p>[\/vc_column_text][vc_btn title=\u00a0\u00bb<b>AM\u00c9LIOREZ L&rsquo;EFFICACIT\u00c9 DU SECTEUR TERTIAIRE<\/b>\u00a0\u00bb style=\u00a0\u00bbflat\u00a0\u00bb shape=\u00a0\u00bbround\u00a0\u00bb color=\u00a0\u00bbprimary\u00a0\u00bb size=\u00a0\u00bblg\u00a0\u00bb align=\u00a0\u00bbcenter\u00a0\u00bb i_align=\u00a0\u00bbright\u00a0\u00bb i_icon_fontawesome=\u00a0\u00bbfas fa-arrow-circle-right\u00a0\u00bb css_animation=\u00a0\u00bbfadeInRightBig\u00a0\u00bb add_icon=\u00a0\u00bbtrue\u00a0\u00bb link=\u00a0\u00bburl:https%3A%2F%2Fimarsl.com%2Ffr%2Fsecteur-tertiaire%2F|title:SECTEUR%20TERTIAIRE\u00a0\u00bb][vc_empty_space height=\u00a0\u00bb10px\u00a0\u00bb][\/vc_column][vc_column width=\u00a0\u00bb1\/2&Prime; css=\u00a0\u00bb.vc_custom_1650958325222{background-position: center !important;background-repeat: no-repeat !important;background-size: cover !important;}\u00a0\u00bb][\/vc_column][\/vc_row][\/vc_section][vc_section full_width=\u00a0\u00bbstretch_row_content\u00a0\u00bb css=\u00a0\u00bb.vc_custom_1769156583004{background-image: url(https:\/\/imarsl.com\/wp-content\/uploads\/2026\/01\/home-imar-arbucies.png?id=1148) !important;background-position: center !important;background-repeat: no-repeat !important;background-size: cover !important;}\u00a0\u00bb][vc_row][vc_column][vc_empty_space height=\u00a0\u00bb120px\u00a0\u00bb][\/vc_column][\/vc_row][vc_row full_width=\u00a0\u00bbstretch_row\u00a0\u00bb equal_height=\u00a0\u00bbyes\u00a0\u00bb css=\u00a0\u00bb.vc_custom_1650895710361{background-position: center !important;background-repeat: no-repeat !important;background-size: cover !important;}\u00a0\u00bb][vc_column width=\u00a0\u00bb1\/2&Prime;][\/vc_column][vc_column width=\u00a0\u00bb1\/2&Prime; css=\u00a0\u00bb.vc_custom_1650958325222{background-position: center !important;background-repeat: no-repeat !important;background-size: cover !important;}\u00a0\u00bb][vc_column_text]<\/p>\n<h2 style=\"text-align: center;\"><span style=\"color: #fa7226;\"><strong>Nous travaillons pour am\u00e9liorer l&rsquo;efficience \u00e9nerg\u00e9tique et assurer la s\u00e9curit\u00e9 des installations de nos clients.<\/strong><\/span><\/h2>\n<p>[\/vc_column_text][vc_column_text]<\/p>\n<h4 style=\"text-align: center;\">Nous sommes des sp\u00e9cialistes en l&rsquo;ing\u00e9nierie d&rsquo;installations compl\u00e8tes et en \u00e9nergies renouvelables.<\/h4>\n<h4 style=\"text-align: center;\">C&rsquo;est pourquoi nous traitons chaque projet, petit ou grand, comme s\u2019il \u00e9tait unique, et nous cherchons \u00e0 obtenir les meilleures solutions et une efficience maximale.<\/h4>\n<p>[\/vc_column_text][vc_btn title=\u00a0\u00bb<b>EN SAVOIR PLUS SUR IMAR<\/b>\u00a0\u00bb style=\u00a0\u00bbflat\u00a0\u00bb shape=\u00a0\u00bbround\u00a0\u00bb color=\u00a0\u00bbwarning\u00a0\u00bb size=\u00a0\u00bblg\u00a0\u00bb align=\u00a0\u00bbcenter\u00a0\u00bb i_align=\u00a0\u00bbright\u00a0\u00bb i_icon_fontawesome=\u00a0\u00bbfas fa-arrow-circle-right\u00a0\u00bb css_animation=\u00a0\u00bbfadeInRightBig\u00a0\u00bb add_icon=\u00a0\u00bbtrue\u00a0\u00bb link=\u00a0\u00bburl:https%3A%2F%2Fimarsl.com%2Ffr%2Fa-propos-dimar%2F|title:EN%20SAVOIR%20PLUS%20SUR%20IMAR\u00a0\u00bb][\/vc_column][\/vc_row][vc_row][vc_column][vc_empty_space height=\u00a0\u00bb60px\u00a0\u00bb][\/vc_column][\/vc_row][\/vc_section]<\/p>\n","protected":false},"excerpt":{"rendered":"<p>[vc_section full_width=\u00a0\u00bbstretch_row_content\u00a0\u00bb content_placement=\u00a0\u00bbmiddle\u00a0\u00bb css=\u00a0\u00bb.vc_custom_1656486547738{background-image: url(https:\/\/imarsl.com\/wp-content\/uploads\/2022\/04\/instalacions-imar2.jpg?id=15) !important;background-position: center !important;background-repeat: no-repeat !important;background-size: cover !important;}\u00a0\u00bb][vc_row equal_height=\u00a0\u00bbyes\u00a0\u00bb content_placement=\u00a0\u00bbmiddle\u00a0\u00bb][vc_column width=\u00a0\u00bb1\/3&Prime; offset=\u00a0\u00bbvc_hidden-sm vc_hidden-xs\u00a0\u00bb][vc_empty_space height=\u00a0\u00bb400px\u00a0\u00bb][\/vc_column][vc_column width=\u00a0\u00bb2\/3&Prime; offset=\u00a0\u00bbvc_hidden-sm vc_hidden-xs\u00a0\u00bb][vc_empty_space height=\u00a0\u00bb100px\u00a0\u00bb][vc_column_text] Ing\u00e9nierie des installations et<span class=\"excerpt-hellip\"> [\u2026]<\/span><\/p>\n","protected":false},"author":3,"featured_media":645,"parent":0,"menu_order":0,"comment_status":"closed","ping_status":"closed","template":"","meta":{"footnotes":""},"class_list":["post-679","page","type-page","status-publish","has-post-thumbnail","hentry"],"_links":{"self":[{"href":"https:\/\/imarsl.com\/fr\/wp-json\/wp\/v2\/pages\/679"}],"collection":[{"href":"https:\/\/imarsl.com\/fr\/wp-json\/wp\/v2\/pages"}],"about":[{"href":"https:\/\/imarsl.com\/fr\/wp-json\/wp\/v2\/types\/page"}],"author":[{"embeddable":true,"href":"https:\/\/imarsl.com\/fr\/wp-json\/wp\/v2\/users\/3"}],"replies":[{"embeddable":true,"href":"https:\/\/imarsl.com\/fr\/wp-json\/wp\/v2\/comments?post=679"}],"version-history":[{"count":10,"href":"https:\/\/imarsl.com\/fr\/wp-json\/wp\/v2\/pages\/679\/revisions"}],"predecessor-version":[{"id":1154,"href":"https:\/\/imarsl.com\/fr\/wp-json\/wp\/v2\/pages\/679\/revisions\/1154"}],"wp:featuredmedia":[{"embeddable":true,"href":"https:\/\/imarsl.com\/fr\/wp-json\/wp\/v2\/media\/645"}],"wp:attachment":[{"href":"https:\/\/imarsl.com\/fr\/wp-json\/wp\/v2\/media?parent=679"}],"curies":[{"name":"wp","href":"https:\/\/api.w.org\/{rel}","templated":true}]}}