{"id":786,"date":"2022-05-30T09:12:44","date_gmt":"2022-05-30T07:12:44","guid":{"rendered":"https:\/\/imarsl.com\/conoce-imar\/"},"modified":"2024-11-12T10:39:54","modified_gmt":"2024-11-12T09:39:54","slug":"conoce-imar","status":"publish","type":"page","link":"https:\/\/imarsl.com\/es\/conoce-imar\/","title":{"rendered":"SOBRE IMAR"},"content":{"rendered":"<p>[vc_row full_width=\u00bbstretch_row_content\u00bb equal_height=\u00bbyes\u00bb content_placement=\u00bbmiddle\u00bb css=\u00bb.vc_custom_1653905420404{background-image: url(https:\/\/imarsl.com\/wp-content\/uploads\/2022\/05\/IMAR-AREA1.jpg?id=403) !important;background-position: center !important;background-repeat: no-repeat !important;background-size: cover !important;}\u00bb][vc_column width=\u00bb1\/2&#8243; offset=\u00bbvc_hidden-sm vc_hidden-xs\u00bb][vc_row_inner][vc_column_inner][vc_empty_space height=\u00bb100px\u00bb][\/vc_column_inner][\/vc_row_inner][\/vc_column][vc_column width=\u00bb1\/2&#8243; offset=\u00bbvc_hidden-sm vc_hidden-xs\u00bb][vc_empty_space height=\u00bb50px\u00bb][vc_column_text]<\/p>\n<h1 style=\"text-align: center;\"><span style=\"color: #016dad;\">Ingenier\u00eda de instalaciones eficaz y eficiente para cada proyecto<\/span><\/h1>\n<p>[\/vc_column_text][vc_column_text]<\/p>\n<h3 style=\"text-align: center;\"><strong>Mantenernos al d\u00eda en las novedades del mercado energ\u00e9tico y la ingenier\u00eda nos ayuda a proponer las mejores soluciones para cada proyecto.<\/strong><\/h3>\n<h3 style=\"text-align: center;\"><strong>La seguridad es nuestro principal aliado tanto en ejecuci\u00f3n como en mantenimiento.<\/strong><\/h3>\n<p>[\/vc_column_text][vc_empty_space height=\u00bb50px\u00bb][\/vc_column][\/vc_row][vc_row full_width=\u00bbstretch_row_content\u00bb equal_height=\u00bbyes\u00bb content_placement=\u00bbmiddle\u00bb css=\u00bb.vc_custom_1653905420404{background-image: url(https:\/\/imarsl.com\/wp-content\/uploads\/2022\/05\/IMAR-AREA1.jpg?id=403) !important;background-position: center !important;background-repeat: no-repeat !important;background-size: cover !important;}\u00bb][vc_column offset=\u00bbvc_hidden-lg vc_hidden-md\u00bb][vc_empty_space height=\u00bb50px\u00bb][vc_column_text]<\/p>\n<h1 style=\"text-align: center;\"><span style=\"color: #016dad;\">Ingenier\u00eda de instalaciones eficaz y eficiente para cada proyecto<\/span><\/h1>\n<p>[\/vc_column_text][vc_column_text]<\/p>\n<h3 style=\"text-align: center;\"><strong>Mantenernos al d\u00eda en las novedades del mercado energ\u00e9tico y la ingenier\u00eda nos ayuda a proponer las mejores soluciones para cada proyecto.<\/strong><\/h3>\n<h3 style=\"text-align: center;\"><strong>La seguridad es nuestro principal aliado tanto en ejecuci\u00f3n como en mantenimiento.<\/strong><\/h3>\n<p>[\/vc_column_text][vc_empty_space height=\u00bb50px\u00bb][\/vc_column][\/vc_row][vc_section full_width=\u00bbstretch_row\u00bb el_class=\u00bbno-padding-horizontal\u00bb][vc_row full_width=\u00bbstretch_row_content\u00bb equal_height=\u00bbyes\u00bb content_placement=\u00bbmiddle\u00bb][vc_column width=\u00bb1\/2&#8243; css=\u00bb.vc_custom_1653401247552{background-color: #016dad !important;}\u00bb][vc_empty_space height=\u00bb30px\u00bb][vc_column_text css=\u00bb.vc_custom_1655216914546{padding-right: 25px !important;padding-left: 25px !important;}\u00bb]<\/p>\n<h4 style=\"text-align: center;\"><span style=\"color: #ffffff;\">Somos una empresa de instalaciones y mantenimientos ubicada en la comarca de la Selva (Arb\u00facies). IMAR fue fundada en 1989. Contamos actualmente con un total de 35 profesionales en nuestra plantilla. <\/span><\/h4>\n<h4 style=\"text-align: center;\"><span style=\"color: #ffffff;\">Nuestro \u00e1mbito de actuaci\u00f3n geogr\u00e1fico son las provincias de Girona y Barcelona, en el campo de instalaciones integrales del \u00e1mbito dom\u00e9stico, industrial y sector terciario. <\/span><\/h4>\n<h4 style=\"text-align: center;\"><span style=\"color: #ffffff;\">Disponemos de un equipo t\u00e9cnico calificado y especialista en nuestras \u00e1reas de actuaci\u00f3n.<\/span><\/h4>\n<p>[\/vc_column_text][vc_empty_space height=\u00bb30px\u00bb][\/vc_column][vc_column width=\u00bb1\/2&#8243; css=\u00bb.vc_custom_1653900892441{background-image: url(https:\/\/imarsl.com\/wp-content\/uploads\/2022\/05\/IMAR-2.jpg?id=408) !important;background-position: center !important;background-repeat: no-repeat !important;background-size: cover !important;}\u00bb][vc_empty_space height=\u00bb400px\u00bb][\/vc_column][\/vc_row][\/vc_section][vc_section full_width=\u00bbstretch_row\u00bb el_class=\u00bbno-padding-horizontal\u00bb][vc_row full_width=\u00bbstretch_row_content\u00bb equal_height=\u00bbyes\u00bb content_placement=\u00bbmiddle\u00bb css=\u00bb.vc_custom_1653901547592{padding-right: 150px !important;padding-left: 150px !important;}\u00bb][vc_column offset=\u00bbvc_hidden-sm vc_hidden-xs\u00bb][vc_empty_space height=\u00bb40px\u00bb][vc_row_inner][vc_column_inner width=\u00bb2\/3&#8243;][vc_column_text css=\u00bb.vc_custom_1731404389819{padding-right: 25px !important;padding-left: 25px !important;}\u00bb]<\/p>\n<h3><strong>Nuestra misi\u00f3n, nuestra raz\u00f3n de ser<\/strong><\/h3>\n<p>Como en casa, en ning\u00fan sitio. Que nuestros clientes se sientan confortables en su casa es nuestra misi\u00f3n y nuestra raz\u00f3n de ser por delante de todo.<\/p>\n<p>Acompa\u00f1amos a nuestros clientes y les ofrecemos un servicio integral en las instalaciones de su hogar y su ciclo de vida, desde el dise\u00f1o a la ejecuci\u00f3n y el mantenimiento. Por eso, nos comprometemos desde el primer momento con instalaciones y servicios de calidad, el seguimiento de las novedades del mercado y mejoras continuas, siempre como una empresa socialmente responsable.<\/p>\n<p>&nbsp;<\/p>\n<h3><strong>Nuestra visi\u00f3n, compartir el futuro contigo<\/strong><\/h3>\n<p>Queremos estar presentes en la vida de nuestros clientes y posicionarnos como empresa de referencia en las provincias de Girona y Barcelona en el sector de las instalaciones dom\u00e9sticas. Par conseguirlo, ofrecemos las soluciones t\u00e9cnicas de ingenier\u00eda de instalaciones m\u00e1s adecuadas para nuestros clientes, teniendo siempre en cuenta nuestros conocimientos y experiencia.<\/p>\n<p>&nbsp;<\/p>\n<h4><strong>Nuestros valores son nuestra actitud<\/strong><\/h4>\n<p>&nbsp;<\/p>\n<h4><strong>Eficacia y eficiencia t\u00e9cnica<\/strong><\/h4>\n<p><strong>La eficacia, la calidad, el rigor y el esfuerzo son valores imprescindibles para<\/strong> cumplir con los requerimientos y la exigencia de nuestros clientes.<\/p>\n<p>&nbsp;<\/p>\n<h4><strong>Orientaci\u00f3n al cliente<\/strong><\/h4>\n<p>Nos <strong>enfocamos en nuestros clientes<\/strong>, a quienes damos siempre un servicio cercano.<\/p>\n<p>&nbsp;<\/p>\n<h4><strong>Compromiso social y con el medio ambiente<\/strong><\/h4>\n<p>Estamos <strong>comprometidos con la sociedad y con el medio ambiente<\/strong>. Incentivamos buenas pr\u00e1cticas en cuanto a la optimizaci\u00f3n del consumo de materias y la energ\u00eda, con repercusi\u00f3n directa en la sociedad y el desarrollo del entorno.<\/p>\n<p>&nbsp;<\/p>\n<h4><strong>Seguridad y trabajo en equipo<\/strong><\/h4>\n<p>Fomentamos <strong>condiciones de trabajo seguras y saludables<\/strong> para la prevenci\u00f3n de lesiones y deterioro de la salud relacionado con el trabajo. Lo hacemos reduciendo riesgos y minimizando peligros. Adem\u00e1s, estamos comprometidos con la <strong>participaci\u00f3n y la consulta de las personas que forman parte de nuestros equipos<\/strong>, sin distinci\u00f3n de posici\u00f3n o antig\u00fcedad en la empresa.<\/p>\n<p>&nbsp;<\/p>\n<h4><strong>Evaluaci\u00f3n de resultados <\/strong><\/h4>\n<p>Evaluamos los resultados de la <strong>gesti\u00f3n de procesos<\/strong> de nuestras actividades de valor a\u00f1adido para reportar conclusiones mesurables para la toma de decisiones. La evaluaci\u00f3n nos permite trabajar para la <strong>mejora continua <\/strong>en el desarrollo del sistema de gesti\u00f3n.<\/p>\n<p>&nbsp;<\/p>\n<h4><strong>Cumplimiento de normativa legal<\/strong><\/h4>\n<p>Destinamos los recursos necesarios y suficientes con el objetivo de seguir cumpliendo los requisitos legales aplicables de nuestra empresa.[\/vc_column_text][vc_btn title=\u00bb<b>CONT\u00c1CTANOS SIN COMPROMISO<\/b>\u00bb style=\u00bbflat\u00bb shape=\u00bbround\u00bb color=\u00bbwarning\u00bb size=\u00bblg\u00bb align=\u00bbcenter\u00bb i_align=\u00bbright\u00bb i_icon_fontawesome=\u00bbfas fa-arrow-circle-right\u00bb css_animation=\u00bbfadeInRightBig\u00bb add_icon=\u00bbtrue\u00bb link=\u00bburl:https%3A%2F%2Fimarsl.com%2Fes%2Fcontacto-imar%2F|title:CONTACTO%20IMAR\u00bb][\/vc_column_inner][vc_column_inner width=\u00bb1\/3&#8243;][vc_single_image image=\u00bb855&#8243; img_size=\u00bb\u00bb][vc_single_image image=\u00bb1096&#8243; img_size=\u00bb\u00bb][\/vc_column_inner][\/vc_row_inner][\/vc_column][\/vc_row][vc_row full_width=\u00bbstretch_row_content\u00bb equal_height=\u00bbyes\u00bb content_placement=\u00bbmiddle\u00bb][vc_column offset=\u00bbvc_hidden-lg vc_hidden-md\u00bb][vc_empty_space height=\u00bb25px\u00bb][vc_column_text css=\u00bb.vc_custom_1731404067513{padding-right: 25px !important;padding-left: 25px !important;}\u00bb]<\/p>\n<h3><strong>Nuestra misi\u00f3n, nuestra raz\u00f3n de ser<\/strong><\/h3>\n<p>Como en casa, en ning\u00fan sitio. Que nuestros clientes se sientan confortables en su casa es nuestra misi\u00f3n y nuestra raz\u00f3n de ser por delante de todo.<\/p>\n<p>Acompa\u00f1amos a nuestros clientes y les ofrecemos un servicio integral en las instalaciones de su hogar y su ciclo de vida, desde el dise\u00f1o a la ejecuci\u00f3n y el mantenimiento. Por eso, nos comprometemos desde el primer momento con instalaciones y servicios de calidad, el seguimiento de las novedades del mercado y mejoras continuas, siempre como una empresa socialmente responsable.<\/p>\n<p>&nbsp;<\/p>\n<h3><strong>Nuestra visi\u00f3n, compartir el futuro contigo<\/strong><\/h3>\n<p>Queremos estar presentes en la vida de nuestros clientes y posicionarnos como empresa de referencia en las provincias de Girona y Barcelona en el sector de las instalaciones dom\u00e9sticas. Par conseguirlo, ofrecemos las soluciones t\u00e9cnicas de ingenier\u00eda de instalaciones m\u00e1s adecuadas para nuestros clientes, teniendo siempre en cuenta nuestros conocimientos y experiencia.<\/p>\n<p>&nbsp;<\/p>\n<h4><strong>Nuestros valores son nuestra actitud<\/strong><\/h4>\n<h4>Eficiencia y calidad \u00e0 Compromiso con el medio ambiente \u00e0 Trabajo en equipo \u00e0 Orientaci\u00f3n al cliente<\/h4>\n<p>&nbsp;<\/p>\n<h4><strong>Eficacia y eficiencia t\u00e9cnica<\/strong><\/h4>\n<p><strong>La eficacia, la calidad, el rigor y el esfuerzo son valores imprescindibles para<\/strong> cumplir con los requerimientos y la exigencia de nuestros clientes.<\/p>\n<p>&nbsp;<\/p>\n<h4><strong>Orientaci\u00f3n al cliente<\/strong><\/h4>\n<p>Nos <strong>enfocamos en nuestros clientes<\/strong>, a quienes damos siempre un servicio cercano.<\/p>\n<p>&nbsp;<\/p>\n<h4><strong>Compromiso social y con el medio ambiente<\/strong><\/h4>\n<p>Estamos <strong>comprometidos con la sociedad y con el medio ambiente<\/strong>. Incentivamos buenas pr\u00e1cticas en cuanto a la optimizaci\u00f3n del consumo de materias y la energ\u00eda, con repercusi\u00f3n directa en la sociedad y el desarrollo del entorno.<\/p>\n<p>&nbsp;<\/p>\n<h4><strong>Seguridad y trabajo en equipo<\/strong><\/h4>\n<p>Fomentamos <strong>condiciones de trabajo seguras y saludables<\/strong> para la prevenci\u00f3n de lesiones y deterioro de la salud relacionado con el trabajo. Lo hacemos reduciendo riesgos y minimizando peligros. Adem\u00e1s, estamos comprometidos con la <strong>participaci\u00f3n y la consulta de las personas que forman parte de nuestros equipos<\/strong>, sin distinci\u00f3n de posici\u00f3n o antig\u00fcedad en la empresa.<\/p>\n<p>&nbsp;<\/p>\n<h4><strong>Evaluaci\u00f3n de resultados <\/strong><\/h4>\n<p>Evaluamos los resultados de la <strong>gesti\u00f3n de procesos<\/strong> de nuestras actividades de valor a\u00f1adido para reportar conclusiones mesurables para la toma de decisiones. La evaluaci\u00f3n nos permite trabajar para la <strong>mejora continua <\/strong>en el desarrollo del sistema de gesti\u00f3n.<\/p>\n<p>&nbsp;<\/p>\n<h4><strong>Cumplimiento de normativa legal<\/strong><\/h4>\n<p>Destinamos los recursos necesarios y suficientes con el objetivo de seguir cumpliendo los requisitos legales aplicables de nuestra empresa.[\/vc_column_text][vc_btn title=\u00bb<b>CONT\u00c1CTANOS SIN COMPROMISO<\/b>\u00bb style=\u00bbflat\u00bb shape=\u00bbround\u00bb color=\u00bbwarning\u00bb size=\u00bblg\u00bb align=\u00bbcenter\u00bb i_align=\u00bbright\u00bb i_icon_fontawesome=\u00bbfas fa-arrow-circle-right\u00bb add_icon=\u00bbtrue\u00bb link=\u00bburl:https%3A%2F%2Fimarsl.com%2Fes%2Fcontacto-imar%2F|title:CONTACTO%20IMAR\u00bb][vc_single_image image=\u00bb855&#8243; img_size=\u00bbmedium\u00bb alignment=\u00bbcenter\u00bb][vc_single_image image=\u00bb1096&#8243; img_size=\u00bbmedium\u00bb alignment=\u00bbcenter\u00bb][\/vc_column][\/vc_row][\/vc_section][vc_section full_width=\u00bbstretch_row_content\u00bb content_placement=\u00bbmiddle\u00bb css=\u00bb.vc_custom_1653902742260{background-image: url(https:\/\/imarsl.com\/wp-content\/uploads\/2022\/04\/home-ENDESA-2.jpg?id=63) !important;background-position: center !important;background-repeat: no-repeat !important;background-size: cover !important;}\u00bb][vc_row][vc_column][vc_empty_space height=\u00bb30px\u00bb][\/vc_column][\/vc_row][vc_row content_placement=\u00bbmiddle\u00bb][vc_column width=\u00bb1\/2&#8243; css=\u00bb.vc_custom_1653902552331{background-position: center !important;background-repeat: no-repeat !important;background-size: cover !important;}\u00bb][vc_single_image image=\u00bb64&#8243; img_size=\u00bblarge\u00bb][\/vc_column][vc_column width=\u00bb1\/2&#8243;][vc_column_text]<\/p>\n<h2 style=\"text-align: center;\"><span style=\"color: #fa7226;\"><strong>Somos Punto de Servicio Endesa en Blanes y Rosas<\/strong><\/span><\/h2>\n<p>[\/vc_column_text][vc_column_text]<\/p>\n<h4 style=\"text-align: center;\">\u00bfNecesitas solucionar cualquier problema relacionado con la luz, el gas o tus instalaciones Endesa?<\/h4>\n<h4 style=\"text-align: center;\">\u00bfO quiz\u00e1s te gustar\u00eda que te asesor\u00e1ramos de forma presencial?<\/h4>\n<h4 style=\"text-align: center;\">Pide aqu\u00ed tu cita por uno de nuestros Puntos de Servicio Endesa.<\/h4>\n<p>[\/vc_column_text][vc_btn title=\u00bb<b>RESERVA HORA AQU\u00cd<\/b>\u00bb style=\u00bbflat\u00bb shape=\u00bbround\u00bb color=\u00bbwarning\u00bb size=\u00bblg\u00bb align=\u00bbcenter\u00bb i_align=\u00bbright\u00bb i_icon_fontawesome=\u00bbfas fa-arrow-circle-right\u00bb css_animation=\u00bbfadeInLeftBig\u00bb add_icon=\u00bbtrue\u00bb link=\u00bburl:https%3A%2F%2Fimarsl.com%2Fes%2Fpunto-de-servicio-endesa%2F|title:PUNTO%20DE%20SERVICIO%20ENDESA|\u00bb][\/vc_column][\/vc_row][vc_row][vc_column][vc_empty_space height=\u00bb30px\u00bb][\/vc_column][\/vc_row][\/vc_section][vc_section full_width=\u00bbstretch_row_content\u00bb css=\u00bb.vc_custom_1653902734127{background-image: url(https:\/\/imarsl.com\/wp-content\/uploads\/2022\/04\/HOME-ENERGIES-RENOVABLES.jpg?id=56) !important;background-position: center !important;background-repeat: no-repeat !important;background-size: cover !important;}\u00bb][vc_row][vc_column][vc_empty_space height=\u00bb50px\u00bb][\/vc_column][\/vc_row][vc_row][vc_column width=\u00bb1\/2&#8243;][vc_column_text]<\/p>\n<h2 style=\"text-align: center;\"><span style=\"color: #016dad;\"><strong>Las energ\u00edas renovables son el presente y el futuro<\/strong><\/span><\/h2>\n<p>[\/vc_column_text][vc_column_text]<\/p>\n<h4 style=\"text-align: center;\">Utiliza herramientas y soluciones inteligentes para disminuir su consumo.<\/h4>\n<h4 style=\"text-align: center;\">Aplica acciones responsables por mejorar la sociedad.<\/h4>\n<h4 style=\"text-align: center;\">Aumenta el valor de tu empresa o casa.<\/h4>\n<p>[\/vc_column_text][vc_btn title=\u00bb<b>ACT\u00daA POR LA ENERG\u00cdA LIMPIA<\/b>\u00bb style=\u00bbflat\u00bb shape=\u00bbround\u00bb color=\u00bbprimary\u00bb size=\u00bblg\u00bb align=\u00bbcenter\u00bb i_align=\u00bbright\u00bb i_icon_fontawesome=\u00bbfas fa-arrow-circle-right\u00bb css_animation=\u00bbfadeInRightBig\u00bb add_icon=\u00bbtrue\u00bb link=\u00bburl:https%3A%2F%2Fimarsl.com%2Fes%2Fenergias-renovables%2F|title:ENERG%C3%8DAS%20RENOVABLES|\u00bb][\/vc_column][vc_column width=\u00bb1\/2&#8243;][\/vc_column][\/vc_row][vc_row][vc_column][vc_empty_space height=\u00bb50px\u00bb][\/vc_column][\/vc_row][\/vc_section][vc_section full_width=\u00bbstretch_row_content\u00bb css=\u00bb.vc_custom_1653902711641{background-image: url(https:\/\/imarsl.com\/wp-content\/uploads\/2022\/05\/IMAR-AREA1.jpg?id=403) !important;background-position: center !important;background-repeat: no-repeat !important;background-size: cover !important;}\u00bb][vc_row][vc_column][vc_empty_space height=\u00bb50px\u00bb][\/vc_column][\/vc_row][vc_row][vc_column width=\u00bb1\/2&#8243;][\/vc_column][vc_column width=\u00bb1\/2&#8243;][vc_column_text]<\/p>\n<h2 style=\"text-align: center;\"><span style=\"color: #fa7226;\"><strong>\u00bfC\u00f3mo podemos ayudarte?<\/strong><\/span><\/h2>\n<p>[\/vc_column_text][vc_column_text]<\/p>\n<h4 style=\"text-align: center;\">Contacta con nosotros si tienes dudas o necesitas un presupuesto.<\/h4>\n<p>[\/vc_column_text][vc_btn title=\u00bb<b>CONT\u00c1CTANOS SIN COMPROMISO<\/b>\u00bb style=\u00bbflat\u00bb shape=\u00bbround\u00bb color=\u00bbwarning\u00bb size=\u00bblg\u00bb align=\u00bbcenter\u00bb i_align=\u00bbright\u00bb i_icon_fontawesome=\u00bbfas fa-arrow-circle-right\u00bb css_animation=\u00bbfadeInLeftBig\u00bb add_icon=\u00bbtrue\u00bb link=\u00bburl:https%3A%2F%2Fimarsl.com%2Fes%2Fcontacto-imar%2F|title:CONTACTO%20IMAR\u00bb][\/vc_column][\/vc_row][vc_row][vc_column][vc_empty_space height=\u00bb50px\u00bb][\/vc_column][\/vc_row][\/vc_section]<\/p>\n","protected":false},"excerpt":{"rendered":"<p>[vc_row full_width=\u00bbstretch_row_content\u00bb equal_height=\u00bbyes\u00bb content_placement=\u00bbmiddle\u00bb css=\u00bb.vc_custom_1653905420404{background-image: url(https:\/\/imarsl.com\/wp-content\/uploads\/2022\/05\/IMAR-AREA1.jpg?id=403) !important;background-position: center !important;background-repeat: no-repeat !important;background-size: cover !important;}\u00bb][vc_column width=\u00bb1\/2&#8243; offset=\u00bbvc_hidden-sm vc_hidden-xs\u00bb][vc_row_inner][vc_column_inner][vc_empty_space height=\u00bb100px\u00bb][\/vc_column_inner][\/vc_row_inner][\/vc_column][vc_column width=\u00bb1\/2&#8243; offset=\u00bbvc_hidden-sm vc_hidden-xs\u00bb][vc_empty_space height=\u00bb50px\u00bb][vc_column_text] Ingenier\u00eda de instalaciones eficaz y<span class=\"excerpt-hellip\"> [\u2026]<\/span><\/p>\n","protected":false},"author":3,"featured_media":646,"parent":0,"menu_order":0,"comment_status":"closed","ping_status":"closed","template":"","meta":{"footnotes":""},"class_list":["post-786","page","type-page","status-publish","has-post-thumbnail","hentry"],"_links":{"self":[{"href":"https:\/\/imarsl.com\/es\/wp-json\/wp\/v2\/pages\/786"}],"collection":[{"href":"https:\/\/imarsl.com\/es\/wp-json\/wp\/v2\/pages"}],"about":[{"href":"https:\/\/imarsl.com\/es\/wp-json\/wp\/v2\/types\/page"}],"author":[{"embeddable":true,"href":"https:\/\/imarsl.com\/es\/wp-json\/wp\/v2\/users\/3"}],"replies":[{"embeddable":true,"href":"https:\/\/imarsl.com\/es\/wp-json\/wp\/v2\/comments?post=786"}],"version-history":[{"count":14,"href":"https:\/\/imarsl.com\/es\/wp-json\/wp\/v2\/pages\/786\/revisions"}],"predecessor-version":[{"id":1128,"href":"https:\/\/imarsl.com\/es\/wp-json\/wp\/v2\/pages\/786\/revisions\/1128"}],"wp:featuredmedia":[{"embeddable":true,"href":"https:\/\/imarsl.com\/es\/wp-json\/wp\/v2\/media\/646"}],"wp:attachment":[{"href":"https:\/\/imarsl.com\/es\/wp-json\/wp\/v2\/media?parent=786"}],"curies":[{"name":"wp","href":"https:\/\/api.w.org\/{rel}","templated":true}]}}