{"id":759,"date":"2022-05-27T10:18:24","date_gmt":"2022-05-27T10:18:24","guid":{"rendered":"https:\/\/imarsl.com\/sector-terciario\/"},"modified":"2022-07-06T15:01:35","modified_gmt":"2022-07-06T15:01:35","slug":"sector-terciario","status":"publish","type":"page","link":"https:\/\/imarsl.com\/es\/sector-terciario\/","title":{"rendered":"SECTOR TERCIARIO"},"content":{"rendered":"<p>[vc_row full_width=\u00bbstretch_row_content\u00bb equal_height=\u00bbyes\u00bb content_placement=\u00bbmiddle\u00bb css=\u00bb.vc_custom_1653903965968{background-image: url(https:\/\/imarsl.com\/wp-content\/uploads\/2022\/05\/home-SECTOR-TERCIARI-2.jpg?id=378) !important;background-position: center !important;background-repeat: no-repeat !important;background-size: cover !important;}\u00bb][vc_column width=\u00bb1\/2&#8243; offset=\u00bbvc_hidden-sm vc_hidden-xs\u00bb][vc_row_inner][vc_column_inner][vc_empty_space height=\u00bb100px\u00bb][\/vc_column_inner][\/vc_row_inner][\/vc_column][vc_column width=\u00bb1\/2&#8243; offset=\u00bbvc_hidden-sm vc_hidden-xs\u00bb][vc_empty_space height=\u00bb100px\u00bb][vc_column_text]<\/p>\n<h1 style=\"text-align: center;\"><span style=\"color: #016dad;\">Ingenier\u00eda de instalaciones que mejoran la calidad de los edificios<\/span><\/h1>\n<p>[\/vc_column_text][vc_column_text]<\/p>\n<h3 style=\"text-align: center;\"><strong>Gestionamos proyectos llaves en mano.<\/strong><\/h3>\n<h3 style=\"text-align: center;\"><strong>En tu hogar y en tu industria la energ\u00eda verde es posible.<\/strong><\/h3>\n<p>[\/vc_column_text][vc_empty_space height=\u00bb100px\u00bb][\/vc_column][\/vc_row][vc_row full_width=\u00bbstretch_row_content\u00bb equal_height=\u00bbyes\u00bb content_placement=\u00bbmiddle\u00bb css=\u00bb.vc_custom_1653903965968{background-image: url(https:\/\/imarsl.com\/wp-content\/uploads\/2022\/05\/home-SECTOR-TERCIARI-2.jpg?id=378) !important;background-position: center !important;background-repeat: no-repeat !important;background-size: cover !important;}\u00bb][vc_column offset=\u00bbvc_hidden-lg vc_hidden-md\u00bb][vc_empty_space height=\u00bb50px\u00bb][vc_column_text]<\/p>\n<h1 style=\"text-align: center;\"><span style=\"color: #016dad;\">Ingenier\u00eda de instalaciones que mejoran la calidad de los edificios<\/span><\/h1>\n<p>[\/vc_column_text][vc_column_text]<\/p>\n<h3 style=\"text-align: center;\"><strong>Gestionamos proyectos llaves en mano.<\/strong><\/h3>\n<h3 style=\"text-align: center;\"><strong>En tu hogar y en tu industria la energ\u00eda verde es posible.<\/strong><\/h3>\n<p>[\/vc_column_text][vc_empty_space height=\u00bb50px\u00bb][\/vc_column][\/vc_row][vc_section full_width=\u00bbstretch_row\u00bb el_class=\u00bbno-padding-horizontal\u00bb][vc_row full_width=\u00bbstretch_row_content\u00bb equal_height=\u00bbyes\u00bb content_placement=\u00bbmiddle\u00bb][vc_column width=\u00bb1\/2&#8243; css=\u00bb.vc_custom_1653401247552{background-color: #016dad !important;}\u00bb][vc_empty_space height=\u00bb15px\u00bb][vc_column_text css=\u00bb.vc_custom_1653645916155{padding-right: 25px !important;padding-left: 25px !important;}\u00bb]<\/p>\n<h2 style=\"text-align: center;\"><strong><span style=\"color: #ffffff;\">Sabemos que cuando se mejoran la calidad de los edificios haci\u00e9ndolos energ\u00e9ticamente sostenibles y eficientes energ\u00e9ticamente, aumentamos tambi\u00e9n la calidad de vida de las personas.<\/span><\/strong><\/h2>\n<h3 style=\"text-align: center;\"><strong><span style=\"color: #ffffff;\">Planteamos cada proyecto teniendo en cuenta cada necesidad y gestionando a todos los profesionales implicados.<\/span><\/strong><\/h3>\n<h3 style=\"text-align: center;\"><strong><span style=\"color: #ffffff;\">Los edificios responsables mejoran la calidad del entorno.<\/span><\/strong><\/h3>\n<p>[\/vc_column_text][vc_empty_space height=\u00bb15px\u00bb][\/vc_column][vc_column css_animation=\u00bbfadeInLeftBig\u00bb width=\u00bb1\/2&#8243; css=\u00bb.vc_custom_1657119671212{background-color: #ffffff !important;}\u00bb][vc_empty_space height=\u00bb25px\u00bb][vc_column_text css=\u00bb.vc_custom_1654251451797{padding-left: 25px !important;}\u00bb]<\/p>\n<h4><i class=\"fas fa-arrow-circle-right\" style=\"color:#016DAD\" aria-hidden=\"true\"><\/i> <a href=\"#renovables\">Energ\u00edas renovables<\/a><\/h4>\n<h4><i class=\"fas fa-arrow-circle-right\" style=\"color:#016DAD\" aria-hidden=\"true\"><\/i> <a href=\"#el%C3%A8ctriques\">Instalaciones el\u00e9ctricas<\/a><\/h4>\n<h4><i class=\"fas fa-arrow-circle-right\" style=\"color:#016DAD\" aria-hidden=\"true\"><\/i> <a href=\"#Lampisteria\">Fontaner\u00eda<\/a><\/h4>\n<h4><i class=\"fas fa-arrow-circle-right\" style=\"color:#016DAD\" aria-hidden=\"true\"><\/i> <a href=\"#gas\">Instalaciones con gas<\/a><\/h4>\n<h4><i class=\"fas fa-arrow-circle-right\" style=\"color:#016DAD\" aria-hidden=\"true\"><\/i> <a href=\"#Climatitzaci%C3%B3\">Climatizaci\u00f3n<\/a><\/h4>\n<h4><i class=\"fas fa-arrow-circle-right\" style=\"color:#016DAD\" aria-hidden=\"true\"><\/i> <a href=\"#telecomunicacions\">Telecomunicaciones<\/a><\/h4>\n<h4><i class=\"fas fa-arrow-circle-right\" style=\"color:#016DAD\" aria-hidden=\"true\"><\/i> <a href=\"#Dom%C3%B2tica\">Dom\u00f3tica<\/a><\/h4>\n<p>[\/vc_column_text][vc_empty_space height=\u00bb25px\u00bb][\/vc_column][\/vc_row][\/vc_section][vc_section full_width=\u00bbstretch_row\u00bb parallax=\u00bbcontent-moving-fade\u00bb parallax_image=\u00bb322&#8243; el_id=\u00bbrenovables\u00bb][vc_row][vc_column][vc_empty_space height=\u00bb15px\u00bb][vc_row_inner content_placement=\u00bbmiddle\u00bb][vc_column_inner width=\u00bb1\/2&#8243;][vc_column_text]<\/p>\n<h2 style=\"text-align: center;\"><i class=\"fas fa-solar-panel\" style=\"color:#016DAD\" aria-hidden=\"true\"><\/i> Solar fotovoltaica<\/h2>\n<p style=\"text-align: center;\">Nos encargamos de todo el proceso para posibilitar la instalaci\u00f3n de placas solares, tanto a nivel dom\u00e9stico como industrial.<\/p>\n<p style=\"text-align: center;\">Conexi\u00f3n a Red Estudios de viabilidad de inversi\u00f3n, proyecto t\u00e9cnico, direcci\u00f3n de obra, puesta en marcha, mantenimiento, gestiones administrativas y de subvenciones, tramitaciones con la compa\u00f1\u00eda distribuidora (punto de conexi\u00f3n, facturaci\u00f3n, etc.).<\/p>\n<p style=\"text-align: center;\">Aislada Estudio de la mejor soluci\u00f3n coste-beneficio en funci\u00f3n de la localizaci\u00f3n y tipo de instalaci\u00f3n. Realizamos el proyecto t\u00e9cnico, instalaci\u00f3n y puesta en marcha, as\u00ed como los mantenimientos para asegurar su m\u00e1xima duraci\u00f3n.<\/p>\n<p>[\/vc_column_text][\/vc_column_inner][vc_column_inner width=\u00bb1\/2&#8243;][vc_single_image image=\u00bb306&#8243; img_size=\u00bblarge\u00bb alignment=\u00bbcenter\u00bb style=\u00bbvc_box_border_circle_2&#8243;][\/vc_column_inner][\/vc_row_inner][vc_row_inner content_placement=\u00bbmiddle\u00bb][vc_column_inner width=\u00bb1\/2&#8243; offset=\u00bbvc_hidden-xs\u00bb][vc_single_image image=\u00bb309&#8243; img_size=\u00bblarge\u00bb alignment=\u00bbcenter\u00bb style=\u00bbvc_box_border_circle_2&#8243;][\/vc_column_inner][vc_column_inner width=\u00bb1\/2&#8243; offset=\u00bbvc_hidden-xs\u00bb][vc_column_text]<\/p>\n<h2 style=\"text-align: center;\"><i class=\"fas fa-water\" style=\"color:#016DAD\" aria-hidden=\"true\"><\/i> Aerotermia<\/h2>\n<p style=\"text-align: center;\">Las bombas de calor aire\/agua aprovechan el aire exterior como fuente de energ\u00eda. Extraen del aire exterior la energ\u00eda para el agua caliente sanitaria, la calefacci\u00f3n y el aire acondicionado.<\/p>\n<p style=\"text-align: center;\">Independientemente de la estaci\u00f3n del a\u00f1o y de las condiciones meteorol\u00f3gicas, las bombas de calor absorben la energ\u00eda solar acumulada en el medio ambiente y la llevan a un nivel de temperatura adecuado para su utilizaci\u00f3n en el habit\u00e1culo. La bomba de calor es uno de los sistemas de calefacci\u00f3n y agua caliente sanitaria m\u00e1s eficaces que existen.<\/p>\n<p>[\/vc_column_text][\/vc_column_inner][\/vc_row_inner][vc_row_inner content_placement=\u00bbmiddle\u00bb][vc_column_inner width=\u00bb1\/2&#8243; offset=\u00bbvc_hidden-lg vc_hidden-md vc_hidden-sm\u00bb][vc_column_text]<\/p>\n<h2 style=\"text-align: center;\"><i class=\"fas fa-water\" style=\"color:#016DAD\" aria-hidden=\"true\"><\/i> Aerotermia<\/h2>\n<p style=\"text-align: center;\">Las bombas de calor aire\/agua aprovechan el aire exterior como fuente de energ\u00eda. Extraen del aire exterior la energ\u00eda para el agua caliente sanitaria, la calefacci\u00f3n y el aire acondicionado.<\/p>\n<p style=\"text-align: center;\">Independientemente de la estaci\u00f3n del a\u00f1o y de las condiciones meteorol\u00f3gicas, las bombas de calor absorben la energ\u00eda solar acumulada en el medio ambiente y la llevan a un nivel de temperatura adecuado para su utilizaci\u00f3n en el habit\u00e1culo. La bomba de calor es uno de los sistemas de calefacci\u00f3n y agua caliente sanitaria m\u00e1s eficaces que existen.<\/p>\n<p>[\/vc_column_text][\/vc_column_inner][vc_column_inner width=\u00bb1\/2&#8243; offset=\u00bbvc_hidden-lg vc_hidden-md vc_hidden-sm\u00bb][vc_single_image image=\u00bb309&#8243; img_size=\u00bblarge\u00bb alignment=\u00bbcenter\u00bb style=\u00bbvc_box_border_circle_2&#8243;][\/vc_column_inner][\/vc_row_inner][vc_row_inner content_placement=\u00bbmiddle\u00bb][vc_column_inner width=\u00bb1\/2&#8243;][vc_column_text]<\/p>\n<h2 style=\"text-align: center;\"><i class=\"fas fa-random\" style=\"color:#016DAD\" aria-hidden=\"true\"><\/i> Geotermia<\/h2>\n<p style=\"text-align: center;\">Una parte importante de la energ\u00eda que proviene del Sol y llega a la Tierra, es absorbida por la corteza terrestre en forma de calor. La gran masa de la Tierra hace que la temperatura del subsuelo se mantenga pr\u00e1cticamente constante durante todo el a\u00f1o. Podemos considerar el subsuelo en peque\u00f1as profundidades como fuente de calor (energ\u00eda), totalmente renovable e inagotable.<\/p>\n<p style=\"text-align: center;\">Mediante un sistema de captaci\u00f3n adecuado y una bomba de calor geot\u00e9rmica, se consigue transferir calor o fr\u00edo para su utilizaci\u00f3n en la calefacci\u00f3n\/refrigeraci\u00f3n y\/o agua caliente sanitaria.<\/p>\n<p>[\/vc_column_text][\/vc_column_inner][vc_column_inner width=\u00bb1\/2&#8243;][vc_single_image image=\u00bb372&#8243; img_size=\u00bblarge\u00bb alignment=\u00bbcenter\u00bb style=\u00bbvc_box_border_circle_2&#8243;][\/vc_column_inner][\/vc_row_inner][vc_row_inner content_placement=\u00bbmiddle\u00bb][vc_column_inner width=\u00bb1\/2&#8243; offset=\u00bbvc_hidden-xs\u00bb][vc_single_image image=\u00bb317&#8243; img_size=\u00bblarge\u00bb alignment=\u00bbcenter\u00bb style=\u00bbvc_box_border_circle_2&#8243;][\/vc_column_inner][vc_column_inner width=\u00bb1\/2&#8243; offset=\u00bbvc_hidden-xs\u00bb][vc_column_text]<\/p>\n<h2 style=\"text-align: center;\"><i class=\"fas fa-sun\" style=\"color:#016DAD\" aria-hidden=\"true\"><\/i> Solar t\u00e9rmica por para A.C.S., ayuda al calentamiento de piscinas o a la calefacci\u00f3n<\/h2>\n<p style=\"text-align: center;\">Aprovecha el tejado o la terraza de tu casa para disminuir el consumo energ\u00e9tico.<\/p>\n<p style=\"text-align: center;\">La instalaci\u00f3n para producir agua caliente est\u00e1 formada por unos captadores o colectores solares situados en el tejado o terraza de un edificio o casa. Estos colectores orientados al sur e inclinados a 45\u00ba respecto a la horizontal, absorben los rayos del sol y calientan el agua que contienen.<\/p>\n<p style=\"text-align: center;\">Esta agua est\u00e1 transportada por un conjunto de tuber\u00edas aisladas t\u00e9rmicamente a un dep\u00f3sito situado dentro de la vivienda, que permitir\u00e1 utilizar el agua caliente.<\/p>\n<p>[\/vc_column_text][\/vc_column_inner][\/vc_row_inner][vc_row_inner content_placement=\u00bbmiddle\u00bb][vc_column_inner width=\u00bb1\/2&#8243; offset=\u00bbvc_hidden-lg vc_hidden-md vc_hidden-sm\u00bb][vc_column_text]<\/p>\n<h2 style=\"text-align: center;\"><i class=\"fas fa-sun\" style=\"color:#016DAD\" aria-hidden=\"true\"><\/i> Solar t\u00e9rmica por para A.C.S., ayuda al calentamiento de piscinas o a la calefacci\u00f3n<\/h2>\n<p style=\"text-align: center;\">Aprovecha el tejado o la terraza de tu casa para disminuir el consumo energ\u00e9tico.<\/p>\n<p style=\"text-align: center;\">La instalaci\u00f3n para producir agua caliente est\u00e1 formada por unos captadores o colectores solares situados en el tejado o terraza de un edificio o casa. Estos colectores orientados al sur e inclinados a 45\u00ba respecto a la horizontal, absorben los rayos del sol y calientan el agua que contienen.<\/p>\n<p style=\"text-align: center;\">Esta agua est\u00e1 transportada por un conjunto de tuber\u00edas aisladas t\u00e9rmicamente a un dep\u00f3sito situado dentro de la vivienda, que permitir\u00e1 utilizar el agua caliente.<\/p>\n<p>[\/vc_column_text][\/vc_column_inner][vc_column_inner width=\u00bb1\/2&#8243; offset=\u00bbvc_hidden-lg vc_hidden-md vc_hidden-sm\u00bb][vc_single_image image=\u00bb317&#8243; img_size=\u00bblarge\u00bb alignment=\u00bbcenter\u00bb style=\u00bbvc_box_border_circle_2&#8243;][\/vc_column_inner][\/vc_row_inner][vc_row_inner content_placement=\u00bbmiddle\u00bb][vc_column_inner width=\u00bb1\/2&#8243;][vc_column_text]<\/p>\n<h2 style=\"text-align: center;\"><i class=\"fas fa-bezier-curve\" style=\"color:#016DAD\" aria-hidden=\"true\"><\/i> Biomasa<\/h2>\n<p style=\"text-align: center;\">Instalaci\u00f3n de sistema de aprovechamiento de biomasa en formatos de le\u00f1a astilla o pellet con calderas, estufas, chimeneas, tanto para procesos industriales comerciales como dom\u00e9sticos.<\/p>\n<p>[\/vc_column_text][\/vc_column_inner][vc_column_inner width=\u00bb1\/2&#8243;][vc_single_image image=\u00bb319&#8243; img_size=\u00bblarge\u00bb alignment=\u00bbcenter\u00bb style=\u00bbvc_box_border_circle_2&#8243;][\/vc_column_inner][\/vc_row_inner][\/vc_column][\/vc_row][\/vc_section][vc_section full_width=\u00bbstretch_row\u00bb css=\u00bb.vc_custom_1654251357587{background-color: rgba(1,109,173,0.15) !important;*background-color: rgb(1,109,173) !important;}\u00bb][vc_row][vc_column][vc_empty_space height=\u00bb15px\u00bb][vc_row_inner content_placement=\u00bbmiddle\u00bb el_id=\u00bbel\u00e8ctriques\u00bb][vc_column_inner width=\u00bb1\/2&#8243; offset=\u00bbvc_hidden-xs\u00bb][vc_single_image image=\u00bb207&#8243; img_size=\u00bblarge\u00bb alignment=\u00bbcenter\u00bb style=\u00bbvc_box_border_circle_2&#8243;][\/vc_column_inner][vc_column_inner width=\u00bb1\/2&#8243; offset=\u00bbvc_hidden-xs\u00bb][vc_column_text]<\/p>\n<h2 style=\"text-align: center;\"><i class=\"fas fa-plug\" style=\"color:#016DAD\" aria-hidden=\"true\"><\/i> Instalaciones el\u00e9ctricas<\/h2>\n<p style=\"text-align: center;\">Nos encargamos del dise\u00f1o, c\u00e1lculo y montaje de todo tipo de instalaciones el\u00e9ctricas de Baja Tensi\u00f3n.<\/p>\n<p>[\/vc_column_text][\/vc_column_inner][\/vc_row_inner][vc_row_inner content_placement=\u00bbmiddle\u00bb el_id=\u00bbel\u00e8ctriques\u00bb][vc_column_inner width=\u00bb1\/2&#8243; offset=\u00bbvc_hidden-lg vc_hidden-md vc_hidden-sm\u00bb][vc_column_text]<\/p>\n<h2 style=\"text-align: center;\"><i class=\"fas fa-plug\" style=\"color:#016DAD\" aria-hidden=\"true\"><\/i> Instalaciones el\u00e9ctricas<\/h2>\n<p style=\"text-align: center;\">Nos encargamos del dise\u00f1o, c\u00e1lculo y montaje de todo tipo de instalaciones el\u00e9ctricas de Baja Tensi\u00f3n.<\/p>\n<p>[\/vc_column_text][\/vc_column_inner][vc_column_inner width=\u00bb1\/2&#8243; offset=\u00bbvc_hidden-lg vc_hidden-md vc_hidden-sm\u00bb][vc_single_image image=\u00bb207&#8243; img_size=\u00bblarge\u00bb alignment=\u00bbcenter\u00bb style=\u00bbvc_box_border_circle_2&#8243;][\/vc_column_inner][\/vc_row_inner][vc_row_inner content_placement=\u00bbmiddle\u00bb el_id=\u00bbLampisteria\u00bb][vc_column_inner width=\u00bb1\/2&#8243;][vc_column_text]<\/p>\n<h2 style=\"text-align: center;\"><i class=\"fas fa-sink\" style=\"color:#016DAD\" aria-hidden=\"true\"><\/i> Fontaner\u00eda<\/h2>\n<p style=\"text-align: center;\">Creamos el proyecto de redes de distribuci\u00f3n de agua fr\u00eda o caliente, filtros purificadores por \u00f3smosis, bombas de cloro, descalcificador y filtros. Llevamos a cabo las reparaciones y el mantenimiento necesario.<\/p>\n<p>[\/vc_column_text][\/vc_column_inner][vc_column_inner width=\u00bb1\/2&#8243;][vc_single_image image=\u00bb390&#8243; img_size=\u00bblarge\u00bb alignment=\u00bbcenter\u00bb style=\u00bbvc_box_border_circle_2&#8243;][\/vc_column_inner][\/vc_row_inner][vc_row_inner content_placement=\u00bbmiddle\u00bb el_id=\u00bbgas\u00bb][vc_column_inner width=\u00bb1\/2&#8243; offset=\u00bbvc_hidden-xs\u00bb][vc_single_image image=\u00bb272&#8243; img_size=\u00bblarge\u00bb alignment=\u00bbcenter\u00bb style=\u00bbvc_box_border_circle_2&#8243;][\/vc_column_inner][vc_column_inner width=\u00bb1\/2&#8243; offset=\u00bbvc_hidden-xs\u00bb][vc_column_text]<\/p>\n<h2 style=\"text-align: center;\"><i class=\"fas fa-fire-alt\" style=\"color:#016DAD\" aria-hidden=\"true\"><\/i> Instalaciones con gas<\/h2>\n<p style=\"text-align: center;\">Instalamos calderas, mostradores y otros aparatos de gas natural, propano y butano. Realizamos la instalaci\u00f3n y el mantenimiento, muy importante para obtener la m\u00e1xima eficacia y seguridad.<\/p>\n<p>[\/vc_column_text][\/vc_column_inner][\/vc_row_inner][vc_row_inner content_placement=\u00bbmiddle\u00bb el_id=\u00bbgas\u00bb][vc_column_inner width=\u00bb1\/2&#8243; offset=\u00bbvc_hidden-lg vc_hidden-md vc_hidden-sm\u00bb][vc_column_text]<\/p>\n<h2 style=\"text-align: center;\"><i class=\"fas fa-fire-alt\" style=\"color:#016DAD\" aria-hidden=\"true\"><\/i> Instalaciones con gas<\/h2>\n<p style=\"text-align: center;\">Instalamos calderas, mostradores y otros aparatos de gas natural, propano y butano. Realizamos la instalaci\u00f3n y el mantenimiento, muy importante para obtener la m\u00e1xima eficacia y seguridad.<\/p>\n<p>[\/vc_column_text][\/vc_column_inner][vc_column_inner width=\u00bb1\/2&#8243; offset=\u00bbvc_hidden-lg vc_hidden-md vc_hidden-sm\u00bb][vc_single_image image=\u00bb272&#8243; img_size=\u00bblarge\u00bb alignment=\u00bbcenter\u00bb style=\u00bbvc_box_border_circle_2&#8243;][\/vc_column_inner][\/vc_row_inner][\/vc_column][\/vc_row][\/vc_section][vc_section full_width=\u00bbstretch_row\u00bb css=\u00bb.vc_custom_1653648999828{background-image: url(https:\/\/imarsl.com\/wp-content\/uploads\/2022\/05\/domestic-back-2-1-scaled.jpg?id=281) !important;background-position: center !important;background-repeat: no-repeat !important;background-size: cover !important;}\u00bb][vc_row][vc_column][vc_empty_space height=\u00bb15px\u00bb][vc_row_inner content_placement=\u00bbmiddle\u00bb el_id=\u00bbClimatitzaci\u00f3\u00bb][vc_column_inner width=\u00bb1\/2&#8243;][vc_column_text]<\/p>\n<h2 style=\"text-align: center;\"><i class=\"fas fa-thermometer-half\" style=\"color:#016DAD\" aria-hidden=\"true\"><\/i> Climatizaci\u00f3n<\/h2>\n<h4 style=\"text-align: center;\"><i class=\"fas fa-arrow-right\" style=\"color:#016DAD\" aria-hidden=\"true\"><\/i> Suelo radiante<br \/>\n<i class=\"fas fa-arrow-right\" style=\"color:#016DAD\" aria-hidden=\"true\"><\/i> Climatizaci\u00f3n por aire<br \/>\n<i class=\"fas fa-arrow-right\" style=\"color:#016DAD\" aria-hidden=\"true\"><\/i> Climatizaci\u00f3n por agua<\/h4>\n<p style=\"text-align: center;\">La forma m\u00e1s eficiente y econ\u00f3mica para calentar un edificio es mediante suelo radiante. Somos especialistas en suelos radiantes con instalaciones en funcionamiento desde el a\u00f1o 1981. Te resolveremos cualquier problema de su calefacci\u00f3n de gasoil, gas o el\u00e9ctrica.<\/p>\n<p style=\"text-align: center;\">Adem\u00e1s trabajamos con energ\u00edas renovables combinadas de gas\/renovable, el\u00e9ctrico\/renovable y biomasa consiguiendo reducir la contaminaci\u00f3n y mejorando el ahorro de tu factura energ\u00e9tica. Nos hacemos cargo del mantenimiento y limpiezas peri\u00f3dicas que garantizan el buen funcionamiento de la calefacci\u00f3n de tu hogar u oficina.<\/p>\n<p style=\"text-align: center;\">Si la mejor soluci\u00f3n para ti es la climatizaci\u00f3n de calefacci\u00f3n y aire acondicionado, nos hacemos cargo del estudio, instalaci\u00f3n, mantenimiento y limpiezas peri\u00f3dicas. Te garantizamos un buen funcionamiento en tu oficina, en locales comerciales e industriales.<\/p>\n<p>[\/vc_column_text][\/vc_column_inner][vc_column_inner width=\u00bb1\/2&#8243;][vc_single_image image=\u00bb270&#8243; img_size=\u00bblarge\u00bb alignment=\u00bbcenter\u00bb style=\u00bbvc_box_border_circle_2&#8243;][\/vc_column_inner][\/vc_row_inner][vc_row_inner content_placement=\u00bbmiddle\u00bb el_id=\u00bbtelecomunicacions\u00bb][vc_column_inner width=\u00bb1\/2&#8243; offset=\u00bbvc_hidden-xs\u00bb][vc_single_image image=\u00bb274&#8243; img_size=\u00bblarge\u00bb alignment=\u00bbcenter\u00bb style=\u00bbvc_box_border_circle_2&#8243;][\/vc_column_inner][vc_column_inner width=\u00bb1\/2&#8243; offset=\u00bbvc_hidden-xs\u00bb][vc_column_text]<\/p>\n<h2 style=\"text-align: center;\"><i class=\"fas fa-rss\" style=\"color:#016DAD\" aria-hidden=\"true\"><\/i> Telecomunicaciones<\/h2>\n<p style=\"text-align: center;\">Realizamos proyectos de telecomunicaciones en casas, pisos, bloques de edificios o cualquier otro espacio: instalaciones de TDT, tel\u00e9fono, redes UTP, wifi para inform\u00e1tica, porteros autom\u00e1ticos, videoporteros.<\/p>\n<p>[\/vc_column_text][\/vc_column_inner][\/vc_row_inner][vc_row_inner el_id=\u00bbtelecomunicacions\u00bb][vc_column_inner width=\u00bb1\/2&#8243; offset=\u00bbvc_hidden-lg vc_hidden-md vc_hidden-sm\u00bb][vc_column_text]<\/p>\n<h2 style=\"text-align: center;\"><i class=\"fas fa-rss\" style=\"color:#016DAD\" aria-hidden=\"true\"><\/i> Telecomunicaciones<\/h2>\n<p style=\"text-align: center;\">Realizamos proyectos de telecomunicaciones en casas, pisos, bloques de edificios o cualquier otro espacio: instalaciones de TDT, tel\u00e9fono, redes UTP, wifi para inform\u00e1tica, porteros autom\u00e1ticos, videoporteros.<\/p>\n<p>[\/vc_column_text][\/vc_column_inner][vc_column_inner width=\u00bb1\/2&#8243; offset=\u00bbvc_hidden-lg vc_hidden-md vc_hidden-sm\u00bb][vc_single_image image=\u00bb274&#8243; img_size=\u00bblarge\u00bb alignment=\u00bbcenter\u00bb style=\u00bbvc_box_border_circle_2&#8243;][\/vc_column_inner][\/vc_row_inner][vc_row_inner content_placement=\u00bbmiddle\u00bb el_id=\u00bb#Dom\u00f2tica\u00bb][vc_column_inner width=\u00bb1\/2&#8243;][vc_column_text]<\/p>\n<h2 style=\"text-align: center;\"><i class=\"fas fa-mobile-alt\" style=\"color:#016DAD\" aria-hidden=\"true\"><\/i> Dom\u00f3tica<\/h2>\n<p style=\"text-align: center;\">La dom\u00f3tica hace de tu casa un lugar m\u00e1s agradable y eficiente y aumenta su calidad. Si convive con una persona con movilidad reducida, hacer uso de la dom\u00f3tica puede ser una mejora en el d\u00eda a d\u00eda.<\/p>\n<p style=\"text-align: center;\">Nos encargamos del proyecto y de las instalaciones para crear casas inteligentes, centralizaci\u00f3n de persianas, aprovechamiento de la luz solar, encendido de luces autom\u00e1ticas, alarmas de gas, agua y humo.<\/p>\n<p>[\/vc_column_text][\/vc_column_inner][vc_column_inner width=\u00bb1\/2&#8243;][vc_single_image image=\u00bb275&#8243; img_size=\u00bblarge\u00bb alignment=\u00bbcenter\u00bb style=\u00bbvc_box_border_circle_2&#8243;][\/vc_column_inner][\/vc_row_inner][\/vc_column][\/vc_row][\/vc_section][vc_section full_width=\u00bbstretch_row_content\u00bb css=\u00bb.vc_custom_1653903976137{background-image: url(https:\/\/imarsl.com\/wp-content\/uploads\/2022\/04\/home-IMAR-3.jpg?id=67) !important;background-position: center !important;background-repeat: no-repeat !important;background-size: cover !important;}\u00bb][vc_row][vc_column][vc_empty_space height=\u00bb50px\u00bb][\/vc_column][\/vc_row][vc_row][vc_column width=\u00bb1\/2&#8243;][vc_column_text]<\/p>\n<h2 style=\"text-align: center;\"><span style=\"color: #fa7226;\"><strong>\u00bfC\u00f3mo podemos ayudarte?<\/strong><\/span><\/h2>\n<p>[\/vc_column_text][vc_column_text]<\/p>\n<h4 style=\"text-align: center;\">Contacta con nosotros si tienes dudas o necesitas un presupuesto.<\/h4>\n<p>[\/vc_column_text][vc_btn title=\u00bb<b>CONT\u00c1CTANOS SIN COMPROMISO<\/b>\u00bb style=\u00bbflat\u00bb shape=\u00bbround\u00bb color=\u00bbwarning\u00bb size=\u00bblg\u00bb align=\u00bbcenter\u00bb i_align=\u00bbright\u00bb i_icon_fontawesome=\u00bbfas fa-arrow-circle-right\u00bb css_animation=\u00bbfadeInRightBig\u00bb add_icon=\u00bbtrue\u00bb link=\u00bburl:https%3A%2F%2Fimarsl.com%2Fcontacte-imar%2F|title:SECTOR%20TERCIARIO|\u00bb][\/vc_column][vc_column width=\u00bb1\/2&#8243;][\/vc_column][\/vc_row][vc_row][vc_column][vc_empty_space height=\u00bb50px\u00bb][\/vc_column][\/vc_row][\/vc_section]<\/p>\n","protected":false},"excerpt":{"rendered":"<p>[vc_row full_width=\u00bbstretch_row_content\u00bb equal_height=\u00bbyes\u00bb content_placement=\u00bbmiddle\u00bb css=\u00bb.vc_custom_1653903965968{background-image: url(https:\/\/imarsl.com\/wp-content\/uploads\/2022\/05\/home-SECTOR-TERCIARI-2.jpg?id=378) !important;background-position: center !important;background-repeat: no-repeat !important;background-size: cover !important;}\u00bb][vc_column width=\u00bb1\/2&#8243; offset=\u00bbvc_hidden-sm vc_hidden-xs\u00bb][vc_row_inner][vc_column_inner][vc_empty_space height=\u00bb100px\u00bb][\/vc_column_inner][\/vc_row_inner][\/vc_column][vc_column width=\u00bb1\/2&#8243; offset=\u00bbvc_hidden-sm vc_hidden-xs\u00bb][vc_empty_space height=\u00bb100px\u00bb][vc_column_text] Ingenier\u00eda de instalaciones que mejoran<span class=\"excerpt-hellip\"> [\u2026]<\/span><\/p>\n","protected":false},"author":3,"featured_media":646,"parent":0,"menu_order":0,"comment_status":"closed","ping_status":"closed","template":"","meta":{"footnotes":""},"class_list":["post-759","page","type-page","status-publish","has-post-thumbnail","hentry"],"_links":{"self":[{"href":"https:\/\/imarsl.com\/es\/wp-json\/wp\/v2\/pages\/759"}],"collection":[{"href":"https:\/\/imarsl.com\/es\/wp-json\/wp\/v2\/pages"}],"about":[{"href":"https:\/\/imarsl.com\/es\/wp-json\/wp\/v2\/types\/page"}],"author":[{"embeddable":true,"href":"https:\/\/imarsl.com\/es\/wp-json\/wp\/v2\/users\/3"}],"replies":[{"embeddable":true,"href":"https:\/\/imarsl.com\/es\/wp-json\/wp\/v2\/comments?post=759"}],"version-history":[{"count":12,"href":"https:\/\/imarsl.com\/es\/wp-json\/wp\/v2\/pages\/759\/revisions"}],"predecessor-version":[{"id":1016,"href":"https:\/\/imarsl.com\/es\/wp-json\/wp\/v2\/pages\/759\/revisions\/1016"}],"wp:featuredmedia":[{"embeddable":true,"href":"https:\/\/imarsl.com\/es\/wp-json\/wp\/v2\/media\/646"}],"wp:attachment":[{"href":"https:\/\/imarsl.com\/es\/wp-json\/wp\/v2\/media?parent=759"}],"curies":[{"name":"wp","href":"https:\/\/api.w.org\/{rel}","templated":true}]}}