{"id":757,"date":"2022-05-24T15:28:49","date_gmt":"2022-05-24T15:28:49","guid":{"rendered":"https:\/\/imarsl.com\/industrial\/"},"modified":"2022-07-06T14:56:45","modified_gmt":"2022-07-06T14:56:45","slug":"industrial","status":"publish","type":"page","link":"https:\/\/imarsl.com\/es\/industrial\/","title":{"rendered":"INDUSTRIAL"},"content":{"rendered":"<p>[vc_row full_width=\u00bbstretch_row_content\u00bb equal_height=\u00bbyes\u00bb content_placement=\u00bbmiddle\u00bb css=\u00bb.vc_custom_1653903925229{background-image: url(https:\/\/imarsl.com\/wp-content\/uploads\/2022\/04\/home-FACTORY.jpg?id=57) !important;background-position: center !important;background-repeat: no-repeat !important;background-size: cover !important;}\u00bb][vc_column width=\u00bb1\/2&#8243; offset=\u00bbvc_hidden-sm vc_hidden-xs\u00bb][vc_empty_space height=\u00bb100px\u00bb][\/vc_column][vc_column width=\u00bb1\/2&#8243; offset=\u00bbvc_hidden-sm vc_hidden-xs\u00bb][vc_row_inner][vc_column_inner][vc_empty_space height=\u00bb100px\u00bb][\/vc_column_inner][\/vc_row_inner][vc_column_text]<\/p>\n<h1 style=\"text-align: center;\"><span style=\"color: #fa7226;\">Gesti\u00f3n integral de instalaciones y eficiencia energ\u00e9tica para la industria<\/span><\/h1>\n<p>[\/vc_column_text][vc_column_text]<\/p>\n<h3 style=\"text-align: center;\"><strong>Dise\u00f1amos y aplicamos ingenier\u00eda a medida para cada industria<\/strong><\/h3>\n<p>[\/vc_column_text][vc_empty_space height=\u00bb100px\u00bb][\/vc_column][\/vc_row][vc_row full_width=\u00bbstretch_row_content\u00bb equal_height=\u00bbyes\u00bb content_placement=\u00bbmiddle\u00bb css=\u00bb.vc_custom_1653903925229{background-image: url(https:\/\/imarsl.com\/wp-content\/uploads\/2022\/04\/home-FACTORY.jpg?id=57) !important;background-position: center !important;background-repeat: no-repeat !important;background-size: cover !important;}\u00bb][vc_column offset=\u00bbvc_hidden-lg vc_hidden-md\u00bb][vc_empty_space height=\u00bb20px\u00bb][vc_column_text]<\/p>\n<h1 style=\"text-align: center;\"><span style=\"color: #fa7226;\">Gesti\u00f3n integral de instalaciones y eficiencia energ\u00e9tica para la industria<\/span><\/h1>\n<p>[\/vc_column_text][vc_column_text]<\/p>\n<h3 style=\"text-align: center;\"><strong>Dise\u00f1amos y aplicamos ingenier\u00eda a medida para cada industria<\/strong><\/h3>\n<p>[\/vc_column_text][vc_empty_space height=\u00bb20px\u00bb][\/vc_column][\/vc_row][vc_row full_width=\u00bbstretch_row_content\u00bb equal_height=\u00bbyes\u00bb content_placement=\u00bbmiddle\u00bb el_class=\u00bbno-padding-horizontal\u00bb][vc_column width=\u00bb1\/2&#8243; css=\u00bb.vc_custom_1653045476008{background-color: #fa7226 !important;}\u00bb][vc_column_text css=\u00bb.vc_custom_1653404560473{padding-right: 25px !important;padding-left: 25px !important;}\u00bb]<\/p>\n<h2 style=\"text-align: center;\"><strong><span style=\"color: #ffffff;\">Desde los inicios de IMAR hemos trabajado codo a codo con la industria, entendiendo cu\u00e1les son sus necesidades y aportando soluciones a la medida.<\/span><\/strong><\/h2>\n<h3 style=\"text-align: center;\"><strong><span style=\"color: #ffffff;\">Hoy es imprescindible estar a la vanguardia de la ingenier\u00eda de instalaciones y eficiencia energ\u00e9tica, as\u00ed como garantizar la seguridad en todos los puestos de trabajo. <\/span><\/strong><\/h3>\n<p>[\/vc_column_text][\/vc_column][vc_column css_animation=\u00bbfadeInLeftBig\u00bb width=\u00bb1\/2&#8243; css=\u00bb.vc_custom_1657119378793{background-color: #ffffff !important;}\u00bb][vc_empty_space height=\u00bb25px\u00bb][vc_column_text css=\u00bb.vc_custom_1654251128144{padding-left: 25px !important;}\u00bb]<\/p>\n<h4><i class=\"fas fa-arrow-circle-right\" style=\"color:#FA7226\" aria-hidden=\"true\"><\/i> <a href=\"#electriques\">Instalaciones el\u00e9ctricas<\/a><\/h4>\n<h4><i class=\"fas fa-arrow-circle-right\" style=\"color:#FA7226\" aria-hidden=\"true\"><\/i> <a href=\"#Climatitzaci%C3%B3\">Climatizaci\u00f3n<\/a><\/h4>\n<h4><i class=\"fas fa-arrow-circle-right\" style=\"color:#FA7226\" aria-hidden=\"true\"><\/i> <a href=\"#automatitzaci%C3%B3\">Automatizaci\u00f3n y control industrial<\/a><\/h4>\n<h4><i class=\"fas fa-arrow-circle-right\" style=\"color:#FA7226\" aria-hidden=\"true\"><\/i> <a href=\"#Armarisel%C3%A8ctrics\">Armarios el\u00e9ctricos<\/a><\/h4>\n<h4><i class=\"fas fa-arrow-circle-right\" style=\"color:#FA7226\" aria-hidden=\"true\"><\/i> <a href=\"#mantenimentindustrial\">Mantenimiento industrial<\/a><\/h4>\n<h4><i class=\"fas fa-arrow-circle-right\" style=\"color:#FA7226\" aria-hidden=\"true\"><\/i> <a href=\"#reactiva\">An\u00e1lisis de energ\u00eda reactiva y arm\u00f3nicas<\/a><\/h4>\n<h4><i class=\"fas fa-arrow-circle-right\" style=\"color:#FA7226\" aria-hidden=\"true\"><\/i> <a href=\"#termografiques\">Inspecciones termogr\u00e1ficas<\/a><\/h4>\n<p>[\/vc_column_text][vc_empty_space height=\u00bb25px\u00bb][\/vc_column][\/vc_row][vc_section full_width=\u00bbstretch_row\u00bb parallax=\u00bbcontent-moving-fade\u00bb parallax_image=\u00bb340&#8243;][vc_row][vc_column][vc_empty_space height=\u00bb15px\u00bb][vc_row_inner content_placement=\u00bbmiddle\u00bb el_id=\u00bbelectriques\u00bb][vc_column_inner width=\u00bb1\/2&#8243;][vc_column_text]<\/p>\n<h2 style=\"text-align: center;\"><i class=\"fas fa-plug\" style=\"color:#FA7226\" aria-hidden=\"true\"><\/i> Instalaciones el\u00e9ctricas<\/h2>\n<p style=\"text-align: center;\">Nos hacemos cargo del dise\u00f1o, c\u00e1lculo y montaje de todo tipo de instalaciones el\u00e9ctricas de Baja Tensi\u00f3n, tanto de potencia como de maniobra.<\/p>\n<p>[\/vc_column_text][\/vc_column_inner][vc_column_inner width=\u00bb1\/2&#8243;][vc_single_image image=\u00bb207&#8243; img_size=\u00bblarge\u00bb alignment=\u00bbcenter\u00bb style=\u00bbvc_box_border_circle_2&#8243;][\/vc_column_inner][\/vc_row_inner][vc_row_inner content_placement=\u00bbmiddle\u00bb el_id=\u00bbClimatitzaci\u00f3\u00bb][vc_column_inner width=\u00bb1\/2&#8243; offset=\u00bbvc_hidden-xs\u00bb][vc_single_image image=\u00bb329&#8243; img_size=\u00bblarge\u00bb alignment=\u00bbcenter\u00bb style=\u00bbvc_box_border_circle_2&#8243;][\/vc_column_inner][vc_column_inner width=\u00bb1\/2&#8243; offset=\u00bbvc_hidden-xs\u00bb][vc_column_text]<\/p>\n<h2 style=\"text-align: center;\"><i class=\"fas fa-thermometer-half\" style=\"color:#FA7226\" aria-hidden=\"true\"><\/i> Climatizaci\u00f3n<\/h2>\n<p style=\"text-align: center;\">Hacemos el dise\u00f1o, c\u00e1lculo y montaje de instalaciones para climatizar locales industriales, oficinas y almacenes, adaptando la mejor soluci\u00f3n para cada proyecto.<\/p>\n<p>[\/vc_column_text][\/vc_column_inner][\/vc_row_inner][vc_row_inner content_placement=\u00bbmiddle\u00bb el_id=\u00bbClimatitzaci\u00f3\u00bb][vc_column_inner width=\u00bb1\/2&#8243; offset=\u00bbvc_hidden-lg vc_hidden-md vc_hidden-sm\u00bb][vc_column_text]<\/p>\n<h2 style=\"text-align: center;\"><i class=\"fas fa-thermometer-half\" style=\"color:#FA7226\" aria-hidden=\"true\"><\/i> Climatizaci\u00f3n<\/h2>\n<p style=\"text-align: center;\">Hacemos el dise\u00f1o, c\u00e1lculo y montaje de instalaciones para climatizar locales industriales, oficinas y almacenes, adaptando la mejor soluci\u00f3n para cada proyecto.<\/p>\n<p>[\/vc_column_text][\/vc_column_inner][vc_column_inner width=\u00bb1\/2&#8243; offset=\u00bbvc_hidden-lg vc_hidden-md vc_hidden-sm\u00bb][vc_single_image image=\u00bb329&#8243; img_size=\u00bblarge\u00bb alignment=\u00bbcenter\u00bb style=\u00bbvc_box_border_circle_2&#8243;][\/vc_column_inner][\/vc_row_inner][vc_row_inner content_placement=\u00bbmiddle\u00bb el_id=\u00bbautomatitzaci\u00f3\u00bb][vc_column_inner width=\u00bb1\/2&#8243;][vc_column_text]<\/p>\n<h2 style=\"text-align: center;\"><i class=\"fas fa-eye\" style=\"color:#FA7226\" aria-hidden=\"true\"><\/i> Automatizaci\u00f3n y control industrial<\/h2>\n<p style=\"text-align: center;\">Estamos especializados en la programaci\u00f3n de todo tipo de sistemas de control mediante PLC, pantallas t\u00e1ctiles, SCADA, redes industriales, etc.<\/p>\n<p style=\"text-align: center;\">Desde la aparici\u00f3n en el mercado industrial de los primeros aut\u00f3matas programables (PLC), los hemos utilizado en nuestros proyectos de automatizaci\u00f3n en los que se requiere una gesti\u00f3n del proceso con un alto grado de fiabilidad.<\/p>\n<p style=\"text-align: center;\">La eficacia del PLC permite incorporarlo en un amplio abanico de aplicaciones, obteniendo resultados \u00f3ptimos de funcionamiento, desde peque\u00f1os armarios por la ejecuci\u00f3n autom\u00e1tica de maniobras sencillas hasta grandes redes de aut\u00f3matas para controlar y gestionar de forma totalmente autom\u00e1tica complejos procesos de fabricaci\u00f3n.<\/p>\n<p>[\/vc_column_text][\/vc_column_inner][vc_column_inner width=\u00bb1\/2&#8243;][vc_single_image image=\u00bb330&#8243; img_size=\u00bblarge\u00bb alignment=\u00bbcenter\u00bb style=\u00bbvc_box_border_circle_2&#8243;][\/vc_column_inner][\/vc_row_inner][vc_row_inner content_placement=\u00bbmiddle\u00bb el_id=\u00bbArmarisel\u00e8ctrics\u00bb][vc_column_inner width=\u00bb1\/2&#8243; offset=\u00bbvc_hidden-xs\u00bb][vc_single_image image=\u00bb331&#8243; img_size=\u00bblarge\u00bb alignment=\u00bbcenter\u00bb style=\u00bbvc_box_border_circle_2&#8243;][\/vc_column_inner][vc_column_inner width=\u00bb1\/2&#8243; offset=\u00bbvc_hidden-xs\u00bb][vc_column_text]<\/p>\n<h2 style=\"text-align: center;\"><i class=\"far fa-lightbulb\" style=\"color:#FA7226\" aria-hidden=\"true\"><\/i> Armarios el\u00e9ctricos<\/h2>\n<p style=\"text-align: center;\">Nos encargamos del dise\u00f1o y montaje de armarios el\u00e9ctricos de BT por la alimentaci\u00f3n de equipos, por el control de procesos automatizados. Entregamos la documentaci\u00f3n de esquemas el\u00e9ctricos en CAD y\/o gu\u00edas de funcionamiento.<\/p>\n<p>[\/vc_column_text][\/vc_column_inner][\/vc_row_inner][vc_row_inner content_placement=\u00bbmiddle\u00bb el_id=\u00bbArmarisel\u00e8ctrics\u00bb][vc_column_inner width=\u00bb1\/2&#8243; offset=\u00bbvc_hidden-lg vc_hidden-md vc_hidden-sm\u00bb][vc_column_text]<\/p>\n<h2 style=\"text-align: center;\"><i class=\"far fa-lightbulb\" style=\"color:#FA7226\" aria-hidden=\"true\"><\/i> Armarios el\u00e9ctricos<\/h2>\n<p style=\"text-align: center;\">Nos encargamos del dise\u00f1o y montaje de armarios el\u00e9ctricos de BT por la alimentaci\u00f3n de equipos, por el control de procesos automatizados. Entregamos la documentaci\u00f3n de esquemas el\u00e9ctricos en CAD y\/o gu\u00edas de funcionamiento.<\/p>\n<p>[\/vc_column_text][\/vc_column_inner][vc_column_inner width=\u00bb1\/2&#8243; offset=\u00bbvc_hidden-lg vc_hidden-md vc_hidden-sm\u00bb][vc_single_image image=\u00bb331&#8243; img_size=\u00bblarge\u00bb alignment=\u00bbcenter\u00bb style=\u00bbvc_box_border_circle_2&#8243;][\/vc_column_inner][\/vc_row_inner][vc_row_inner content_placement=\u00bbmiddle\u00bb el_id=\u00bbmantenimentindustrial\u00bb][vc_column_inner width=\u00bb1\/2&#8243;][vc_column_text]<\/p>\n<h2 style=\"text-align: center;\"><i class=\"fas fa-wrench\" style=\"color:#FA7226\" aria-hidden=\"true\"><\/i> Mantenimiento industrial<\/h2>\n<p style=\"text-align: center;\">Correctivos Reparaciones de l\u00edneas de sistemas de alumbrado, inspecciones termogr\u00e1ficas, verificaciones de protecciones, aislamientos y estado de los conductores y acometidas y comprobaciones de tomas de tierra. Reglamentarios &#8211; Preventivos Mantenimiento integral de las instalaciones el\u00e9ctricas de baja tensi\u00f3n.<\/p>\n<p>[\/vc_column_text][\/vc_column_inner][vc_column_inner width=\u00bb1\/2&#8243;][vc_single_image image=\u00bb332&#8243; img_size=\u00bblarge\u00bb alignment=\u00bbcenter\u00bb style=\u00bbvc_box_border_circle_2&#8243;][\/vc_column_inner][\/vc_row_inner][vc_row_inner content_placement=\u00bbmiddle\u00bb el_id=\u00bbreactiva\u00bb][vc_column_inner width=\u00bb1\/2&#8243; offset=\u00bbvc_hidden-xs\u00bb][vc_single_image image=\u00bb334&#8243; img_size=\u00bblarge\u00bb alignment=\u00bbcenter\u00bb style=\u00bbvc_box_border_circle_2&#8243;][\/vc_column_inner][vc_column_inner width=\u00bb1\/2&#8243; offset=\u00bbvc_hidden-xs\u00bb][vc_column_text]<\/p>\n<h2 style=\"text-align: center;\"><i class=\"fas fa-burn\" style=\"color:#FA7226\" aria-hidden=\"true\"><\/i> An\u00e1lisis de energ\u00eda reactiva y arm\u00f3nicos<\/h2>\n<p style=\"text-align: center;\">Desarrollamos el estudio del consumo energ\u00e9tico de la instalaci\u00f3n para detectar p\u00e9rdidas de energ\u00eda reactiva y arm\u00f3nicos.<\/p>\n<p style=\"text-align: center;\">Hacemos la colocaci\u00f3n de equipos de compensaci\u00f3n de reactiva y filtros de arm\u00f3nicos.<\/p>\n<p>[\/vc_column_text][\/vc_column_inner][\/vc_row_inner][vc_row_inner content_placement=\u00bbmiddle\u00bb el_id=\u00bbreactiva\u00bb][vc_column_inner width=\u00bb1\/2&#8243; offset=\u00bbvc_hidden-lg vc_hidden-md vc_hidden-sm\u00bb][vc_column_text]<\/p>\n<h2 style=\"text-align: center;\"><i class=\"fas fa-burn\" style=\"color:#FA7226\" aria-hidden=\"true\"><\/i> An\u00e1lisis de energ\u00eda reactiva y arm\u00f3nicos<\/h2>\n<p style=\"text-align: center;\">Desarrollamos el estudio del consumo energ\u00e9tico de la instalaci\u00f3n para detectar p\u00e9rdidas de energ\u00eda reactiva y arm\u00f3nicos.<\/p>\n<p style=\"text-align: center;\">Hacemos la colocaci\u00f3n de equipos de compensaci\u00f3n de reactiva y filtros de arm\u00f3nicos.<\/p>\n<p>[\/vc_column_text][\/vc_column_inner][vc_column_inner width=\u00bb1\/2&#8243; offset=\u00bbvc_hidden-lg vc_hidden-md vc_hidden-sm\u00bb][vc_single_image image=\u00bb334&#8243; img_size=\u00bblarge\u00bb alignment=\u00bbcenter\u00bb style=\u00bbvc_box_border_circle_2&#8243;][\/vc_column_inner][\/vc_row_inner][vc_row_inner content_placement=\u00bbmiddle\u00bb el_id=\u00bbtermografiques\u00bb][vc_column_inner width=\u00bb1\/2&#8243;][vc_column_text]<\/p>\n<h2 style=\"text-align: center;\"><i class=\"fas fa-building\" style=\"color:#FA7226\" aria-hidden=\"true\"><\/i> Inspecciones termogr\u00e1ficas<\/h2>\n<p style=\"text-align: center;\">Realizamos la inspecci\u00f3n de instalaciones para la detecci\u00f3n de temperatura y posterior evaluaci\u00f3n de posibles puntos defectuosos en los equipos. Ideal para mantenimientos preventivos y para poder evitar posibles paros de las instalaciones por aver\u00edas tales como la rotura de cables por calor, el control de temperatura de las almohadillas de los motores, entre otros.<\/p>\n<p>[\/vc_column_text][\/vc_column_inner][vc_column_inner width=\u00bb1\/2&#8243;][vc_single_image image=\u00bb335&#8243; img_size=\u00bblarge\u00bb alignment=\u00bbcenter\u00bb style=\u00bbvc_box_border_circle_2&#8243;][\/vc_column_inner][\/vc_row_inner][\/vc_column][\/vc_row][\/vc_section][vc_section full_width=\u00bbstretch_row_content\u00bb css=\u00bb.vc_custom_1653642669506{background-image: url(https:\/\/imarsl.com\/wp-content\/uploads\/2022\/05\/ENERGIES-RENOVABLES-area-1.jpg?id=290) !important;background-position: center !important;background-repeat: no-repeat !important;background-size: cover !important;}\u00bb][vc_row][vc_column width=\u00bb1\/2&#8243;][\/vc_column][vc_column width=\u00bb1\/2&#8243;][vc_empty_space height=\u00bb50px\u00bb][vc_column_text]<\/p>\n<h2 style=\"text-align: center;\"><span style=\"color: #fa7226;\"><strong>Las energ\u00edas renovables son el presente y el futuro<\/strong><\/span><\/h2>\n<p>[\/vc_column_text][vc_column_text]<\/p>\n<h4 style=\"text-align: center;\">Utiliza herramientas y soluciones inteligentes para disminuir su consumo.<\/h4>\n<h4 style=\"text-align: center;\">Aplica acciones responsables por mejorar la sociedad.<\/h4>\n<h4 style=\"text-align: center;\">Aumenta el valor de tu empresa o casa.<\/h4>\n<p>[\/vc_column_text][vc_btn title=\u00bb<b>ACT\u00daA POR LA ENERG\u00cdA LIMPIA<\/b>\u00bb style=\u00bbflat\u00bb shape=\u00bbround\u00bb color=\u00bbwarning\u00bb size=\u00bblg\u00bb align=\u00bbcenter\u00bb i_align=\u00bbright\u00bb i_icon_fontawesome=\u00bbfas fa-arrow-circle-right\u00bb css_animation=\u00bbfadeInLeftBig\u00bb add_icon=\u00bbtrue\u00bb link=\u00bburl:https%3A%2F%2Fimarsl.com%2Fes%2Fenergias-renovables%2F|title:ENERG%C3%8DAS%20RENOVABLES|\u00bb][vc_empty_space height=\u00bb50px\u00bb][\/vc_column][\/vc_row][\/vc_section][vc_section full_width=\u00bbstretch_row_content\u00bb css=\u00bb.vc_custom_1653903938788{background-image: url(https:\/\/imarsl.com\/wp-content\/uploads\/2022\/04\/home-IMAR-3.jpg?id=67) !important;background-position: center !important;background-repeat: no-repeat !important;background-size: cover !important;}\u00bb][vc_row][vc_column][vc_empty_space height=\u00bb50px\u00bb][\/vc_column][\/vc_row][vc_row][vc_column width=\u00bb1\/2&#8243;][vc_column_text]<\/p>\n<h2 style=\"text-align: center;\"><span style=\"color: #016dad;\"><strong>\u00bfC\u00f3mo podemos ayudarte?<\/strong><\/span><\/h2>\n<p>[\/vc_column_text][vc_column_text]<\/p>\n<h4 style=\"text-align: center;\">Contacta con nosotros si tienes dudas o necesitas un presupuesto.<\/h4>\n<p>[\/vc_column_text][vc_btn title=\u00bb<b>CONT\u00c1CTANOS SIN COMPROMISO<\/b>\u00bb style=\u00bbflat\u00bb shape=\u00bbround\u00bb color=\u00bbprimary\u00bb size=\u00bblg\u00bb align=\u00bbcenter\u00bb i_align=\u00bbright\u00bb i_icon_fontawesome=\u00bbfas fa-arrow-circle-right\u00bb css_animation=\u00bbfadeInRightBig\u00bb add_icon=\u00bbtrue\u00bb link=\u00bburl:https%3A%2F%2Fimarsl.com%2Fcontacte-imar%2F|title:CONTACTO%20IMAR|\u00bb][\/vc_column][vc_column width=\u00bb1\/2&#8243;][\/vc_column][\/vc_row][vc_row][vc_column][vc_empty_space height=\u00bb50px\u00bb][\/vc_column][\/vc_row][\/vc_section]<\/p>\n","protected":false},"excerpt":{"rendered":"<p>[vc_row full_width=\u00bbstretch_row_content\u00bb equal_height=\u00bbyes\u00bb content_placement=\u00bbmiddle\u00bb css=\u00bb.vc_custom_1653903925229{background-image: url(https:\/\/imarsl.com\/wp-content\/uploads\/2022\/04\/home-FACTORY.jpg?id=57) !important;background-position: center !important;background-repeat: no-repeat !important;background-size: cover !important;}\u00bb][vc_column width=\u00bb1\/2&#8243; offset=\u00bbvc_hidden-sm vc_hidden-xs\u00bb][vc_empty_space height=\u00bb100px\u00bb][\/vc_column][vc_column width=\u00bb1\/2&#8243; offset=\u00bbvc_hidden-sm vc_hidden-xs\u00bb][vc_row_inner][vc_column_inner][vc_empty_space height=\u00bb100px\u00bb][\/vc_column_inner][\/vc_row_inner][vc_column_text] Gesti\u00f3n integral de instalaciones y<span class=\"excerpt-hellip\"> [\u2026]<\/span><\/p>\n","protected":false},"author":3,"featured_media":646,"parent":0,"menu_order":0,"comment_status":"closed","ping_status":"closed","template":"","meta":{"footnotes":""},"class_list":["post-757","page","type-page","status-publish","has-post-thumbnail","hentry"],"_links":{"self":[{"href":"https:\/\/imarsl.com\/es\/wp-json\/wp\/v2\/pages\/757"}],"collection":[{"href":"https:\/\/imarsl.com\/es\/wp-json\/wp\/v2\/pages"}],"about":[{"href":"https:\/\/imarsl.com\/es\/wp-json\/wp\/v2\/types\/page"}],"author":[{"embeddable":true,"href":"https:\/\/imarsl.com\/es\/wp-json\/wp\/v2\/users\/3"}],"replies":[{"embeddable":true,"href":"https:\/\/imarsl.com\/es\/wp-json\/wp\/v2\/comments?post=757"}],"version-history":[{"count":3,"href":"https:\/\/imarsl.com\/es\/wp-json\/wp\/v2\/pages\/757\/revisions"}],"predecessor-version":[{"id":1012,"href":"https:\/\/imarsl.com\/es\/wp-json\/wp\/v2\/pages\/757\/revisions\/1012"}],"wp:featuredmedia":[{"embeddable":true,"href":"https:\/\/imarsl.com\/es\/wp-json\/wp\/v2\/media\/646"}],"wp:attachment":[{"href":"https:\/\/imarsl.com\/es\/wp-json\/wp\/v2\/media?parent=757"}],"curies":[{"name":"wp","href":"https:\/\/api.w.org\/{rel}","templated":true}]}}