{"id":753,"date":"2022-05-24T14:43:16","date_gmt":"2022-05-24T14:43:16","guid":{"rendered":"https:\/\/imarsl.com\/energias-renovables\/"},"modified":"2022-07-06T15:05:57","modified_gmt":"2022-07-06T15:05:57","slug":"energias-renovables","status":"publish","type":"page","link":"https:\/\/imarsl.com\/es\/energias-renovables\/","title":{"rendered":"ENERG\u00cdAS RENOVABLES"},"content":{"rendered":"<p>[vc_row full_width=\u00bbstretch_row_content\u00bb equal_height=\u00bbyes\u00bb content_placement=\u00bbmiddle\u00bb css=\u00bb.vc_custom_1653903870070{background-image: url(https:\/\/imarsl.com\/wp-content\/uploads\/2022\/05\/ENERGIES-RENOVABLES-area-1.jpg?id=290) !important;background-position: center !important;background-repeat: no-repeat !important;background-size: cover !important;}\u00bb][vc_column width=\u00bb1\/2&#8243; offset=\u00bbvc_hidden-sm vc_hidden-xs\u00bb][vc_row_inner][vc_column_inner][vc_empty_space height=\u00bb100px\u00bb][\/vc_column_inner][\/vc_row_inner][\/vc_column][vc_column width=\u00bb1\/2&#8243; offset=\u00bbvc_hidden-sm vc_hidden-xs\u00bb][vc_empty_space height=\u00bb100px\u00bb][vc_column_text]<\/p>\n<h1 style=\"text-align: center;\"><span style=\"color: #016dad;\">El presente son las energ\u00edas renovables <\/span><\/h1>\n<p>[\/vc_column_text][vc_column_text]<\/p>\n<h3 style=\"text-align: center;\"><strong>Actuamos de forma responsable para cuidar el medio ambiente.<\/strong><\/h3>\n<h3 style=\"text-align: center;\"><strong>En tu hogar y en tu industria la energ\u00eda verde es posible<\/strong><\/h3>\n<p>[\/vc_column_text][vc_empty_space height=\u00bb100px\u00bb][\/vc_column][\/vc_row][vc_row full_width=\u00bbstretch_row_content\u00bb equal_height=\u00bbyes\u00bb content_placement=\u00bbmiddle\u00bb css=\u00bb.vc_custom_1653903870070{background-image: url(https:\/\/imarsl.com\/wp-content\/uploads\/2022\/05\/ENERGIES-RENOVABLES-area-1.jpg?id=290) !important;background-position: center !important;background-repeat: no-repeat !important;background-size: cover !important;}\u00bb][vc_column offset=\u00bbvc_hidden-lg vc_hidden-md\u00bb][vc_empty_space height=\u00bb50px\u00bb][vc_column_text]<\/p>\n<h1 style=\"text-align: center;\"><span style=\"color: #016dad;\">El presente son las energ\u00edas renovables <\/span><\/h1>\n<p>[\/vc_column_text][vc_column_text]<\/p>\n<h3 style=\"text-align: center;\"><strong>Actuamos de forma responsable para cuidar el medio ambiente.<\/strong><\/h3>\n<h3 style=\"text-align: center;\"><strong>En tu hogar y en tu industria la energ\u00eda verde es posible<\/strong><\/h3>\n<p>[\/vc_column_text][vc_empty_space height=\u00bb50px\u00bb][\/vc_column][\/vc_row][vc_section full_width=\u00bbstretch_row\u00bb el_class=\u00bbno-padding-horizontal\u00bb][vc_row full_width=\u00bbstretch_row_content\u00bb equal_height=\u00bbyes\u00bb content_placement=\u00bbmiddle\u00bb][vc_column width=\u00bb1\/2&#8243; css=\u00bb.vc_custom_1653401247552{background-color: #016dad !important;}\u00bb][vc_empty_space height=\u00bb15px\u00bb][vc_column_text css=\u00bb.vc_custom_1653401702498{padding-right: 25px !important;padding-left: 25px !important;}\u00bb]<\/p>\n<h2 style=\"text-align: center;\"><span style=\"color: #ffffff;\"><strong>La tecnolog\u00eda y la ingenier\u00eda forma parte de nuestro ADN y respetar el entorno y el futuro es nuestra responsabilidad.<\/strong><\/span><\/h2>\n<h3 style=\"text-align: center;\"><span style=\"color: #ffffff;\"><strong>Trabajamos para aplicar soluciones que nos deriven a una energ\u00eda m\u00e1s verde y eficiente que disminuya el consumo y beneficio a todos.<\/strong><\/span><\/h3>\n<p>[\/vc_column_text][vc_empty_space height=\u00bb15px\u00bb][\/vc_column][vc_column css_animation=\u00bbfadeInLeftBig\u00bb width=\u00bb1\/2&#8243; css=\u00bb.vc_custom_1657119928876{background-color: #ffffff !important;}\u00bb][vc_empty_space height=\u00bb25px\u00bb][vc_column_text css=\u00bb.vc_custom_1654250779721{padding-left: 25px !important;}\u00bb]<\/p>\n<h4><i class=\"fas fa-arrow-circle-right\" style=\"color:#016DAD\" aria-hidden=\"true\"><\/i> <a href=\"#fotovoltaica\">Solar fotovoltaica<\/a><\/h4>\n<h4><i class=\"fas fa-arrow-circle-right\" style=\"color:#016DAD\" aria-hidden=\"true\"><\/i> <a href=\"#Aerot%C3%A8rmia\">Aerotermia<\/a><\/h4>\n<h4><i class=\"fas fa-arrow-circle-right\" style=\"color:#016DAD\" aria-hidden=\"true\"><\/i> <a href=\"#geotermia\">Geotermia<\/a><\/h4>\n<h4><i class=\"fas fa-arrow-circle-right\" style=\"color:#016DAD\" aria-hidden=\"true\"><\/i> <a href=\"#t%C3%A8rmica\">Solar t\u00e9rmica por A.C.S. ayuda a la calefacci\u00f3n o calentamiento de piscinas<\/a><\/h4>\n<h4><i class=\"fas fa-arrow-circle-right\" style=\"color:#016DAD\" aria-hidden=\"true\"><\/i> <a href=\"#Biomassa\">Biomasa<\/a><\/h4>\n<p>[\/vc_column_text][vc_empty_space height=\u00bb25px\u00bb][\/vc_column][\/vc_row][\/vc_section][vc_section full_width=\u00bbstretch_row\u00bb parallax=\u00bbcontent-moving-fade\u00bb parallax_image=\u00bb322&#8243;][vc_row][vc_column][vc_empty_space height=\u00bb15px\u00bb][vc_row_inner content_placement=\u00bbmiddle\u00bb el_id=\u00bbfotovoltaica\u00bb][vc_column_inner width=\u00bb1\/2&#8243;][vc_column_text]<\/p>\n<h2 style=\"text-align: center;\"><i class=\"fas fa-solar-panel\" style=\"color:#016DAD\" aria-hidden=\"true\"><\/i> Solar fotovoltaica<\/h2>\n<p style=\"text-align: center;\">Nos encargamos de todo el proceso para posibilitar la instalaci\u00f3n de placas solares, tanto a nivel dom\u00e9stico como industrial.<\/p>\n<p style=\"text-align: center;\">Conexi\u00f3n a Red Estudios de viabilidad de inversi\u00f3n, proyecto t\u00e9cnico, direcci\u00f3n de obra, puesta en marcha, mantenimiento, gestiones administrativas y de subvenciones, tramitaciones con la compa\u00f1\u00eda distribuidora (punto de conexi\u00f3n, facturaci\u00f3n, etc.).<\/p>\n<p style=\"text-align: center;\">Aislada Estudio de la mejor soluci\u00f3n coste-beneficio en funci\u00f3n de la localizaci\u00f3n y tipo de instalaci\u00f3n. Realizamos el proyecto t\u00e9cnico, instalaci\u00f3n y puesta en marcha, as\u00ed como los mantenimientos para asegurar su m\u00e1xima duraci\u00f3n.<\/p>\n<p>[\/vc_column_text][\/vc_column_inner][vc_column_inner width=\u00bb1\/2&#8243;][vc_single_image image=\u00bb306&#8243; img_size=\u00bblarge\u00bb alignment=\u00bbcenter\u00bb style=\u00bbvc_box_border_circle_2&#8243;][\/vc_column_inner][\/vc_row_inner][vc_row_inner content_placement=\u00bbmiddle\u00bb el_id=\u00bbAerot\u00e8rmia\u00bb][vc_column_inner width=\u00bb1\/2&#8243; offset=\u00bbvc_hidden-xs\u00bb][vc_single_image image=\u00bb309&#8243; img_size=\u00bblarge\u00bb alignment=\u00bbcenter\u00bb style=\u00bbvc_box_border_circle_2&#8243;][\/vc_column_inner][vc_column_inner width=\u00bb1\/2&#8243; offset=\u00bbvc_hidden-xs\u00bb][vc_column_text]<\/p>\n<h2 style=\"text-align: center;\"><i class=\"fas fa-water\" style=\"color:#016DAD\" aria-hidden=\"true\"><\/i> Aerotermia<\/h2>\n<p style=\"text-align: center;\">Las bombas de calor aire\/agua aprovechan el aire exterior como fuente de energ\u00eda. Extraen del aire exterior la energ\u00eda para el agua caliente sanitaria, la calefacci\u00f3n y el aire acondicionado.<\/p>\n<p style=\"text-align: center;\">Independientemente de la estaci\u00f3n del a\u00f1o y de las condiciones meteorol\u00f3gicas, las bombas de calor absorben la energ\u00eda solar acumulada en el medio ambiente y la llevan a un nivel de temperatura adecuado para su utilizaci\u00f3n en el habit\u00e1culo. La bomba de calor es uno de los sistemas de calefacci\u00f3n y agua caliente sanitaria m\u00e1s eficaces que existen.<\/p>\n<p>[\/vc_column_text][\/vc_column_inner][\/vc_row_inner][vc_row_inner content_placement=\u00bbmiddle\u00bb el_id=\u00bbAerot\u00e8rmia\u00bb][vc_column_inner width=\u00bb1\/2&#8243; offset=\u00bbvc_hidden-lg vc_hidden-md vc_hidden-sm\u00bb][vc_column_text]<\/p>\n<h2 style=\"text-align: center;\"><i class=\"fas fa-water\" style=\"color:#016DAD\" aria-hidden=\"true\"><\/i> Aerotermia<\/h2>\n<p style=\"text-align: center;\">Las bombas de calor aire\/agua aprovechan el aire exterior como fuente de energ\u00eda. Extraen del aire exterior la energ\u00eda para el agua caliente sanitaria, la calefacci\u00f3n y el aire acondicionado.<\/p>\n<p style=\"text-align: center;\">Independientemente de la estaci\u00f3n del a\u00f1o y de las condiciones meteorol\u00f3gicas, las bombas de calor absorben la energ\u00eda solar acumulada en el medio ambiente y la llevan a un nivel de temperatura adecuado para su utilizaci\u00f3n en el habit\u00e1culo. La bomba de calor es uno de los sistemas de calefacci\u00f3n y agua caliente sanitaria m\u00e1s eficaces que existen.<\/p>\n<p>[\/vc_column_text][\/vc_column_inner][vc_column_inner width=\u00bb1\/2&#8243; offset=\u00bbvc_hidden-lg vc_hidden-md vc_hidden-sm\u00bb][vc_single_image image=\u00bb309&#8243; img_size=\u00bblarge\u00bb alignment=\u00bbcenter\u00bb style=\u00bbvc_box_border_circle_2&#8243;][\/vc_column_inner][\/vc_row_inner][vc_row_inner content_placement=\u00bbmiddle\u00bb el_id=\u00bbgeotermia\u00bb][vc_column_inner width=\u00bb1\/2&#8243;][vc_column_text]<\/p>\n<h2 style=\"text-align: center;\"><i class=\"fas fa-random\" style=\"color:#016DAD\" aria-hidden=\"true\"><\/i> Geotermia<\/h2>\n<p style=\"text-align: center;\">Una parte importante de la energ\u00eda que proviene del Sol y llega a la Tierra, es absorbida por la corteza terrestre en forma de calor. La gran masa de la Tierra hace que la temperatura del subsuelo se mantenga pr\u00e1cticamente constante durante todo el a\u00f1o. Podemos considerar el subsuelo en peque\u00f1as profundidades como fuente de calor (energ\u00eda) totalmente renovable e inagotable.<\/p>\n<p style=\"text-align: center;\">Mediante un sistema de captaci\u00f3n adecuado y una bomba de calor geot\u00e9rmica, se consigue transferir calor o fr\u00edo para su utilizaci\u00f3n en la calefacci\u00f3n\/refrigeraci\u00f3n y\/o agua caliente sanitaria.<\/p>\n<p>[\/vc_column_text][\/vc_column_inner][vc_column_inner width=\u00bb1\/2&#8243;][vc_single_image image=\u00bb372&#8243; img_size=\u00bblarge\u00bb alignment=\u00bbcenter\u00bb style=\u00bbvc_box_border_circle_2&#8243;][\/vc_column_inner][\/vc_row_inner][vc_row_inner content_placement=\u00bbmiddle\u00bb el_id=\u00bbt\u00e8rmica\u00bb][vc_column_inner width=\u00bb1\/2&#8243; offset=\u00bbvc_hidden-xs\u00bb][vc_single_image image=\u00bb317&#8243; img_size=\u00bblarge\u00bb alignment=\u00bbcenter\u00bb style=\u00bbvc_box_border_circle_2&#8243;][\/vc_column_inner][vc_column_inner width=\u00bb1\/2&#8243; offset=\u00bbvc_hidden-xs\u00bb][vc_column_text]<\/p>\n<h2 style=\"text-align: center;\"><i class=\"fas fa-sun\" style=\"color:#016DAD\" aria-hidden=\"true\"><\/i> Solar t\u00e9rmica por A.C.S. ayuda al calentamiento de piscinas o a la calefacci\u00f3n.<\/h2>\n<p style=\"text-align: center;\">Aprovecha el tejado o la terraza de tu casa para disminuir el consumo energ\u00e9tico.<\/p>\n<p style=\"text-align: center;\">La instalaci\u00f3n para producir agua caliente est\u00e1 formada por unos captadores o colectores solares situados en el tejado o terraza de un edificio o casa. Estos colectores orientados al sur e inclinados a 45\u00ba respecto a la horizontal, absorben los rayos del sol y calientan el agua que contienen.<\/p>\n<p style=\"text-align: center;\">Esta agua est\u00e1 transportada por un conjunto de tuber\u00edas aisladas t\u00e9rmicamente a un dep\u00f3sito situado dentro de la vivienda, que permitir\u00e1 utilizar el agua caliente.<\/p>\n<p>[\/vc_column_text][\/vc_column_inner][\/vc_row_inner][vc_row_inner content_placement=\u00bbmiddle\u00bb el_id=\u00bbt\u00e8rmica\u00bb][vc_column_inner width=\u00bb1\/2&#8243; offset=\u00bbvc_hidden-lg vc_hidden-md vc_hidden-sm\u00bb][vc_column_text]<\/p>\n<h2 style=\"text-align: center;\"><i class=\"fas fa-sun\" style=\"color:#016DAD\" aria-hidden=\"true\"><\/i> Solar t\u00e9rmica por A.C.S. ayuda al calentamiento de piscinas o a la calefacci\u00f3n.<\/h2>\n<p style=\"text-align: center;\">Aprovecha el tejado o la terraza de tu casa para disminuir el consumo energ\u00e9tico.<\/p>\n<p style=\"text-align: center;\">La instalaci\u00f3n para producir agua caliente est\u00e1 formada por unos captadores o colectores solares situados en el tejado o terraza de un edificio o casa. Estos colectores orientados al sur e inclinados a 45\u00ba respecto a la horizontal, absorben los rayos del sol y calientan el agua que contienen.<\/p>\n<p style=\"text-align: center;\">Esta agua est\u00e1 transportada por un conjunto de tuber\u00edas aisladas t\u00e9rmicamente a un dep\u00f3sito situado dentro de la vivienda, que permitir\u00e1 utilizar el agua caliente.<\/p>\n<p>[\/vc_column_text][\/vc_column_inner][vc_column_inner width=\u00bb1\/2&#8243; offset=\u00bbvc_hidden-lg vc_hidden-md vc_hidden-sm\u00bb][vc_single_image image=\u00bb317&#8243; img_size=\u00bblarge\u00bb alignment=\u00bbcenter\u00bb style=\u00bbvc_box_border_circle_2&#8243;][\/vc_column_inner][\/vc_row_inner][vc_row_inner content_placement=\u00bbmiddle\u00bb el_id=\u00bbBiomassa\u00bb][vc_column_inner width=\u00bb1\/2&#8243;][vc_column_text]<\/p>\n<h2 style=\"text-align: center;\"><i class=\"fas fa-bezier-curve\" style=\"color:#016DAD\" aria-hidden=\"true\"><\/i> Biomasa<\/h2>\n<p style=\"text-align: center;\">Instalaci\u00f3n de sistema de aprovechamiento de biomasa en formatos de le\u00f1a astilla o pellet con calderas, estufas, chimeneas, tanto para procesos industriales comerciales como dom\u00e9sticos.<\/p>\n<p>[\/vc_column_text][\/vc_column_inner][vc_column_inner width=\u00bb1\/2&#8243;][vc_single_image image=\u00bb319&#8243; img_size=\u00bblarge\u00bb alignment=\u00bbcenter\u00bb style=\u00bbvc_box_border_circle_2&#8243;][\/vc_column_inner][\/vc_row_inner][\/vc_column][\/vc_row][\/vc_section][vc_section full_width=\u00bbstretch_row_content\u00bb css=\u00bb.vc_custom_1653903886919{background-image: url(https:\/\/imarsl.com\/wp-content\/uploads\/2022\/04\/home-IMAR-3.jpg?id=67) !important;background-position: center !important;background-repeat: no-repeat !important;background-size: cover !important;}\u00bb][vc_row][vc_column][vc_empty_space height=\u00bb50px\u00bb][\/vc_column][\/vc_row][vc_row][vc_column width=\u00bb1\/2&#8243;][vc_column_text]<\/p>\n<h2 style=\"text-align: center;\"><span style=\"color: #fa7226;\"><strong>\u00bfC\u00f3mo podemos ayudarte?<\/strong><\/span><\/h2>\n<p>[\/vc_column_text][vc_column_text]<\/p>\n<h4 style=\"text-align: center;\">Contacta con nosotros si tienes dudas o necesitas un presupuesto.<\/h4>\n<p>[\/vc_column_text][vc_btn title=\u00bb<b>CONT\u00c1CTANOS SIN COMPROMISO<\/b>\u00bb style=\u00bbflat\u00bb shape=\u00bbround\u00bb color=\u00bbwarning\u00bb size=\u00bblg\u00bb align=\u00bbcenter\u00bb i_align=\u00bbright\u00bb i_icon_fontawesome=\u00bbfas fa-arrow-circle-right\u00bb css_animation=\u00bbfadeInRightBig\u00bb add_icon=\u00bbtrue\u00bb link=\u00bburl:https%3A%2F%2Fimarsl.com%2Fcontacte-imar%2F|title:CONTACTO%20IMAR|\u00bb][\/vc_column][vc_column width=\u00bb1\/2&#8243;][\/vc_column][\/vc_row][vc_row][vc_column][vc_empty_space height=\u00bb50px\u00bb][\/vc_column][\/vc_row][\/vc_section]<\/p>\n","protected":false},"excerpt":{"rendered":"<p>[vc_row full_width=\u00bbstretch_row_content\u00bb equal_height=\u00bbyes\u00bb content_placement=\u00bbmiddle\u00bb css=\u00bb.vc_custom_1653903870070{background-image: url(https:\/\/imarsl.com\/wp-content\/uploads\/2022\/05\/ENERGIES-RENOVABLES-area-1.jpg?id=290) !important;background-position: center !important;background-repeat: no-repeat !important;background-size: cover !important;}\u00bb][vc_column width=\u00bb1\/2&#8243; offset=\u00bbvc_hidden-sm vc_hidden-xs\u00bb][vc_row_inner][vc_column_inner][vc_empty_space height=\u00bb100px\u00bb][\/vc_column_inner][\/vc_row_inner][\/vc_column][vc_column width=\u00bb1\/2&#8243; offset=\u00bbvc_hidden-sm vc_hidden-xs\u00bb][vc_empty_space height=\u00bb100px\u00bb][vc_column_text] El presente son las energ\u00edas<span class=\"excerpt-hellip\"> [\u2026]<\/span><\/p>\n","protected":false},"author":3,"featured_media":646,"parent":0,"menu_order":0,"comment_status":"closed","ping_status":"closed","template":"","meta":{"footnotes":""},"class_list":["post-753","page","type-page","status-publish","has-post-thumbnail","hentry"],"_links":{"self":[{"href":"https:\/\/imarsl.com\/es\/wp-json\/wp\/v2\/pages\/753"}],"collection":[{"href":"https:\/\/imarsl.com\/es\/wp-json\/wp\/v2\/pages"}],"about":[{"href":"https:\/\/imarsl.com\/es\/wp-json\/wp\/v2\/types\/page"}],"author":[{"embeddable":true,"href":"https:\/\/imarsl.com\/es\/wp-json\/wp\/v2\/users\/3"}],"replies":[{"embeddable":true,"href":"https:\/\/imarsl.com\/es\/wp-json\/wp\/v2\/comments?post=753"}],"version-history":[{"count":6,"href":"https:\/\/imarsl.com\/es\/wp-json\/wp\/v2\/pages\/753\/revisions"}],"predecessor-version":[{"id":1021,"href":"https:\/\/imarsl.com\/es\/wp-json\/wp\/v2\/pages\/753\/revisions\/1021"}],"wp:featuredmedia":[{"embeddable":true,"href":"https:\/\/imarsl.com\/es\/wp-json\/wp\/v2\/media\/646"}],"wp:attachment":[{"href":"https:\/\/imarsl.com\/es\/wp-json\/wp\/v2\/media?parent=753"}],"curies":[{"name":"wp","href":"https:\/\/api.w.org\/{rel}","templated":true}]}}