{"id":747,"date":"2022-05-24T09:42:11","date_gmt":"2022-05-24T09:42:11","guid":{"rendered":"https:\/\/imarsl.com\/domestico\/"},"modified":"2022-07-06T14:55:26","modified_gmt":"2022-07-06T14:55:26","slug":"domestico","status":"publish","type":"page","link":"https:\/\/imarsl.com\/es\/domestico\/","title":{"rendered":"DOM\u00c9STICO"},"content":{"rendered":"<p>[vc_row full_width=\u00bbstretch_row_content\u00bb equal_height=\u00bbyes\u00bb content_placement=\u00bbmiddle\u00bb css=\u00bb.vc_custom_1653903806383{background-image: url(https:\/\/imarsl.com\/wp-content\/uploads\/2022\/04\/home-llar.jpg?id=52) !important;background-position: center !important;background-repeat: no-repeat !important;background-size: cover !important;}\u00bb][vc_column width=\u00bb1\/2&#8243; offset=\u00bbvc_hidden-sm vc_hidden-xs\u00bb][vc_empty_space height=\u00bb100px\u00bb][\/vc_column][vc_column width=\u00bb1\/2&#8243; offset=\u00bbvc_hidden-sm vc_hidden-xs\u00bb][vc_row_inner][vc_column_inner][vc_empty_space height=\u00bb100px\u00bb][\/vc_column_inner][\/vc_row_inner][vc_column_text]<\/p>\n<h1 style=\"text-align: center;\"><span style=\"color: #fa7226;\">Haz de tu casa el lugar perfecto para vivir.<\/span><\/h1>\n<p>[\/vc_column_text][vc_column_text]<\/p>\n<h3 style=\"text-align: center;\"><strong>Sabemos que un hogar confortable es mucho m\u00e1s que un buen sof\u00e1.<\/strong><\/h3>\n<h3 style=\"text-align: center;\"><strong>Un hogar confortable es un hogar eficiente y seguro energ\u00e9ticamente.<\/strong><\/h3>\n<p>[\/vc_column_text][vc_empty_space height=\u00bb100px\u00bb][\/vc_column][\/vc_row][vc_row full_width=\u00bbstretch_row_content\u00bb content_placement=\u00bbmiddle\u00bb css=\u00bb.vc_custom_1655201791262{background-image: url(https:\/\/imarsl.com\/wp-content\/uploads\/2022\/04\/home-llar.jpg?id=52) !important;background-position: center !important;background-repeat: no-repeat !important;background-size: cover !important;}\u00bb][vc_column offset=\u00bbvc_hidden-lg vc_hidden-md\u00bb][vc_empty_space height=\u00bb50px\u00bb][vc_column_text]<\/p>\n<h1 style=\"text-align: center;\"><span style=\"color: #fa7226;\">Haz de tu casa el lugar perfecto para vivir.<\/span><\/h1>\n<p>[\/vc_column_text][vc_column_text]<\/p>\n<h3 style=\"text-align: center;\"><strong>Sabemos que un hogar confortable es mucho m\u00e1s que un buen sof\u00e1.<\/strong><\/h3>\n<h3 style=\"text-align: center;\"><strong>Un hogar confortable es un hogar eficiente y seguro energ\u00e9ticamente.<\/strong><\/h3>\n<p>[\/vc_column_text][vc_empty_space height=\u00bb50px\u00bb][\/vc_column][\/vc_row][vc_row full_width=\u00bbstretch_row_content\u00bb equal_height=\u00bbyes\u00bb content_placement=\u00bbmiddle\u00bb el_class=\u00bbno-padding-horizontal\u00bb css=\u00bb.vc_custom_1653640822884{padding-top: 0px !important;padding-bottom: 0px !important;}\u00bb][vc_column width=\u00bb1\/2&#8243; css=\u00bb.vc_custom_1653045476008{background-color: #fa7226 !important;}\u00bb][vc_column_text css=\u00bb.vc_custom_1653401654464{padding-right: 25px !important;padding-left: 25px !important;}\u00bb]<\/p>\n<h2 style=\"text-align: center;\"><strong><span style=\"color: #ffffff;\">IMAR te ofrece soluciones a medida.<\/span><\/strong><\/h2>\n<h3 style=\"text-align: center;\"><strong><span style=\"color: #ffffff;\">Recuerda que por peque\u00f1o que sea tu proyecto, para nosotros es muy importante.<\/span><\/strong><\/h3>\n<p>[\/vc_column_text][\/vc_column][vc_column css_animation=\u00bbfadeInLeftBig\u00bb width=\u00bb1\/2&#8243; css=\u00bb.vc_custom_1657119300748{background-color: #ffffff !important;}\u00bb][vc_empty_space height=\u00bb25px\u00bb][vc_column_text css=\u00bb.vc_custom_1654251760241{padding-left: 25px !important;}\u00bb]<\/p>\n<h4><i class=\"fas fa-arrow-circle-right\" style=\"color:#FA7226\" aria-hidden=\"true\"><\/i> <a href=\"#el%C3%A8ctriques\">Instalaciones el\u00e9ctricas<\/a><\/h4>\n<h4><i class=\"fas fa-arrow-circle-right\" style=\"color:#FA7226\" aria-hidden=\"true\"><\/i> <a href=\"#fontaneria\">Fontaner\u00eda<\/a><\/h4>\n<h4><i class=\"fas fa-arrow-circle-right\" style=\"color:#FA7226\" aria-hidden=\"true\"><\/i> <a href=\"#calefaccio\">Calefacci\u00f3n y suelo radiante<\/a><\/h4>\n<h4><i class=\"fas fa-arrow-circle-right\" style=\"color:#FA7226\" aria-hidden=\"true\"><\/i> <a href=\"#Climatitzaci%C3%B3\">Climatizaci\u00f3n (aire acondicionado y calefacci\u00f3n)<\/a><\/h4>\n<h4><i class=\"fas fa-arrow-circle-right\" style=\"color:#FA7226\" aria-hidden=\"true\"><\/i> <a href=\"#gas\">Gas<\/a><\/h4>\n<h4><i class=\"fas fa-arrow-circle-right\" style=\"color:#FA7226\" aria-hidden=\"true\"><\/i> <a href=\"#Reg\">Riego de jardines<\/a><\/h4>\n<h4><i class=\"fas fa-arrow-circle-right\" style=\"color:#FA7226\" aria-hidden=\"true\"><\/i> <a href=\"#telecomunicacions\">Instalaciones de telecomunicaciones<\/a><\/h4>\n<h4><i class=\"fas fa-arrow-circle-right\" style=\"color:#FA7226\" aria-hidden=\"true\"><\/i> <a href=\"#domotica\">Dom\u00f3tica<\/a><\/h4>\n<p>[\/vc_column_text][vc_empty_space height=\u00bb25px\u00bb][\/vc_column][\/vc_row][vc_section full_width=\u00bbstretch_row\u00bb parallax=\u00bbcontent-moving-fade\u00bb parallax_image=\u00bb281&#8243;][vc_row][vc_column][vc_empty_space height=\u00bb15px\u00bb][vc_row_inner content_placement=\u00bbmiddle\u00bb el_id=\u00bbel\u00e8ctriques\u00bb][vc_column_inner width=\u00bb1\/2&#8243;][vc_column_text]<\/p>\n<h2 style=\"text-align: center;\"><i class=\"fas fa-plug\" style=\"color:#FA7226\" aria-hidden=\"true\"><\/i> Instalaciones el\u00e9ctricas<\/h2>\n<p style=\"text-align: center;\">Nos encargamos del dise\u00f1o, c\u00e1lculo y montaje de todo tipo de instalaciones el\u00e9ctricas de Baja Tensi\u00f3n.<\/p>\n<p>[\/vc_column_text][\/vc_column_inner][vc_column_inner width=\u00bb1\/2&#8243;][vc_single_image image=\u00bb207&#8243; img_size=\u00bblarge\u00bb alignment=\u00bbcenter\u00bb style=\u00bbvc_box_border_circle_2&#8243;][\/vc_column_inner][\/vc_row_inner][vc_row_inner content_placement=\u00bbmiddle\u00bb el_id=\u00bbfontaneria\u00bb][vc_column_inner width=\u00bb1\/2&#8243; offset=\u00bbvc_hidden-xs\u00bb][vc_single_image image=\u00bb269&#8243; img_size=\u00bblarge\u00bb alignment=\u00bbcenter\u00bb style=\u00bbvc_box_border_circle_2&#8243;][\/vc_column_inner][vc_column_inner width=\u00bb1\/2&#8243; offset=\u00bbvc_hidden-xs\u00bb][vc_column_text]<\/p>\n<h2 style=\"text-align: center;\"><i class=\"fas fa-shower\" style=\"color:#FA7226\" aria-hidden=\"true\"><\/i> Fontaner\u00eda<\/h2>\n<p style=\"text-align: center;\">Tanto si necesitas renovar como crear toda la red de fontaner\u00eda, nos hacemos cargo de las redes de distribuci\u00f3n de agua fr\u00eda o caliente. Tambi\u00e9n de los filtros purificadores por \u00f3smosis, bombas de cloro, descalcificador o filtros. Adem\u00e1s, nos responsabilizamos de las reparaciones de fontaner\u00eda, ya sean aver\u00edas como grandes proyectos.<\/p>\n<p>[\/vc_column_text][\/vc_column_inner][\/vc_row_inner][vc_row_inner content_placement=\u00bbmiddle\u00bb el_id=\u00bbfontaneria\u00bb][vc_column_inner width=\u00bb1\/2&#8243; offset=\u00bbvc_hidden-lg vc_hidden-md vc_hidden-sm\u00bb][vc_column_text]<\/p>\n<h2 style=\"text-align: center;\"><i class=\"fas fa-shower\" style=\"color:#FA7226\" aria-hidden=\"true\"><\/i> Fontaner\u00eda<\/h2>\n<p style=\"text-align: center;\">Tanto si necesitas renovar como crear toda la red de fontaner\u00eda, nos hacemos cargo de las redes de distribuci\u00f3n de agua fr\u00eda o caliente. Tambi\u00e9n de los filtros purificadores por \u00f3smosis, bombas de cloro, descalcificador o filtros. Adem\u00e1s, nos responsabilizamos de las reparaciones de fontaner\u00eda, ya sean aver\u00edas como grandes proyectos.<\/p>\n<p>[\/vc_column_text][\/vc_column_inner][vc_column_inner width=\u00bb1\/2&#8243; offset=\u00bbvc_hidden-lg vc_hidden-md vc_hidden-sm\u00bb][vc_single_image image=\u00bb269&#8243; img_size=\u00bblarge\u00bb alignment=\u00bbcenter\u00bb style=\u00bbvc_box_border_circle_2&#8243;][\/vc_column_inner][\/vc_row_inner][vc_row_inner content_placement=\u00bbmiddle\u00bb el_id=\u00bbcalefaccio\u00bb][vc_column_inner width=\u00bb1\/2&#8243;][vc_column_text]<\/p>\n<h2 style=\"text-align: center;\"><i class=\"fas fa-hot-tub\" style=\"color:#FA7226\" aria-hidden=\"true\"><\/i> Calefacci\u00f3n y suelo radiante<\/h2>\n<p style=\"text-align: center;\">La forma m\u00e1s eficiente y econ\u00f3mica para calentar un hogar es mediante suelo radiante. Somos especialistas en suelos radiantes con instalaciones en funcionamiento desde el a\u00f1o 1981. Te resolveremos cualquier problema de su calefacci\u00f3n de gasoil, gas o el\u00e9ctrica.<\/p>\n<p style=\"text-align: center;\">Adem\u00e1s trabajamos con energ\u00edas renovables combinadas de gas\/renovable, el\u00e9ctrico\/renovable y biomasa consiguiendo reducir la contaminaci\u00f3n y mejorando el ahorro de tu factura energ\u00e9tica. Nos hacemos cargo del mantenimiento y limpiezas peri\u00f3dicas que garantizan el buen funcionamiento de la calefacci\u00f3n de tu hogar u oficina.<\/p>\n<p>[\/vc_column_text][\/vc_column_inner][vc_column_inner width=\u00bb1\/2&#8243;][vc_single_image image=\u00bb270&#8243; img_size=\u00bblarge\u00bb alignment=\u00bbcenter\u00bb style=\u00bbvc_box_border_circle_2&#8243;][\/vc_column_inner][\/vc_row_inner][vc_row_inner content_placement=\u00bbmiddle\u00bb el_id=\u00bbClimatitzaci\u00f3\u00bb][vc_column_inner width=\u00bb1\/2&#8243; offset=\u00bbvc_hidden-xs\u00bb][vc_single_image image=\u00bb271&#8243; img_size=\u00bblarge\u00bb alignment=\u00bbcenter\u00bb style=\u00bbvc_box_border_circle_2&#8243;][\/vc_column_inner][vc_column_inner width=\u00bb1\/2&#8243; offset=\u00bbvc_hidden-xs\u00bb][vc_column_text]<\/p>\n<h2 style=\"text-align: center;\"><i class=\"fas fa-thermometer-half\" style=\"color:#FA7226\" aria-hidden=\"true\"><\/i> Climatizaci\u00f3n (aire acondicionado y calefacci\u00f3n)<\/h2>\n<p style=\"text-align: center;\">Si la mejor soluci\u00f3n para ti es la climatizaci\u00f3n de calefacci\u00f3n y aire acondicionado, nos hacemos cargo del estudio, instalaci\u00f3n, mantenimiento y limpiezas peri\u00f3dicas. Te garantizamos un buen funcionamiento en tu hogar, en la oficina, en locales comerciales e industriales.<\/p>\n<p>[\/vc_column_text][\/vc_column_inner][\/vc_row_inner][vc_row_inner content_placement=\u00bbmiddle\u00bb el_id=\u00bbClimatitzaci\u00f3\u00bb][vc_column_inner width=\u00bb1\/2&#8243; offset=\u00bbvc_hidden-lg vc_hidden-md vc_hidden-sm\u00bb][vc_column_text]<\/p>\n<h2 style=\"text-align: center;\"><i class=\"fas fa-thermometer-half\" style=\"color:#FA7226\" aria-hidden=\"true\"><\/i> Climatizaci\u00f3n (aire acondicionado y calefacci\u00f3n)<\/h2>\n<p style=\"text-align: center;\">Si la mejor soluci\u00f3n para ti es la climatizaci\u00f3n de calefacci\u00f3n y aire acondicionado, nos hacemos cargo del estudio, instalaci\u00f3n, mantenimiento y limpiezas peri\u00f3dicas. Te garantizamos un buen funcionamiento en tu hogar, en la oficina, en locales comerciales e industriales.<\/p>\n<p>[\/vc_column_text][\/vc_column_inner][vc_column_inner width=\u00bb1\/2&#8243; offset=\u00bbvc_hidden-lg vc_hidden-md vc_hidden-sm\u00bb][vc_single_image image=\u00bb271&#8243; img_size=\u00bblarge\u00bb alignment=\u00bbcenter\u00bb style=\u00bbvc_box_border_circle_2&#8243;][\/vc_column_inner][\/vc_row_inner][vc_row_inner content_placement=\u00bbmiddle\u00bb el_id=\u00bbgas\u00bb][vc_column_inner width=\u00bb1\/2&#8243;][vc_column_text]<\/p>\n<h2 style=\"text-align: center;\"><i class=\"fas fa-fire-alt\" style=\"color:#FA7226\" aria-hidden=\"true\"><\/i> Gas<\/h2>\n<p style=\"text-align: center;\">Instalamos calderas de gas, mostradores y otros aparatos de gas natural, propano y butano. Realizamos la instalaci\u00f3n m\u00e1s adecuada para tu espacio y mantenimiento, muy importante para obtener la m\u00e1xima eficacia y seguridad.<\/p>\n<p>[\/vc_column_text][\/vc_column_inner][vc_column_inner width=\u00bb1\/2&#8243;][vc_single_image image=\u00bb272&#8243; img_size=\u00bblarge\u00bb alignment=\u00bbcenter\u00bb style=\u00bbvc_box_border_circle_2&#8243;][\/vc_column_inner][\/vc_row_inner][vc_row_inner content_placement=\u00bbmiddle\u00bb el_id=\u00bbReg\u00bb][vc_column_inner width=\u00bb1\/2&#8243; offset=\u00bbvc_hidden-xs\u00bb][vc_single_image image=\u00bb273&#8243; img_size=\u00bblarge\u00bb alignment=\u00bbcenter\u00bb style=\u00bbvc_box_border_circle_2&#8243;][\/vc_column_inner][vc_column_inner width=\u00bb1\/2&#8243; offset=\u00bbvc_hidden-xs\u00bb][vc_column_text]<\/p>\n<h2 style=\"text-align: center;\"><i class=\"fas fa-seedling\" style=\"color:#FA7226\" aria-hidden=\"true\"><\/i> Riego de jardines<\/h2>\n<p style=\"text-align: center;\">Un bonito jard\u00edn es el que est\u00e1 bien cuidado. Te proponemos el dise\u00f1o y la instalaci\u00f3n de sistema de riego de tu jard\u00edn o terraza que mejor se adecue al espacio, optimizando el crecimiento y desarrollo de tus plantas aportando el agua necesaria y optimizando los recursos h\u00eddricos.<\/p>\n<p>[\/vc_column_text][\/vc_column_inner][\/vc_row_inner][vc_row_inner content_placement=\u00bbmiddle\u00bb el_id=\u00bbReg\u00bb][vc_column_inner width=\u00bb1\/2&#8243; offset=\u00bbvc_hidden-lg vc_hidden-md vc_hidden-sm\u00bb][vc_column_text]<\/p>\n<h2 style=\"text-align: center;\"><i class=\"fas fa-seedling\" style=\"color:#FA7226\" aria-hidden=\"true\"><\/i> Riego de jardines<\/h2>\n<p style=\"text-align: center;\">Un bonito jard\u00edn es el que est\u00e1 bien cuidado. Te proponemos el dise\u00f1o y la instalaci\u00f3n de sistema de riego de tu jard\u00edn o terraza que mejor se adecue al espacio, optimizando el crecimiento y desarrollo de tus plantas aportando el agua necesaria y optimizando los recursos h\u00eddricos.<\/p>\n<p>[\/vc_column_text][\/vc_column_inner][vc_column_inner width=\u00bb1\/2&#8243; offset=\u00bbvc_hidden-lg vc_hidden-md vc_hidden-sm\u00bb][vc_single_image image=\u00bb273&#8243; img_size=\u00bblarge\u00bb alignment=\u00bbcenter\u00bb style=\u00bbvc_box_border_circle_2&#8243;][\/vc_column_inner][\/vc_row_inner][vc_row_inner content_placement=\u00bbmiddle\u00bb el_id=\u00bbtelecomunicacions\u00bb][vc_column_inner width=\u00bb1\/2&#8243;][vc_column_text]<\/p>\n<h2 style=\"text-align: center;\"><i class=\"fas fa-wifi\" style=\"color:#FA7226\" aria-hidden=\"true\"><\/i> Instalaciones de telecomunicaciones<\/h2>\n<p style=\"text-align: center;\">Realizamos proyectos de telecomunicaciones en casas, pisos, bloques de edificios o cualquier otro espacio: instalaciones de TDT, tel\u00e9fono, redes UTP, wifi para inform\u00e1tica, porteros autom\u00e1ticos, videoporteros.<\/p>\n<p>[\/vc_column_text][\/vc_column_inner][vc_column_inner width=\u00bb1\/2&#8243;][vc_single_image image=\u00bb274&#8243; img_size=\u00bblarge\u00bb alignment=\u00bbcenter\u00bb style=\u00bbvc_box_border_circle_2&#8243;][\/vc_column_inner][\/vc_row_inner][vc_row_inner content_placement=\u00bbmiddle\u00bb el_id=\u00bbdomotica\u00bb][vc_column_inner width=\u00bb1\/2&#8243; offset=\u00bbvc_hidden-xs\u00bb][vc_single_image image=\u00bb275&#8243; img_size=\u00bblarge\u00bb alignment=\u00bbcenter\u00bb style=\u00bbvc_box_border_circle_2&#8243;][\/vc_column_inner][vc_column_inner width=\u00bb1\/2&#8243; offset=\u00bbvc_hidden-xs\u00bb][vc_column_text]<\/p>\n<h2 style=\"text-align: center;\"><i class=\"fas fa-mobile-alt\" style=\"color:#FA7226\" aria-hidden=\"true\"><\/i> Dom\u00f3tica<\/h2>\n<p style=\"text-align: center;\">La dom\u00f3tica hace de tu casa un lugar m\u00e1s agradable y eficiente y aumenta su calidad. Si convive con una persona con movilidad reducida, hacer uso de la dom\u00f3tica puede ser una mejora en el d\u00eda a d\u00eda.<\/p>\n<p style=\"text-align: center;\">Nos encargamos del proyecto y de las instalaciones para crear casas inteligentes, centralizaci\u00f3n de persianas, aprovechamiento de la luz solar, encendido de luces autom\u00e1ticas, alarmas de gas, agua y humo.<\/p>\n<p>[\/vc_column_text][\/vc_column_inner][\/vc_row_inner][vc_row_inner content_placement=\u00bbmiddle\u00bb el_id=\u00bbdomotica\u00bb][vc_column_inner width=\u00bb1\/2&#8243; offset=\u00bbvc_hidden-lg vc_hidden-md vc_hidden-sm\u00bb][vc_column_text]<\/p>\n<h2 style=\"text-align: center;\"><i class=\"fas fa-mobile-alt\" style=\"color:#FA7226\" aria-hidden=\"true\"><\/i> Dom\u00f3tica<\/h2>\n<p style=\"text-align: center;\">La dom\u00f3tica hace de tu casa un lugar m\u00e1s agradable y eficiente y aumenta su calidad. Si convive con una persona con movilidad reducida, hacer uso de la dom\u00f3tica puede ser una mejora en el d\u00eda a d\u00eda.<\/p>\n<p style=\"text-align: center;\">Nos encargamos del proyecto y de las instalaciones para crear casas inteligentes, centralizaci\u00f3n de persianas, aprovechamiento de la luz solar, encendido de luces autom\u00e1ticas, alarmas de gas, agua y humo.<\/p>\n<p>[\/vc_column_text][\/vc_column_inner][vc_column_inner width=\u00bb1\/2&#8243; offset=\u00bbvc_hidden-lg vc_hidden-md vc_hidden-sm\u00bb][vc_single_image image=\u00bb275&#8243; img_size=\u00bblarge\u00bb alignment=\u00bbcenter\u00bb style=\u00bbvc_box_border_circle_2&#8243;][\/vc_column_inner][\/vc_row_inner][\/vc_column][\/vc_row][\/vc_section][vc_row full_width=\u00bbstretch_row_content\u00bb css=\u00bb.vc_custom_1653903834450{background: #fa7226 url(https:\/\/imarsl.com\/wp-content\/uploads\/2022\/05\/ENERGIES-RENOVABLES-area-1.jpg?id=290) !important;background-position: center !important;background-repeat: no-repeat !important;background-size: cover !important;}\u00bb][vc_column width=\u00bb1\/2&#8243;][\/vc_column][vc_column width=\u00bb1\/2&#8243;][vc_empty_space height=\u00bb50px\u00bb][vc_column_text]<\/p>\n<h2 style=\"text-align: center;\"><span style=\"color: #fa7226;\"><strong>Las energ\u00edas renovables son el presente y el futuro<\/strong><\/span><\/h2>\n<p>[\/vc_column_text][vc_column_text]<\/p>\n<h4 style=\"text-align: center;\">Utiliza herramientas y soluciones inteligentes para disminuir su consumo.<\/h4>\n<h4 style=\"text-align: center;\">Aplica acciones responsables por mejorar la sociedad.<\/h4>\n<h4 style=\"text-align: center;\">Aumenta el valor de tu empresa o casa.<\/h4>\n<p>[\/vc_column_text][vc_btn title=\u00bb<b>ACT\u00daA POR LA ENERG\u00cdA LIMPIA<\/b>\u00bb style=\u00bbflat\u00bb shape=\u00bbround\u00bb color=\u00bbwarning\u00bb size=\u00bblg\u00bb align=\u00bbcenter\u00bb i_align=\u00bbright\u00bb i_icon_fontawesome=\u00bbfas fa-arrow-circle-right\u00bb css_animation=\u00bbfadeInLeftBig\u00bb add_icon=\u00bbtrue\u00bb link=\u00bburl:https%3A%2F%2Fimarsl.com%2Fes%2Fenergias-renovables%2F|title:ENERG%C3%8DAS%20RENOVABLES|\u00bb][vc_empty_space height=\u00bb50px\u00bb][\/vc_column][\/vc_row][vc_section full_width=\u00bbstretch_row_content\u00bb css=\u00bb.vc_custom_1653903830441{background-image: url(https:\/\/imarsl.com\/wp-content\/uploads\/2022\/04\/home-IMAR-3.jpg?id=67) !important;background-position: center !important;background-repeat: no-repeat !important;background-size: cover !important;}\u00bb][vc_row][vc_column][vc_empty_space height=\u00bb50px\u00bb][\/vc_column][\/vc_row][vc_row][vc_column width=\u00bb1\/2&#8243;][vc_column_text]<\/p>\n<h2 style=\"text-align: center;\"><span style=\"color: #016dad;\"><strong>\u00bfC\u00f3mo podemos ayudarte?<\/strong><\/span><\/h2>\n<p>[\/vc_column_text][vc_column_text]<\/p>\n<h4 style=\"text-align: center;\">Contacta con nosotros si tienes dudas o necesitas un presupuesto.<\/h4>\n<p>[\/vc_column_text][vc_btn title=\u00bb<b>CONT\u00c1CTANOS SIN COMPROMISO<\/b>\u00bb style=\u00bbflat\u00bb shape=\u00bbround\u00bb color=\u00bbprimary\u00bb size=\u00bblg\u00bb align=\u00bbcenter\u00bb i_align=\u00bbright\u00bb i_icon_fontawesome=\u00bbfas fa-arrow-circle-right\u00bb css_animation=\u00bbfadeInRightBig\u00bb add_icon=\u00bbtrue\u00bb link=\u00bburl:https%3A%2F%2Fimarsl.com%2Fcontacte-imar%2F|title:CONTACTO%20IMAR|\u00bb][\/vc_column][vc_column width=\u00bb1\/2&#8243;][\/vc_column][\/vc_row][vc_row][vc_column][vc_empty_space height=\u00bb50px\u00bb][\/vc_column][\/vc_row][\/vc_section]<\/p>\n","protected":false},"excerpt":{"rendered":"<p>[vc_row full_width=\u00bbstretch_row_content\u00bb equal_height=\u00bbyes\u00bb content_placement=\u00bbmiddle\u00bb css=\u00bb.vc_custom_1653903806383{background-image: url(https:\/\/imarsl.com\/wp-content\/uploads\/2022\/04\/home-llar.jpg?id=52) !important;background-position: center !important;background-repeat: no-repeat !important;background-size: cover !important;}\u00bb][vc_column width=\u00bb1\/2&#8243; offset=\u00bbvc_hidden-sm vc_hidden-xs\u00bb][vc_empty_space height=\u00bb100px\u00bb][\/vc_column][vc_column width=\u00bb1\/2&#8243; offset=\u00bbvc_hidden-sm vc_hidden-xs\u00bb][vc_row_inner][vc_column_inner][vc_empty_space height=\u00bb100px\u00bb][\/vc_column_inner][\/vc_row_inner][vc_column_text] Haz de tu casa el<span class=\"excerpt-hellip\"> [\u2026]<\/span><\/p>\n","protected":false},"author":3,"featured_media":646,"parent":0,"menu_order":0,"comment_status":"closed","ping_status":"closed","template":"","meta":{"footnotes":""},"class_list":["post-747","page","type-page","status-publish","has-post-thumbnail","hentry"],"_links":{"self":[{"href":"https:\/\/imarsl.com\/es\/wp-json\/wp\/v2\/pages\/747"}],"collection":[{"href":"https:\/\/imarsl.com\/es\/wp-json\/wp\/v2\/pages"}],"about":[{"href":"https:\/\/imarsl.com\/es\/wp-json\/wp\/v2\/types\/page"}],"author":[{"embeddable":true,"href":"https:\/\/imarsl.com\/es\/wp-json\/wp\/v2\/users\/3"}],"replies":[{"embeddable":true,"href":"https:\/\/imarsl.com\/es\/wp-json\/wp\/v2\/comments?post=747"}],"version-history":[{"count":18,"href":"https:\/\/imarsl.com\/es\/wp-json\/wp\/v2\/pages\/747\/revisions"}],"predecessor-version":[{"id":1011,"href":"https:\/\/imarsl.com\/es\/wp-json\/wp\/v2\/pages\/747\/revisions\/1011"}],"wp:featuredmedia":[{"embeddable":true,"href":"https:\/\/imarsl.com\/es\/wp-json\/wp\/v2\/media\/646"}],"wp:attachment":[{"href":"https:\/\/imarsl.com\/es\/wp-json\/wp\/v2\/media?parent=747"}],"curies":[{"name":"wp","href":"https:\/\/api.w.org\/{rel}","templated":true}]}}