{"id":665,"date":"2022-04-22T09:17:23","date_gmt":"2022-04-22T07:17:23","guid":{"rendered":"https:\/\/imarsl.com\/inici\/"},"modified":"2026-01-23T09:28:36","modified_gmt":"2026-01-23T08:28:36","slug":"inicio","status":"publish","type":"page","link":"https:\/\/imarsl.com\/es\/","title":{"rendered":"INICIO"},"content":{"rendered":"<p>[vc_section full_width=\u00bbstretch_row_content\u00bb content_placement=\u00bbmiddle\u00bb css=\u00bb.vc_custom_1653990307007{background-image: url(https:\/\/imarsl.com\/wp-content\/uploads\/2022\/04\/instalacions-imar2.jpg?id=15) !important;background-position: center !important;background-repeat: no-repeat !important;background-size: cover !important;}\u00bb][vc_row equal_height=\u00bbyes\u00bb content_placement=\u00bbmiddle\u00bb][vc_column width=\u00bb1\/3&#8243; offset=\u00bbvc_hidden-sm vc_hidden-xs\u00bb][vc_empty_space height=\u00bb400px\u00bb][\/vc_column][vc_column width=\u00bb2\/3&#8243; offset=\u00bbvc_hidden-sm vc_hidden-xs\u00bb][vc_empty_space height=\u00bb100px\u00bb][vc_column_text]<\/p>\n<h1 style=\"text-align: center;\"><span style=\"color: #ffffff;\">Ingenier\u00eda de instalaciones y eficiencia energ\u00e9tica para el hogar, la industria y el sector terciario<\/span><\/h1>\n<p>[\/vc_column_text][vc_btn title=\u00bb<b>ENERG\u00cdAS RENOVABLES<\/b>\u00bb style=\u00bbflat\u00bb shape=\u00bbround\u00bb color=\u00bbwarning\u00bb size=\u00bblg\u00bb align=\u00bbcenter\u00bb i_align=\u00bbright\u00bb i_icon_fontawesome=\u00bbfas fa-arrow-circle-right\u00bb css_animation=\u00bbfadeInRightBig\u00bb add_icon=\u00bbtrue\u00bb link=\u00bburl:https%3A%2F%2Fimarsl.com%2Fes%2Fenergias-renovables%2F|title:ENERG%C3%8DAS%20RENOVABLES|\u00bb][\/vc_column][\/vc_row][vc_row equal_height=\u00bbyes\u00bb content_placement=\u00bbmiddle\u00bb][vc_column offset=\u00bbvc_hidden-lg vc_hidden-md\u00bb][vc_empty_space height=\u00bb50px\u00bb][vc_column_text]<\/p>\n<h1 style=\"text-align: center;\"><span style=\"color: #ffffff;\">Ingenier\u00eda de instalaciones y eficiencia energ\u00e9tica para el hogar, la industria y el sector terciario<\/span><\/h1>\n<p>[\/vc_column_text][vc_btn title=\u00bb<b>ENERG\u00cdAS RENOVABLES<\/b>\u00bb style=\u00bbflat\u00bb shape=\u00bbround\u00bb color=\u00bbwarning\u00bb size=\u00bblg\u00bb align=\u00bbcenter\u00bb i_align=\u00bbright\u00bb i_icon_fontawesome=\u00bbfas fa-arrow-circle-right\u00bb css_animation=\u00bbfadeInRightBig\u00bb add_icon=\u00bbtrue\u00bb link=\u00bburl:https%3A%2F%2Fimarsl.com%2Fes%2Fenergias-renovables%2F|title:ENERG%C3%8DAS%20RENOVABLES|\u00bb][vc_empty_space height=\u00bb25px\u00bb][\/vc_column][\/vc_row][vc_row][vc_column offset=\u00bbvc_hidden-sm vc_hidden-xs\u00bb][vc_empty_space height=\u00bb20px\u00bb][vc_row_inner css=\u00bb.vc_custom_1656487526502{margin-right: 250px !important;margin-left: 250px !important;}\u00bb][vc_column_inner width=\u00bb1\/5&#8243;][vc_column_text]<\/p>\n<p style=\"text-align: center;\"><a class=\"content_link promo\" href=\"https:\/\/imarsl.com\/es\/domestic\/\"  ><span class=\"icon\"><i class=\"fas fa-home\" aria-hidden=\"true\"><\/i><\/span><\/a><\/p>\n<h4 style=\"text-align: center;\"><span style=\"color: #ffffff;\">Dom\u00e9stico<\/span><\/h4>\n<p>[\/vc_column_text][\/vc_column_inner][vc_column_inner width=\u00bb1\/5&#8243;][vc_column_text]<\/p>\n<p style=\"text-align: center;\">\u00a0<a class=\"content_link promo\" href=\"https:\/\/imarsl.com\/es\/industrial\/\"  ><span class=\"icon\"><i class=\"fas fa-city\" aria-hidden=\"true\"><\/i><\/span><\/a><\/p>\n<h4 style=\"text-align: center;\"><span style=\"color: #ffffff;\">Industria<\/span><\/h4>\n<p>[\/vc_column_text][\/vc_column_inner][vc_column_inner width=\u00bb1\/5&#8243;][vc_column_text]<\/p>\n<p style=\"text-align: center;\"><a class=\"content_link promo\" href=\"https:\/\/imarsl.com\/es\/energias-renovables\/\" target=\"_blank\" ><span class=\"icon\"><i class=\"fas fa-solar-panel\" aria-hidden=\"true\"><\/i><\/span><\/a><\/p>\n<h4 style=\"text-align: center;\"><span style=\"color: #ffffff;\">Energ\u00edas renovables<\/span><\/h4>\n<p>[\/vc_column_text][\/vc_column_inner][vc_column_inner width=\u00bb1\/5&#8243;][vc_column_text]<\/p>\n<p style=\"text-align: center;\"><a class=\"content_link promo\" href=\"https:\/\/imarsl.com\/es\/sector-terciario\/\" target=\"_blank\" ><span class=\"icon\"><i class=\"fas fa-hospital\" aria-hidden=\"true\"><\/i><\/span><\/a><\/p>\n<h4 style=\"text-align: center;\"><span style=\"color: #ffffff;\">Tercer Sector<\/span><\/h4>\n<p>[\/vc_column_text][\/vc_column_inner][vc_column_inner width=\u00bb1\/5&#8243;][vc_column_text]<\/p>\n<p style=\"text-align: center;\"><a class=\"content_link promo\" href=\"https:\/\/imarsl.com\/es\/punto-de-servicio-endesa\/\" target=\"_blank\" ><span class=\"icon\"><i class=\"fas fa-headset\" aria-hidden=\"true\"><\/i><\/span><\/a><\/p>\n<h4 style=\"text-align: center;\"><span style=\"color: #ffffff;\">Endesa<\/span><\/h4>\n<p>[\/vc_column_text][\/vc_column_inner][\/vc_row_inner][vc_empty_space height=\u00bb20px\u00bb][\/vc_column][\/vc_row][\/vc_section][vc_section full_width=\u00bbstretch_row_content\u00bb css=\u00bb.vc_custom_1653990328430{background-image: url(https:\/\/imarsl.com\/wp-content\/uploads\/2022\/04\/home-llar.jpg?id=52) !important;background-position: center !important;background-repeat: no-repeat !important;background-size: cover !important;}\u00bb][vc_row][vc_column][vc_empty_space height=\u00bb60px\u00bb][\/vc_column][\/vc_row][vc_row full_width=\u00bbstretch_row\u00bb equal_height=\u00bbyes\u00bb css=\u00bb.vc_custom_1650895710361{background-position: center !important;background-repeat: no-repeat !important;background-size: cover !important;}\u00bb][vc_column width=\u00bb1\/2&#8243;][\/vc_column][vc_column width=\u00bb1\/2&#8243; css=\u00bb.vc_custom_1650958325222{background-position: center !important;background-repeat: no-repeat !important;background-size: cover !important;}\u00bb][vc_column_text]<\/p>\n<h2 style=\"text-align: center;\"><span style=\"color: #fa7226;\"><strong>Comfort y eficiencia energ\u00e9tica en tu hogar.<\/strong><\/span><\/h2>\n<p>[\/vc_column_text][vc_column_text]<\/p>\n<h4 style=\"text-align: center;\">Mejora la calidad de vida de tu casa.<\/h4>\n<h4 style=\"text-align: center;\">Reduce el gasto y el consumo en combustibles f\u00f3siles.<\/h4>\n<h4 style=\"text-align: center;\">Contribuye al bienestar de las generaciones futuras.<\/h4>\n<p>[\/vc_column_text][vc_btn title=\u00bb<b>DESCUBRE LO QUE PODEMOS HACER POR TU CASA<\/b>\u00bb style=\u00bbflat\u00bb shape=\u00bbround\u00bb color=\u00bbwarning\u00bb size=\u00bblg\u00bb align=\u00bbcenter\u00bb i_align=\u00bbright\u00bb i_icon_fontawesome=\u00bbfas fa-arrow-circle-right\u00bb css_animation=\u00bbfadeInLeftBig\u00bb add_icon=\u00bbtrue\u00bb link=\u00bburl:https%3A%2F%2Fimarsl.com%2Fes%2Fdomestico%2F|title:DOM%C3%89STICO|\u00bb][vc_empty_space height=\u00bb10px\u00bb][\/vc_column][\/vc_row][\/vc_section][vc_section full_width=\u00bbstretch_row_content\u00bb css=\u00bb.vc_custom_1653990334365{background-image: url(https:\/\/imarsl.com\/wp-content\/uploads\/2022\/04\/HOME-ENERGIES-RENOVABLES.jpg?id=56) !important;background-position: center !important;background-repeat: no-repeat !important;background-size: cover !important;}\u00bb][vc_row][vc_column][vc_empty_space height=\u00bb60px\u00bb][\/vc_column][\/vc_row][vc_row full_width=\u00bbstretch_row\u00bb equal_height=\u00bbyes\u00bb css=\u00bb.vc_custom_1650895710361{background-position: center !important;background-repeat: no-repeat !important;background-size: cover !important;}\u00bb][vc_column width=\u00bb1\/2&#8243;][vc_column_text]<\/p>\n<h2 style=\"text-align: center;\"><span style=\"color: #016dad;\"><strong>Las energ\u00edas renovables son el presente y el futuro.<\/strong><\/span><\/h2>\n<p>[\/vc_column_text][vc_column_text]<\/p>\n<h4 style=\"text-align: center;\">Utiliza herramientas y soluciones inteligentes para disminuir su consumo.<\/h4>\n<h4 style=\"text-align: center;\">Aplica acciones responsables por mejorar la sociedad.<\/h4>\n<h4 style=\"text-align: center;\">Aumenta el valor de tu empresa o casa.<\/h4>\n<p>[\/vc_column_text][vc_btn title=\u00bb<b>ACT\u00daA POR LA ENERG\u00cdA LIMPIA<\/b>\u00bb style=\u00bbflat\u00bb shape=\u00bbround\u00bb color=\u00bbprimary\u00bb size=\u00bblg\u00bb align=\u00bbcenter\u00bb i_align=\u00bbright\u00bb i_icon_fontawesome=\u00bbfas fa-arrow-circle-right\u00bb css_animation=\u00bbfadeInRightBig\u00bb add_icon=\u00bbtrue\u00bb link=\u00bburl:https%3A%2F%2Fimarsl.com%2Fes%2Fenergias-renovables%2F|title:ENERG%C3%8DAS%20RENOVABLES|\u00bb][vc_empty_space height=\u00bb10px\u00bb][\/vc_column][vc_column width=\u00bb1\/2&#8243; css=\u00bb.vc_custom_1650958325222{background-position: center !important;background-repeat: no-repeat !important;background-size: cover !important;}\u00bb][\/vc_column][\/vc_row][\/vc_section][vc_section full_width=\u00bbstretch_row_content\u00bb css=\u00bb.vc_custom_1653990339157{background-image: url(https:\/\/imarsl.com\/wp-content\/uploads\/2022\/04\/home-FACTORY.jpg?id=57) !important;background-position: center !important;background-repeat: no-repeat !important;background-size: cover !important;}\u00bb][vc_row][vc_column][vc_empty_space height=\u00bb60px\u00bb][\/vc_column][\/vc_row][vc_row full_width=\u00bbstretch_row\u00bb equal_height=\u00bbyes\u00bb css=\u00bb.vc_custom_1650895710361{background-position: center !important;background-repeat: no-repeat !important;background-size: cover !important;}\u00bb][vc_column width=\u00bb1\/2&#8243;][\/vc_column][vc_column width=\u00bb1\/2&#8243; css=\u00bb.vc_custom_1650958325222{background-position: center !important;background-repeat: no-repeat !important;background-size: cover !important;}\u00bb][vc_column_text]<\/p>\n<h2 style=\"text-align: center;\"><span style=\"color: #fa7226;\"><strong>Ingenier\u00eda de instalaciones en la industria.<\/strong><\/span><\/h2>\n<p>[\/vc_column_text][vc_column_text]<\/p>\n<h4 style=\"text-align: center;\">Garantizando la seguridad y mantenimiento de los protocolos establecidos.<\/h4>\n<h4 style=\"text-align: center;\">Optimizando las necesidades en climatizaci\u00f3n, automatizaci\u00f3n y control industrial.<\/h4>\n<h4 style=\"text-align: center;\">Dise\u00f1ando, calculando y ejecutando instalaciones integrales.<\/h4>\n<p>[\/vc_column_text][vc_btn title=\u00bb<b>ACCEDE A TODAS LAS SOLUCIONES PARA LA INDUSTRIA<\/b>\u00bb style=\u00bbflat\u00bb shape=\u00bbround\u00bb color=\u00bbwarning\u00bb size=\u00bblg\u00bb align=\u00bbcenter\u00bb i_align=\u00bbright\u00bb i_icon_fontawesome=\u00bbfas fa-arrow-circle-right\u00bb css_animation=\u00bbfadeInLeftBig\u00bb add_icon=\u00bbtrue\u00bb link=\u00bburl:https%3A%2F%2Fimarsl.com%2Fes%2Findustrial%2F|title:SECTOR%20TERCIARIO|\u00bb][vc_empty_space height=\u00bb10px\u00bb][\/vc_column][\/vc_row][\/vc_section][vc_section full_width=\u00bbstretch_row_content\u00bb css=\u00bb.vc_custom_1653990344014{background-image: url(https:\/\/imarsl.com\/wp-content\/uploads\/2022\/04\/home-SECTOR-TERCIARI.jpg?id=59) !important;background-position: center !important;background-repeat: no-repeat !important;background-size: cover !important;}\u00bb][vc_row][vc_column][vc_empty_space height=\u00bb60px\u00bb][\/vc_column][\/vc_row][vc_row full_width=\u00bbstretch_row\u00bb equal_height=\u00bbyes\u00bb css=\u00bb.vc_custom_1650895710361{background-position: center !important;background-repeat: no-repeat !important;background-size: cover !important;}\u00bb][vc_column width=\u00bb1\/2&#8243;][vc_column_text]<\/p>\n<h2 style=\"text-align: center;\"><span style=\"color: #016dad;\"><strong>Si mejoramos la eficiencia de los edificios, mejoramos la vida de las personas.<\/strong><\/span><\/h2>\n<p>[\/vc_column_text][vc_column_text]<\/p>\n<h4 style=\"text-align: center;\">Participaci\u00f3n en todas las fases del proyecto.<\/h4>\n<h4 style=\"text-align: center;\">Contrataci\u00f3n de los especialistas m\u00e1s adecuados para cada plan de acci\u00f3n.<\/h4>\n<p>[\/vc_column_text][vc_btn title=\u00bb<b>MEJORA LA EFICIENCIA DEL SECTOR TERCIARIO<\/b>\u00bb style=\u00bbflat\u00bb shape=\u00bbround\u00bb color=\u00bbprimary\u00bb size=\u00bblg\u00bb align=\u00bbcenter\u00bb i_align=\u00bbright\u00bb i_icon_fontawesome=\u00bbfas fa-arrow-circle-right\u00bb css_animation=\u00bbfadeInRightBig\u00bb add_icon=\u00bbtrue\u00bb link=\u00bburl:https%3A%2F%2Fimarsl.com%2Fes%2Fsector-terciario%2F|title:SECTOR%20TERCIARIO|\u00bb][vc_empty_space height=\u00bb10px\u00bb][\/vc_column][vc_column width=\u00bb1\/2&#8243; css=\u00bb.vc_custom_1650958325222{background-position: center !important;background-repeat: no-repeat !important;background-size: cover !important;}\u00bb][\/vc_column][\/vc_row][\/vc_section][vc_section full_width=\u00bbstretch_row_content\u00bb css=\u00bb.vc_custom_1769156514127{background-image: url(https:\/\/imarsl.com\/wp-content\/uploads\/2026\/01\/home-imar-arbucies.png?id=1149) !important;background-position: center !important;background-repeat: no-repeat !important;background-size: cover !important;}\u00bb][vc_row][vc_column][vc_empty_space height=\u00bb120px\u00bb][\/vc_column][\/vc_row][vc_row full_width=\u00bbstretch_row\u00bb equal_height=\u00bbyes\u00bb css=\u00bb.vc_custom_1650895710361{background-position: center !important;background-repeat: no-repeat !important;background-size: cover !important;}\u00bb][vc_column width=\u00bb1\/2&#8243;][\/vc_column][vc_column width=\u00bb1\/2&#8243; css=\u00bb.vc_custom_1650958325222{background-position: center !important;background-repeat: no-repeat !important;background-size: cover !important;}\u00bb][vc_column_text]<\/p>\n<h2 style=\"text-align: center;\"><span style=\"color: #fa7226;\"><strong>Trabajamos para mejorar la eficiencia energ\u00e9tica y garantizar la seguridad de las instalaciones de nuestros clientes.<\/strong><\/span><\/h2>\n<p>[\/vc_column_text][vc_column_text]<\/p>\n<h4 style=\"text-align: center;\">Somos especialistas en la ingenier\u00eda de instalaciones integrales y energ\u00edas renovables.<\/h4>\n<h4 style=\"text-align: center;\">Por eso cada proyecto, grande o peque\u00f1o, lo tratamos como \u00fanico, trabajando para conseguir las mejores soluciones y la m\u00e1xima eficiencia.<\/h4>\n<p>[\/vc_column_text][vc_btn title=\u00bb<b>CONOCE M\u00c1S SOBRE IMAR<\/b>\u00bb style=\u00bbflat\u00bb shape=\u00bbround\u00bb color=\u00bbwarning\u00bb size=\u00bblg\u00bb align=\u00bbcenter\u00bb i_align=\u00bbright\u00bb i_icon_fontawesome=\u00bbfas fa-arrow-circle-right\u00bb css_animation=\u00bbfadeInRightBig\u00bb add_icon=\u00bbtrue\u00bb link=\u00bburl:https%3A%2F%2Fimarsl.com%2Fes%2Fcontacto-imar%2F|title:Conoce%20IMAR\u00bb][\/vc_column][\/vc_row][vc_row][vc_column][vc_empty_space height=\u00bb60px\u00bb][\/vc_column][\/vc_row][\/vc_section]<\/p>\n","protected":false},"excerpt":{"rendered":"<p>[vc_section full_width=\u00bbstretch_row_content\u00bb content_placement=\u00bbmiddle\u00bb css=\u00bb.vc_custom_1653990307007{background-image: url(https:\/\/imarsl.com\/wp-content\/uploads\/2022\/04\/instalacions-imar2.jpg?id=15) !important;background-position: center !important;background-repeat: no-repeat !important;background-size: cover !important;}\u00bb][vc_row equal_height=\u00bbyes\u00bb content_placement=\u00bbmiddle\u00bb][vc_column width=\u00bb1\/3&#8243; offset=\u00bbvc_hidden-sm vc_hidden-xs\u00bb][vc_empty_space height=\u00bb400px\u00bb][\/vc_column][vc_column width=\u00bb2\/3&#8243; offset=\u00bbvc_hidden-sm vc_hidden-xs\u00bb][vc_empty_space height=\u00bb100px\u00bb][vc_column_text] Ingenier\u00eda de instalaciones y<span class=\"excerpt-hellip\"> [\u2026]<\/span><\/p>\n","protected":false},"author":3,"featured_media":646,"parent":0,"menu_order":0,"comment_status":"closed","ping_status":"closed","template":"","meta":{"footnotes":""},"class_list":["post-665","page","type-page","status-publish","has-post-thumbnail","hentry"],"_links":{"self":[{"href":"https:\/\/imarsl.com\/es\/wp-json\/wp\/v2\/pages\/665"}],"collection":[{"href":"https:\/\/imarsl.com\/es\/wp-json\/wp\/v2\/pages"}],"about":[{"href":"https:\/\/imarsl.com\/es\/wp-json\/wp\/v2\/types\/page"}],"author":[{"embeddable":true,"href":"https:\/\/imarsl.com\/es\/wp-json\/wp\/v2\/users\/3"}],"replies":[{"embeddable":true,"href":"https:\/\/imarsl.com\/es\/wp-json\/wp\/v2\/comments?post=665"}],"version-history":[{"count":28,"href":"https:\/\/imarsl.com\/es\/wp-json\/wp\/v2\/pages\/665\/revisions"}],"predecessor-version":[{"id":1156,"href":"https:\/\/imarsl.com\/es\/wp-json\/wp\/v2\/pages\/665\/revisions\/1156"}],"wp:featuredmedia":[{"embeddable":true,"href":"https:\/\/imarsl.com\/es\/wp-json\/wp\/v2\/media\/646"}],"wp:attachment":[{"href":"https:\/\/imarsl.com\/es\/wp-json\/wp\/v2\/media?parent=665"}],"curies":[{"name":"wp","href":"https:\/\/api.w.org\/{rel}","templated":true}]}}